{"id":280,"date":"2009-02-09T10:09:04","date_gmt":"2009-02-09T09:09:04","guid":{"rendered":"http:\/\/beta.asoc-fulbright.es\/?page_id=280"},"modified":"2010-02-01T11:44:13","modified_gmt":"2010-02-01T10:44:13","slug":"tertulia-fulbright-%c2%bfen-el-siglo-xxi-nos-espera-un-orden-mundual-unipolar-o-multipolar","status":"publish","type":"page","link":"https:\/\/asoc-fulbright.es\/?page_id=280","title":{"rendered":"Tertulia Fulbright: \u00bfEn el siglo XXI nos espera un orden mundual unipolar o multipolar?"},"content":{"rendered":"<p>D. Emilio Lamo de Espinosa,<br \/>\nDirector del Real Instituto Elcano y Catedr\u00e1tico<br \/>\nde Sociologia en la Universidad Complutense de Madrid.<br \/>\nmartes 1 de julio 2003<\/p>\n<p>De la controversia suscitada por la decisi\u00f3n de Estados Unidos y Gran Breta\u00f1a de iniciar la guerra contra Irak sin la expl\u00edcita aprobaci\u00f3n del Consejo de Seguridad de las Naciones Unidas surge la pregunta de si en el futuro el gobierno de la unica superpotencia mundial piensa tomar decisiones de trascendencia internacional por su propia cuenta o en consenso con la comunidad de naciones.<\/p>\n<p>D Emilio Lamo de Espinosa es el Director del Real Instituto Elcano y Catedr\u00e1tico de Sociologia en la Universidad Complutense de Madrid. Es Doctor en Derecho (Universidad Complutense; 1973) y Doctor en sociologia (Universidad de California en Santa Barbara, 1977). Fue Director General de Universidades en el Ministerio de Educaci\u00f3n y Ciencia de 1982 a 1985. Desde 1992 hasta 2001 fue Director del Instituto Universitario Ortega y Gasset y Director del Centro Espa\u00f1ol de Relaciones Internacionales y Vicepresidente del Instituto de Estudios de Relaciones Internacionales y Politica Exterior.<\/p>\n<p>Despu\u00e9s, iremos a cenar al Cafe Hispano, como de costumbre.<\/p>\n","protected":false},"excerpt":{"rendered":"<p>D. Emilio Lamo de Espinosa, Director del Real Instituto Elcano y Catedr\u00e1tico de Sociologia en la Universidad Complutense de Madrid. martes 1 de julio 2003 De la controversia suscitada por la decisi\u00f3n de Estados Unidos y Gran Breta\u00f1a de iniciar la guerra contra Irak sin la expl\u00edcita aprobaci\u00f3n del Consejo de Seguridad de las Naciones [&hellip;]<\/p>\n","protected":false},"author":1,"featured_media":0,"parent":154,"menu_order":0,"comment_status":"open","ping_status":"open","template":"","meta":{"ngg_post_thumbnail":0,"footnotes":""},"class_list":["post-280","page","type-page","status-publish","hentry"],"_links":{"self":[{"href":"https:\/\/asoc-fulbright.es\/index.php?rest_route=\/wp\/v2\/pages\/280","targetHints":{"allow":["GET"]}}],"collection":[{"href":"https:\/\/asoc-fulbright.es\/index.php?rest_route=\/wp\/v2\/pages"}],"about":[{"href":"https:\/\/asoc-fulbright.es\/index.php?rest_route=\/wp\/v2\/types\/page"}],"author":[{"embeddable":true,"href":"https:\/\/asoc-fulbright.es\/index.php?rest_route=\/wp\/v2\/users\/1"}],"replies":[{"embeddable":true,"href":"https:\/\/asoc-fulbright.es\/index.php?rest_route=%2Fwp%2Fv2%2Fcomments&post=280"}],"version-history":[{"count":2,"href":"https:\/\/asoc-fulbright.es\/index.php?rest_route=\/wp\/v2\/pages\/280\/revisions"}],"predecessor-version":[{"id":1564,"href":"https:\/\/asoc-fulbright.es\/index.php?rest_route=\/wp\/v2\/pages\/280\/revisions\/1564"}],"up":[{"embeddable":true,"href":"https:\/\/asoc-fulbright.es\/index.php?rest_route=\/wp\/v2\/pages\/154"}],"wp:attachment":[{"href":"https:\/\/asoc-fulbright.es\/index.php?rest_route=%2Fwp%2Fv2%2Fmedia&parent=280"}],"curies":[{"name":"wp","href":"https:\/\/api.w.org\/{rel}","templated":true}]}}