{"id":276,"date":"2009-02-09T10:07:48","date_gmt":"2009-02-09T09:07:48","guid":{"rendered":"http:\/\/beta.asoc-fulbright.es\/?page_id=276"},"modified":"2010-02-01T11:43:05","modified_gmt":"2010-02-01T10:43:05","slug":"tertulia-fulbright-la-espana-plural-una-propuesta-para-el-mejor-funcionamiento-del-estado-de-las-autonomias","status":"publish","type":"page","link":"https:\/\/asoc-fulbright.es\/?page_id=276","title":{"rendered":"Tertulia Fulbright: La Espa\u00f1a plural: Una propuesta para el mejor funcionamiento del estado de las autonom\u00edas"},"content":{"rendered":"<p>D. Juan Fernando L\u00f3pez Aguilar,<br \/>\nCatedr\u00e1tico de Derecho Constitucional en la Universidad de las Palmas,<br \/>\ny Catedr\u00e1tico Jean Monnet de Derecho e Integraci\u00f3n Europea desde 1999<br \/>\nmartes 7 de octubre 2003<\/p>\n<p>El Sr. Lopez Aguilar es Catedr\u00e1tico de Derecho Constitucional en la Universidad de las Palmas, y Catedr\u00e1tico Jean Monnet de Derecho e Integraci\u00f3n Europea desde 1999. Ha trabajado como profesor invitado, y dictando cursos y seminarios especializados en diversas universidades de Europa, Am\u00e9rica, \u00c1frica y Asia. Es autor de numerosas monograf\u00edas sobre su especialidad, entre las que destacan: \u00abLa Oposici\u00f3n parlamentaria y el Orden constitucional\u00bb (1988), \u00abLa Justicia y sus problemas en la Constituci\u00f3n\u00bb (1996), \u00abEstado auton\u00f3mico y hechos diferenciales\u00bb (1998) y \u00abLo stato autonomico spagnolo\u00bb (Padova 1998).<\/p>\n<p>Entre los a\u00f1os 1990-1993 fue asesor parlamentario de los Ministros de Justicia Enrique M\u00fagica y Tomas de la Quadra-Salcedo. Desde 1993 hasta 1998 fue Director General del Gabinete del Ministro Jer\u00f3nimo Saavedra en los Ministerios de Administraciones P\u00fablicas y de Educaci\u00f3n y Ciencia. En 1999 fue coordinador de la oficina del candidato socialista a la Presidencia del Gobierno de Canarias, Jer\u00f3nimo Saavedra. En la actualidad es diputado nacional por las Palmas, y Secretario Federal de Libertades P\u00fablicas y desarrollo auton\u00f3mico del PSOE.<\/p>\n<p>Despu\u00e9s, iremos a cenar al Cafe Hispano, como de costumbre.<\/p>\n","protected":false},"excerpt":{"rendered":"<p>D. Juan Fernando L\u00f3pez Aguilar, Catedr\u00e1tico de Derecho Constitucional en la Universidad de las Palmas, y Catedr\u00e1tico Jean Monnet de Derecho e Integraci\u00f3n Europea desde 1999 martes 7 de octubre 2003 El Sr. Lopez Aguilar es Catedr\u00e1tico de Derecho Constitucional en la Universidad de las Palmas, y Catedr\u00e1tico Jean Monnet de Derecho e Integraci\u00f3n Europea [&hellip;]<\/p>\n","protected":false},"author":1,"featured_media":0,"parent":154,"menu_order":0,"comment_status":"open","ping_status":"open","template":"","meta":{"ngg_post_thumbnail":0,"footnotes":""},"class_list":["post-276","page","type-page","status-publish","hentry"],"_links":{"self":[{"href":"https:\/\/asoc-fulbright.es\/index.php?rest_route=\/wp\/v2\/pages\/276","targetHints":{"allow":["GET"]}}],"collection":[{"href":"https:\/\/asoc-fulbright.es\/index.php?rest_route=\/wp\/v2\/pages"}],"about":[{"href":"https:\/\/asoc-fulbright.es\/index.php?rest_route=\/wp\/v2\/types\/page"}],"author":[{"embeddable":true,"href":"https:\/\/asoc-fulbright.es\/index.php?rest_route=\/wp\/v2\/users\/1"}],"replies":[{"embeddable":true,"href":"https:\/\/asoc-fulbright.es\/index.php?rest_route=%2Fwp%2Fv2%2Fcomments&post=276"}],"version-history":[{"count":2,"href":"https:\/\/asoc-fulbright.es\/index.php?rest_route=\/wp\/v2\/pages\/276\/revisions"}],"predecessor-version":[{"id":1562,"href":"https:\/\/asoc-fulbright.es\/index.php?rest_route=\/wp\/v2\/pages\/276\/revisions\/1562"}],"up":[{"embeddable":true,"href":"https:\/\/asoc-fulbright.es\/index.php?rest_route=\/wp\/v2\/pages\/154"}],"wp:attachment":[{"href":"https:\/\/asoc-fulbright.es\/index.php?rest_route=%2Fwp%2Fv2%2Fmedia&parent=276"}],"curies":[{"name":"wp","href":"https:\/\/api.w.org\/{rel}","templated":true}]}}