{"id":274,"date":"2009-02-09T10:07:12","date_gmt":"2009-02-09T09:07:12","guid":{"rendered":"http:\/\/beta.asoc-fulbright.es\/?page_id=274"},"modified":"2010-02-01T11:42:37","modified_gmt":"2010-02-01T10:42:37","slug":"tertulia-fulbright-la-transicion-en-espana","status":"publish","type":"page","link":"https:\/\/asoc-fulbright.es\/?page_id=274","title":{"rendered":"Tertulia Fulbright: La transici\u00f3n en Espa\u00f1a"},"content":{"rendered":"<p>D. Jose Luis \u00c1lvarez \u00c1lvarez,<br \/>\nDoctor en Derecho y Notario de Madrid. Es cofundador de \u00abTacito\u00bb<br \/>\nen 1972 y fue Secretario General del Partido Popular fundado en 1976<br \/>\ny promotor de Union de Centro Democratico (UCD)<br \/>\nmartes 4 de noviembre 2003<\/p>\n<p>D Jose Luis Alvarez es Doctor en Derecho y Notario de Madrid. Es cofundador de \u00abTacito\u00bb en 1972 y fue Secretario General del Partido Popular fundado en 1976 y promotor de Union de Centro Democratico (UCD). Fue Alcalde de Madrid en 1978 y diputado del Congreso de 1979 a 1986. Fue nombrado Ministro de Transportes, Turismo y Telecomunicaciones en 1980 y Ministro de Agricultura, Pesca y Alimentacion en 1982. Es Academico de la Real Academia de Bellas Artes de San Fernando y lleva a cabo una intensa labor en pro de la defensa del Patrimonio Historico-Artistico espa\u00f1ol.<\/p>\n<p>Despu\u00e9s, iremos a cenar al Cafe Hispano, como de costumbre.<\/p>\n","protected":false},"excerpt":{"rendered":"<p>D. Jose Luis \u00c1lvarez \u00c1lvarez, Doctor en Derecho y Notario de Madrid. Es cofundador de \u00abTacito\u00bb en 1972 y fue Secretario General del Partido Popular fundado en 1976 y promotor de Union de Centro Democratico (UCD) martes 4 de noviembre 2003 D Jose Luis Alvarez es Doctor en Derecho y Notario de Madrid. Es cofundador [&hellip;]<\/p>\n","protected":false},"author":1,"featured_media":0,"parent":154,"menu_order":0,"comment_status":"open","ping_status":"open","template":"","meta":{"ngg_post_thumbnail":0,"footnotes":""},"class_list":["post-274","page","type-page","status-publish","hentry"],"_links":{"self":[{"href":"https:\/\/asoc-fulbright.es\/index.php?rest_route=\/wp\/v2\/pages\/274","targetHints":{"allow":["GET"]}}],"collection":[{"href":"https:\/\/asoc-fulbright.es\/index.php?rest_route=\/wp\/v2\/pages"}],"about":[{"href":"https:\/\/asoc-fulbright.es\/index.php?rest_route=\/wp\/v2\/types\/page"}],"author":[{"embeddable":true,"href":"https:\/\/asoc-fulbright.es\/index.php?rest_route=\/wp\/v2\/users\/1"}],"replies":[{"embeddable":true,"href":"https:\/\/asoc-fulbright.es\/index.php?rest_route=%2Fwp%2Fv2%2Fcomments&post=274"}],"version-history":[{"count":2,"href":"https:\/\/asoc-fulbright.es\/index.php?rest_route=\/wp\/v2\/pages\/274\/revisions"}],"predecessor-version":[{"id":1561,"href":"https:\/\/asoc-fulbright.es\/index.php?rest_route=\/wp\/v2\/pages\/274\/revisions\/1561"}],"up":[{"embeddable":true,"href":"https:\/\/asoc-fulbright.es\/index.php?rest_route=\/wp\/v2\/pages\/154"}],"wp:attachment":[{"href":"https:\/\/asoc-fulbright.es\/index.php?rest_route=%2Fwp%2Fv2%2Fmedia&parent=274"}],"curies":[{"name":"wp","href":"https:\/\/api.w.org\/{rel}","templated":true}]}}