{"id":271,"date":"2009-02-09T10:06:21","date_gmt":"2009-02-09T09:06:21","guid":{"rendered":"http:\/\/beta.asoc-fulbright.es\/?page_id=271"},"modified":"2010-02-01T11:42:07","modified_gmt":"2010-02-01T10:42:07","slug":"tertulia-fulbright-historias-de-las-telecomunicaciones-paralelismos-con-el-pasado","status":"publish","type":"page","link":"https:\/\/asoc-fulbright.es\/?page_id=271","title":{"rendered":"Tertulia Fulbright: Historias de las telecomunicaciones: paralelismos con el pasado"},"content":{"rendered":"<p>D. Jose de la Pe\u00f1a,<br \/>\nLicenciado en Ciencias Fisicas por la Universidad Complutense de Madrid,<br \/>\nha dedicado toda su vida profesional a las telecomunicaciones, en las<br \/>\n\u00e1reas tecnol\u00f3gicas, regulatorias, de gesti\u00f3n del conocimiento y de estrategia.<br \/>\nmartes 2 de diciembre 2003<\/p>\n<p>D Jose de la Pe\u00f1a es Licenciado en Ciencias Fisicas por la Universidad Complutense de Madrid, ha dedicado toda su vida profesional a las telecomunicaciones, en las \u00e1reas tecnol\u00f3gicas, regulatorias, de gesti\u00f3n del conocimiento y de estrategia. Es asimismo profesor a tiempo parcial en diversos cursos de especializaci\u00f3n de telecomunicaciones. Actualmente es Director de Estrategia de Negocio en Telefonica Moviles. Su interes por la Historia, como un modo de recomponer el sentido de la realidad presente, le ha llevado a la elaboracion del libro \u00abHistorias de las Telecomunicaciones\u00bb que nos descubre curiosas e inesperadas conexiones entre fenomenos de nuestro tiempo y situaciones del pasado.<\/p>\n<p>Despu\u00e9s, iremos a cenar al Cafe Hispano, como de costumbre.<\/p>\n","protected":false},"excerpt":{"rendered":"<p>D. Jose de la Pe\u00f1a, Licenciado en Ciencias Fisicas por la Universidad Complutense de Madrid, ha dedicado toda su vida profesional a las telecomunicaciones, en las \u00e1reas tecnol\u00f3gicas, regulatorias, de gesti\u00f3n del conocimiento y de estrategia. martes 2 de diciembre 2003 D Jose de la Pe\u00f1a es Licenciado en Ciencias Fisicas por la Universidad Complutense [&hellip;]<\/p>\n","protected":false},"author":1,"featured_media":0,"parent":154,"menu_order":0,"comment_status":"open","ping_status":"open","template":"","meta":{"ngg_post_thumbnail":0,"footnotes":""},"class_list":["post-271","page","type-page","status-publish","hentry"],"_links":{"self":[{"href":"https:\/\/asoc-fulbright.es\/index.php?rest_route=\/wp\/v2\/pages\/271","targetHints":{"allow":["GET"]}}],"collection":[{"href":"https:\/\/asoc-fulbright.es\/index.php?rest_route=\/wp\/v2\/pages"}],"about":[{"href":"https:\/\/asoc-fulbright.es\/index.php?rest_route=\/wp\/v2\/types\/page"}],"author":[{"embeddable":true,"href":"https:\/\/asoc-fulbright.es\/index.php?rest_route=\/wp\/v2\/users\/1"}],"replies":[{"embeddable":true,"href":"https:\/\/asoc-fulbright.es\/index.php?rest_route=%2Fwp%2Fv2%2Fcomments&post=271"}],"version-history":[{"count":3,"href":"https:\/\/asoc-fulbright.es\/index.php?rest_route=\/wp\/v2\/pages\/271\/revisions"}],"predecessor-version":[{"id":1560,"href":"https:\/\/asoc-fulbright.es\/index.php?rest_route=\/wp\/v2\/pages\/271\/revisions\/1560"}],"up":[{"embeddable":true,"href":"https:\/\/asoc-fulbright.es\/index.php?rest_route=\/wp\/v2\/pages\/154"}],"wp:attachment":[{"href":"https:\/\/asoc-fulbright.es\/index.php?rest_route=%2Fwp%2Fv2%2Fmedia&parent=271"}],"curies":[{"name":"wp","href":"https:\/\/api.w.org\/{rel}","templated":true}]}}