{"id":263,"date":"2009-02-09T10:01:47","date_gmt":"2009-02-09T09:01:47","guid":{"rendered":"http:\/\/beta.asoc-fulbright.es\/?page_id=263"},"modified":"2010-02-01T10:44:52","modified_gmt":"2010-02-01T09:44:52","slug":"tertulia-fulbright-astrobiologia-la-busqueda-cientifica-de-vida-en-el-universo","status":"publish","type":"page","link":"https:\/\/asoc-fulbright.es\/?page_id=263","title":{"rendered":"Tertulia Fulbright: Astrobiolog\u00eda: La b\u00fasqueda cient\u00edfica de vida en el Universo"},"content":{"rendered":"<p>D. Juan P\u00e9rez Mercader,<br \/>\nDirector del Centro de Astrobiologia de Madrid<br \/>\nmi\u00e9rcoles, 14 de abril de 2004<\/p>\n<p>Juan Perez Mercader es Director del Centro de Astrobiologia de Madrid desde abril de 2000. Es Doctor of Philosophy in Physics por el City College of New York. En 1975 consiguio una Beca Fulbright y se traslado a EEUU donde permanecio hasta finales de 1983, fecha en la que regreso a Espa\u00f1a para incorporarse al CSIC, donde presta sus servicios como Profesor de Investigacion. Desde 1989 es Laboratory Consultant de Los Alamos National Laboratory, en New Mexico, USA. En 1990 comenzo a colaborar con INTA, iniciando el Laboratorio de Astrofisica Espacial y Fisica Fundamental (LAEFF), en el cual presto servicio hasta 1999. En 1994 inicio el Departamento de Ciencias Basicas e Instrumentacion de INTA, del cual fue su Director hasta 1999. Es miembro de numerosas instituciones cientificas internacionales de reconocido prestigio. Ha recibido una gran cantidad de premios de investigacion.<\/p>\n<p>Su investigacion se centra fundamentalmente en la aplicacion de la Fisica Teorica al conocimiento del Universo, desde las escalas mas grandes a las mas peque\u00f1as y, especialmente, en la busqueda de Vida.<\/p>\n<p>Despu\u00e9s, iremos a cenar al Cafe Hispano, como de costumbre.<\/p>\n","protected":false},"excerpt":{"rendered":"<p>D. Juan P\u00e9rez Mercader, Director del Centro de Astrobiologia de Madrid mi\u00e9rcoles, 14 de abril de 2004 Juan Perez Mercader es Director del Centro de Astrobiologia de Madrid desde abril de 2000. Es Doctor of Philosophy in Physics por el City College of New York. En 1975 consiguio una Beca Fulbright y se traslado a [&hellip;]<\/p>\n","protected":false},"author":1,"featured_media":0,"parent":715,"menu_order":0,"comment_status":"open","ping_status":"open","template":"","meta":{"ngg_post_thumbnail":0,"footnotes":""},"class_list":["post-263","page","type-page","status-publish","hentry"],"_links":{"self":[{"href":"https:\/\/asoc-fulbright.es\/index.php?rest_route=\/wp\/v2\/pages\/263","targetHints":{"allow":["GET"]}}],"collection":[{"href":"https:\/\/asoc-fulbright.es\/index.php?rest_route=\/wp\/v2\/pages"}],"about":[{"href":"https:\/\/asoc-fulbright.es\/index.php?rest_route=\/wp\/v2\/types\/page"}],"author":[{"embeddable":true,"href":"https:\/\/asoc-fulbright.es\/index.php?rest_route=\/wp\/v2\/users\/1"}],"replies":[{"embeddable":true,"href":"https:\/\/asoc-fulbright.es\/index.php?rest_route=%2Fwp%2Fv2%2Fcomments&post=263"}],"version-history":[{"count":2,"href":"https:\/\/asoc-fulbright.es\/index.php?rest_route=\/wp\/v2\/pages\/263\/revisions"}],"predecessor-version":[{"id":1553,"href":"https:\/\/asoc-fulbright.es\/index.php?rest_route=\/wp\/v2\/pages\/263\/revisions\/1553"}],"up":[{"embeddable":true,"href":"https:\/\/asoc-fulbright.es\/index.php?rest_route=\/wp\/v2\/pages\/715"}],"wp:attachment":[{"href":"https:\/\/asoc-fulbright.es\/index.php?rest_route=%2Fwp%2Fv2%2Fmedia&parent=263"}],"curies":[{"name":"wp","href":"https:\/\/api.w.org\/{rel}","templated":true}]}}