{"id":261,"date":"2009-02-09T10:01:06","date_gmt":"2009-02-09T09:01:06","guid":{"rendered":"http:\/\/beta.asoc-fulbright.es\/?page_id=261"},"modified":"2010-02-01T10:44:20","modified_gmt":"2010-02-01T09:44:20","slug":"tertulia-fulbright-ashoka-emprendedores-sociales-innovacion-y-capital-riesgo-para-el-sector-social","status":"publish","type":"page","link":"https:\/\/asoc-fulbright.es\/?page_id=261","title":{"rendered":"Tertulia Fulbright: Ashoka, emprendedores sociales: innovaci\u00f3n y capital riesgo para el sector social"},"content":{"rendered":"<p>D\u00f1a. Mar\u00eda Zapata Ca\u00f1edo,<br \/>\nLicenciada en Empresariales y graduada del FinancialManagement Program<br \/>\nmartes, 4 de mayo de 2004<\/p>\n<p>Ashoka surge con este concepto totalmente pionero hace 23 a\u00f1os. Desdeentonces, ha ido consolidando la profesi\u00f3n de emprendedor social en el mundo y actualmente cuenta con una Red Mundial de m\u00e1s de 1,400emprendedores sociales en 45 pa\u00edses, trabajando en Educaci\u00f3n, MedioAmbiente, Salud, Acci\u00f3n Social, Derechos Humanos y Desarrollo Econ\u00f3mico.<\/p>\n<p>Los emprendedores sociales poseen la visi\u00f3n, la creatividad y determinaci\u00f3n tradicionalmente asociada a los emprendedores de negocios, pero est\u00e1n comprometidos a generar un cambio social significativo y duradero. \u00bfPueden los emprendedores sociales cambiar el mundo? \u00bfPor qu\u00e9 es importante la innovaci\u00f3n en el sector social?\u00bfPor qu\u00e9 cada vez m\u00e1s escuelas de negocios y universidades incluyen Social Entrepreneurship en sus programas educativos? \u00bfC\u00f3mo se identifica un emprendedor social?<\/p>\n<p>Ashoka Espa\u00f1a est\u00e1 actualmente buscando los fondos necesarios para apoyar a emprendedores sociales espa\u00f1oles a lanzar sus ideas innovadoras, para conseguir importantes avances en la resoluci\u00f3n de algunos de los principales retos que vive nuestra sociedad como la inmigraci\u00f3n, la violencia dom\u00e9stica, la educaci\u00f3n.<\/p>\n<p>Maria Zapata se uni\u00f3 a Ashoka en Octubre del 2001, despu\u00e9s de trabajar 8 a\u00f1os en General Electric en varios pa\u00edses como M\u00e9xico, EEUU, Inglaterra y Espa\u00f1a, desempe\u00f1ando distintos puestos en Six Sigma, Finanzas, Ventas, Integraci\u00f3n de Adquisiciones, etc. Fue miembro del Consejo de GE Elfun (Asociaci\u00f3n de Voluntarios de GE) y GE Fund M\u00e9xico y Directora Regional para Am\u00e9rica Latina de GE Women&#8217;s Network. Es licenciada en Empresariales y graduada del Financial Management Program (programa corporativo en finanzas de GE).<\/p>\n<p>Articulo sobre Ashoka<\/p>\n<p>Despu\u00e9s, iremos a cenar al Cafe Hispano, como de costumbre.<\/p>\n","protected":false},"excerpt":{"rendered":"<p>D\u00f1a. Mar\u00eda Zapata Ca\u00f1edo, Licenciada en Empresariales y graduada del FinancialManagement Program martes, 4 de mayo de 2004 Ashoka surge con este concepto totalmente pionero hace 23 a\u00f1os. Desdeentonces, ha ido consolidando la profesi\u00f3n de emprendedor social en el mundo y actualmente cuenta con una Red Mundial de m\u00e1s de 1,400emprendedores sociales en 45 pa\u00edses, [&hellip;]<\/p>\n","protected":false},"author":1,"featured_media":0,"parent":715,"menu_order":0,"comment_status":"open","ping_status":"open","template":"","meta":{"ngg_post_thumbnail":0,"footnotes":""},"class_list":["post-261","page","type-page","status-publish","hentry"],"_links":{"self":[{"href":"https:\/\/asoc-fulbright.es\/index.php?rest_route=\/wp\/v2\/pages\/261","targetHints":{"allow":["GET"]}}],"collection":[{"href":"https:\/\/asoc-fulbright.es\/index.php?rest_route=\/wp\/v2\/pages"}],"about":[{"href":"https:\/\/asoc-fulbright.es\/index.php?rest_route=\/wp\/v2\/types\/page"}],"author":[{"embeddable":true,"href":"https:\/\/asoc-fulbright.es\/index.php?rest_route=\/wp\/v2\/users\/1"}],"replies":[{"embeddable":true,"href":"https:\/\/asoc-fulbright.es\/index.php?rest_route=%2Fwp%2Fv2%2Fcomments&post=261"}],"version-history":[{"count":2,"href":"https:\/\/asoc-fulbright.es\/index.php?rest_route=\/wp\/v2\/pages\/261\/revisions"}],"predecessor-version":[{"id":1552,"href":"https:\/\/asoc-fulbright.es\/index.php?rest_route=\/wp\/v2\/pages\/261\/revisions\/1552"}],"up":[{"embeddable":true,"href":"https:\/\/asoc-fulbright.es\/index.php?rest_route=\/wp\/v2\/pages\/715"}],"wp:attachment":[{"href":"https:\/\/asoc-fulbright.es\/index.php?rest_route=%2Fwp%2Fv2%2Fmedia&parent=261"}],"curies":[{"name":"wp","href":"https:\/\/api.w.org\/{rel}","templated":true}]}}