{"id":257,"date":"2009-02-09T09:59:57","date_gmt":"2009-02-09T08:59:57","guid":{"rendered":"http:\/\/beta.asoc-fulbright.es\/?page_id=257"},"modified":"2010-02-01T10:43:27","modified_gmt":"2010-02-01T09:43:27","slug":"tertulia-fulbright-%c2%bftiene-al-qaeda-una-estrategia-global","status":"publish","type":"page","link":"https:\/\/asoc-fulbright.es\/?page_id=257","title":{"rendered":"Tertulia Fulbright: \u00bfTiene Al Qaeda una estrategia global?"},"content":{"rendered":"<p>Haizam Amirah Fernandez,<br \/>\nLicenciado por la Universidad Autonoma de Madrid y MA en Estudios Arabes<br \/>\nmartes, 6 de julio de 2004<\/p>\n<p>Mucho se habla en Occidente sobre Al Qaeda y el llamado terrorismo isl\u00e1mico, pero \u00bfrealmente sabemos lo que piensan sus ide\u00f3logos? \u00bfConocemos sus fuentes primarias? Las grandes l\u00edneas de acci\u00f3n del movimiento alqaedista tienen su origen no s\u00f3lo en los comunicados de Osama Bin Laden y sus lugartenientes, sino tambi\u00e9n en numerosos textos estrat\u00e9gicos que circulan entre las organizaciones y los militantes radicales que giran en su \u00f3rbita.<\/p>\n<p>Mientras los inspiradores del yihadismo demuestran un buen conocimiento de c\u00f3mo funcionan las sociedades y los sistemas pol\u00edticos occidentales, existe la tentaci\u00f3n en Occidente de afirmar que lo \u00fanico que buscan los yihadistas es matar el mayor n\u00famero posible de infieles. A pesar de lo cual, esta visi\u00f3n no logra explicar por qu\u00e9 surge dicho movimiento, ni siquiera las causas que hacen que tenga cada vez m\u00e1s simpatizantes en las sociedades isl\u00e1micas. S\u00f3lo mediante el conocimiento de la ideolog\u00eda y la estrategia global de Al Qaeda se puede aislar pol\u00edticamente a sus ide\u00f3logos, desarm\u00e1ndolos de argumentos de cara a sus seguidores con hechos concretos.<\/p>\n<p>Haizam Amirah Fernandez es investigador principal del Area de Mediterraneo y Mundo Arabe en el Real Instituto Elcano de Estudios Internacionales y Estrategicos.<\/p>\n<p>Es licenciado por la Universidad Autonoma de Madrid y MA en Estudios Arabes (ciencias politicas) por la School of Foreign Service de la Universidad de Georgetown, como becario Fulbright. Ha recibido parte de su formacion en la Universidad Libre de Bruselas y en la Universidad de California en Los Angeles. Se ha especializado en relaciones internacionales, el islam politico y los procesos de transicion hacia la democracia en el mundo arabe. Ha trabajado en Naciones Unidas (Nueva York) y en Human Rights Watch (Washington DC) y ha ense\u00f1ado en las universidades de Georgetown y Barcelona.<\/p>\n<p>Despu\u00e9s, iremos a cenar al Cafe Hispano, como de costumbre.<\/p>\n","protected":false},"excerpt":{"rendered":"<p>Haizam Amirah Fernandez, Licenciado por la Universidad Autonoma de Madrid y MA en Estudios Arabes martes, 6 de julio de 2004 Mucho se habla en Occidente sobre Al Qaeda y el llamado terrorismo isl\u00e1mico, pero \u00bfrealmente sabemos lo que piensan sus ide\u00f3logos? \u00bfConocemos sus fuentes primarias? Las grandes l\u00edneas de acci\u00f3n del movimiento alqaedista tienen [&hellip;]<\/p>\n","protected":false},"author":1,"featured_media":0,"parent":715,"menu_order":0,"comment_status":"open","ping_status":"open","template":"","meta":{"ngg_post_thumbnail":0,"footnotes":""},"class_list":["post-257","page","type-page","status-publish","hentry"],"_links":{"self":[{"href":"https:\/\/asoc-fulbright.es\/index.php?rest_route=\/wp\/v2\/pages\/257","targetHints":{"allow":["GET"]}}],"collection":[{"href":"https:\/\/asoc-fulbright.es\/index.php?rest_route=\/wp\/v2\/pages"}],"about":[{"href":"https:\/\/asoc-fulbright.es\/index.php?rest_route=\/wp\/v2\/types\/page"}],"author":[{"embeddable":true,"href":"https:\/\/asoc-fulbright.es\/index.php?rest_route=\/wp\/v2\/users\/1"}],"replies":[{"embeddable":true,"href":"https:\/\/asoc-fulbright.es\/index.php?rest_route=%2Fwp%2Fv2%2Fcomments&post=257"}],"version-history":[{"count":2,"href":"https:\/\/asoc-fulbright.es\/index.php?rest_route=\/wp\/v2\/pages\/257\/revisions"}],"predecessor-version":[{"id":1550,"href":"https:\/\/asoc-fulbright.es\/index.php?rest_route=\/wp\/v2\/pages\/257\/revisions\/1550"}],"up":[{"embeddable":true,"href":"https:\/\/asoc-fulbright.es\/index.php?rest_route=\/wp\/v2\/pages\/715"}],"wp:attachment":[{"href":"https:\/\/asoc-fulbright.es\/index.php?rest_route=%2Fwp%2Fv2%2Fmedia&parent=257"}],"curies":[{"name":"wp","href":"https:\/\/api.w.org\/{rel}","templated":true}]}}