{"id":251,"date":"2009-02-09T09:57:46","date_gmt":"2009-02-09T08:57:46","guid":{"rendered":"http:\/\/beta.asoc-fulbright.es\/?page_id=251"},"modified":"2010-02-01T10:41:26","modified_gmt":"2010-02-01T09:41:26","slug":"tertulia-fulbright-el-sistema-electoral-en-ee-uu","status":"publish","type":"page","link":"https:\/\/asoc-fulbright.es\/?page_id=251","title":{"rendered":"Tertulia Fulbright: El sistema electoral en EE.UU"},"content":{"rendered":"<p>Ferran Mart\u00ednez i Coma,<br \/>\nProfesor invitado de la Escuela Diplomatica<br \/>\nmartes, 2 de noviembre de 2004<\/p>\n<p>El Sr. Mart\u00ednez i Coma ha sido Becario Fulbright en Harvard en el anterior a\u00f1o acad\u00e9mico. Y adem\u00e1s ha estado becado en Princeton University (2003), la Universidad Central Europea (2002), y la London School of Economics and Political Science (2002). Tambi\u00e9n ha sido Coordinador de la Plataforma Ciudadana en la Campa\u00f1a Electoral de Pascual Maragall y Consejero del Candidato Presidencial Jaime David Fern\u00e1ndez Mirabal en las elecciones primarias del PLD, Rep\u00fablica Dominicana.<\/p>\n<p>Despu\u00e9s iremos a cenar en el Caf\u00e9 Hispano como costumbre. Tambi\u00e9n estamos invitados a seguir los resultados electorales en una fiesta de estadounidenses en un sitio todav\u00eda a determinar.<\/p>\n","protected":false},"excerpt":{"rendered":"<p>Ferran Mart\u00ednez i Coma, Profesor invitado de la Escuela Diplomatica martes, 2 de noviembre de 2004 El Sr. Mart\u00ednez i Coma ha sido Becario Fulbright en Harvard en el anterior a\u00f1o acad\u00e9mico. Y adem\u00e1s ha estado becado en Princeton University (2003), la Universidad Central Europea (2002), y la London School of Economics and Political Science [&hellip;]<\/p>\n","protected":false},"author":1,"featured_media":0,"parent":715,"menu_order":0,"comment_status":"open","ping_status":"open","template":"","meta":{"ngg_post_thumbnail":0,"footnotes":""},"class_list":["post-251","page","type-page","status-publish","hentry"],"_links":{"self":[{"href":"https:\/\/asoc-fulbright.es\/index.php?rest_route=\/wp\/v2\/pages\/251","targetHints":{"allow":["GET"]}}],"collection":[{"href":"https:\/\/asoc-fulbright.es\/index.php?rest_route=\/wp\/v2\/pages"}],"about":[{"href":"https:\/\/asoc-fulbright.es\/index.php?rest_route=\/wp\/v2\/types\/page"}],"author":[{"embeddable":true,"href":"https:\/\/asoc-fulbright.es\/index.php?rest_route=\/wp\/v2\/users\/1"}],"replies":[{"embeddable":true,"href":"https:\/\/asoc-fulbright.es\/index.php?rest_route=%2Fwp%2Fv2%2Fcomments&post=251"}],"version-history":[{"count":2,"href":"https:\/\/asoc-fulbright.es\/index.php?rest_route=\/wp\/v2\/pages\/251\/revisions"}],"predecessor-version":[{"id":1547,"href":"https:\/\/asoc-fulbright.es\/index.php?rest_route=\/wp\/v2\/pages\/251\/revisions\/1547"}],"up":[{"embeddable":true,"href":"https:\/\/asoc-fulbright.es\/index.php?rest_route=\/wp\/v2\/pages\/715"}],"wp:attachment":[{"href":"https:\/\/asoc-fulbright.es\/index.php?rest_route=%2Fwp%2Fv2%2Fmedia&parent=251"}],"curies":[{"name":"wp","href":"https:\/\/api.w.org\/{rel}","templated":true}]}}