{"id":25,"date":"2009-03-05T16:20:50","date_gmt":"2009-03-05T15:20:50","guid":{"rendered":"http:\/\/beta.asoc-fulbright.es\/?page_id=25"},"modified":"2020-10-19T17:31:28","modified_gmt":"2020-10-19T16:31:28","slug":"historia-de-la-asociacion","status":"publish","type":"page","link":"https:\/\/asoc-fulbright.es\/?page_id=25","title":{"rendered":"Historia de la Asociaci\u00f3n"},"content":{"rendered":"<div class=\"plain\">\n<p>La Asociaci\u00f3n J. William Fulbright fue fundada en Marzo de 1990 por varios ex-becarios Fulbright espa\u00f1oles coordinados por Mar\u00eda Jes\u00fas Pablos. La primera Asamblea General se celebr\u00f3 en Mayo de 1991 en el Instituto Internacional, y ese mismo mes se public\u00f3 la primera edici\u00f3n de <a href=\"http:\/\/asoc-fulbright.es\/fulcro\">FULCRO<\/a> gracias al liderazgo en\u00e9rgico de la segunda presidenta, Carmen Varela.<\/p>\n<p>Bajo la presidencia de Lorenzo Rodr\u00edguez Dur\u00e1ntez se consolid\u00f3 el tejido social de la Asociaci\u00f3n, y se desarroll\u00f3 el \u00e9xito de las tertulias mensuales y los encuentros nacionales e internacionales. El I Encuentro Nacional en 1993 consigui\u00f3 reunir a unos 70 socios en Palencia, y las tertulias mensuales sol\u00edan reunir a unas 20~30 personas. Estos encuentros y tertulias aportaron a los socios las bases necesarias para comenzar a crear el cimiento que garantiza la fortaleza de la Asociaci\u00f3n hoy en d\u00eda.<\/p>\n<\/div>\n","protected":false},"excerpt":{"rendered":"<p>La Asociaci\u00f3n J. William Fulbright fue fundada en Marzo de 1990 por varios ex-becarios Fulbright espa\u00f1oles coordinados por Mar\u00eda Jes\u00fas Pablos. La primera Asamblea General se celebr\u00f3 en Mayo de 1991 en el Instituto Internacional, y ese mismo mes se public\u00f3 la primera edici\u00f3n de FULCRO gracias al liderazgo en\u00e9rgico de la segunda presidenta, Carmen [&hellip;]<\/p>\n","protected":false},"author":1,"featured_media":0,"parent":611,"menu_order":0,"comment_status":"open","ping_status":"open","template":"","meta":{"ngg_post_thumbnail":0,"footnotes":""},"class_list":["post-25","page","type-page","status-publish","hentry"],"_links":{"self":[{"href":"https:\/\/asoc-fulbright.es\/index.php?rest_route=\/wp\/v2\/pages\/25","targetHints":{"allow":["GET"]}}],"collection":[{"href":"https:\/\/asoc-fulbright.es\/index.php?rest_route=\/wp\/v2\/pages"}],"about":[{"href":"https:\/\/asoc-fulbright.es\/index.php?rest_route=\/wp\/v2\/types\/page"}],"author":[{"embeddable":true,"href":"https:\/\/asoc-fulbright.es\/index.php?rest_route=\/wp\/v2\/users\/1"}],"replies":[{"embeddable":true,"href":"https:\/\/asoc-fulbright.es\/index.php?rest_route=%2Fwp%2Fv2%2Fcomments&post=25"}],"version-history":[{"count":6,"href":"https:\/\/asoc-fulbright.es\/index.php?rest_route=\/wp\/v2\/pages\/25\/revisions"}],"predecessor-version":[{"id":4828,"href":"https:\/\/asoc-fulbright.es\/index.php?rest_route=\/wp\/v2\/pages\/25\/revisions\/4828"}],"up":[{"embeddable":true,"href":"https:\/\/asoc-fulbright.es\/index.php?rest_route=\/wp\/v2\/pages\/611"}],"wp:attachment":[{"href":"https:\/\/asoc-fulbright.es\/index.php?rest_route=%2Fwp%2Fv2%2Fmedia&parent=25"}],"curies":[{"name":"wp","href":"https:\/\/api.w.org\/{rel}","templated":true}]}}