{"id":249,"date":"2009-02-09T09:55:14","date_gmt":"2009-02-09T08:55:14","guid":{"rendered":"http:\/\/beta.asoc-fulbright.es\/?page_id=249"},"modified":"2010-02-01T10:40:59","modified_gmt":"2010-02-01T09:40:59","slug":"tertulia-fulbright-goya-y-las-mujeres","status":"publish","type":"page","link":"https:\/\/asoc-fulbright.es\/?page_id=249","title":{"rendered":"Tertulia Fulbright: Goya y las mujeres"},"content":{"rendered":"<p>Natacha Sese\u00f1a,<br \/>\nHistoriador del arte y pertenece a la Academia Internacional<br \/>\nde Cer\u00e1mica de Ginebra y a la Real Academia de bellas Artes de San Fernando<br \/>\nmartes, 14 de diciembre de 2004<\/p>\n<p>Natacha Sese\u00f1a es historiador del arte y pertenece a la Academia Internacional de Cer\u00e1mica de Ginebra y a la Real Academia de bellas Artes de San Fernando. Autora de numerosos libros sobre cer\u00e1mica popular desde un planteamiento etnohist\u00f3rico, ha sido comisaria de importantes exposiciones como las primeras antol\u00f3gicas dedicadas a Esteban Vicente y a Remedios Varo, y La vida cotidiana en tiempos de Goya. \u00daltimamente organiz\u00f3 la exposici\u00f3n de objetos y usos cotidianos en los bodegones de Luis Mel\u00e9ndez en el Museo del Prado.<\/p>\n<p>Despu\u00e9s, iremos a cenar al Cafe Hispano, como de costumbre.<\/p>\n","protected":false},"excerpt":{"rendered":"<p>Natacha Sese\u00f1a, Historiador del arte y pertenece a la Academia Internacional de Cer\u00e1mica de Ginebra y a la Real Academia de bellas Artes de San Fernando martes, 14 de diciembre de 2004 Natacha Sese\u00f1a es historiador del arte y pertenece a la Academia Internacional de Cer\u00e1mica de Ginebra y a la Real Academia de bellas [&hellip;]<\/p>\n","protected":false},"author":1,"featured_media":0,"parent":715,"menu_order":0,"comment_status":"open","ping_status":"open","template":"","meta":{"ngg_post_thumbnail":0,"footnotes":""},"class_list":["post-249","page","type-page","status-publish","hentry"],"_links":{"self":[{"href":"https:\/\/asoc-fulbright.es\/index.php?rest_route=\/wp\/v2\/pages\/249","targetHints":{"allow":["GET"]}}],"collection":[{"href":"https:\/\/asoc-fulbright.es\/index.php?rest_route=\/wp\/v2\/pages"}],"about":[{"href":"https:\/\/asoc-fulbright.es\/index.php?rest_route=\/wp\/v2\/types\/page"}],"author":[{"embeddable":true,"href":"https:\/\/asoc-fulbright.es\/index.php?rest_route=\/wp\/v2\/users\/1"}],"replies":[{"embeddable":true,"href":"https:\/\/asoc-fulbright.es\/index.php?rest_route=%2Fwp%2Fv2%2Fcomments&post=249"}],"version-history":[{"count":2,"href":"https:\/\/asoc-fulbright.es\/index.php?rest_route=\/wp\/v2\/pages\/249\/revisions"}],"predecessor-version":[{"id":1546,"href":"https:\/\/asoc-fulbright.es\/index.php?rest_route=\/wp\/v2\/pages\/249\/revisions\/1546"}],"up":[{"embeddable":true,"href":"https:\/\/asoc-fulbright.es\/index.php?rest_route=\/wp\/v2\/pages\/715"}],"wp:attachment":[{"href":"https:\/\/asoc-fulbright.es\/index.php?rest_route=%2Fwp%2Fv2%2Fmedia&parent=249"}],"curies":[{"name":"wp","href":"https:\/\/api.w.org\/{rel}","templated":true}]}}