{"id":247,"date":"2009-02-09T09:54:10","date_gmt":"2009-02-09T08:54:10","guid":{"rendered":"http:\/\/beta.asoc-fulbright.es\/?page_id=247"},"modified":"2010-02-01T10:40:29","modified_gmt":"2010-02-01T09:40:29","slug":"tertulia-fulbright-la-constitucion-espanola","status":"publish","type":"page","link":"https:\/\/asoc-fulbright.es\/?page_id=247","title":{"rendered":"Tertulia Fulbright: La Constituci\u00f3n Espa\u00f1ola"},"content":{"rendered":"<p>Miguel Herrero y Rid\u00edguez de Mi\u00f1\u00f3n,<br \/>\nJurista y escritor<br \/>\nmartes, 11 de enero de 2005<\/p>\n<p>Miguel Herrero, jurista y escritor, es miembro del Consejo de Estado, uno de los art\u00edfices de nuestra Constituci\u00f3n y figura se\u00f1era en el mundo jur\u00eddico de nuestro pa\u00eds. En estos momentos en que hay planteado un debate p\u00fablico sobre la reforma de nuestra carta magna las opiniones de un experto puede ayudarnos a comprender mejor el panorama.<\/p>\n<p>Despu\u00e9s, iremos a cenar al Cafe Hispano, como de costumbre.<\/p>\n","protected":false},"excerpt":{"rendered":"<p>Miguel Herrero y Rid\u00edguez de Mi\u00f1\u00f3n, Jurista y escritor martes, 11 de enero de 2005 Miguel Herrero, jurista y escritor, es miembro del Consejo de Estado, uno de los art\u00edfices de nuestra Constituci\u00f3n y figura se\u00f1era en el mundo jur\u00eddico de nuestro pa\u00eds. En estos momentos en que hay planteado un debate p\u00fablico sobre la [&hellip;]<\/p>\n","protected":false},"author":1,"featured_media":0,"parent":154,"menu_order":0,"comment_status":"open","ping_status":"open","template":"","meta":{"ngg_post_thumbnail":0,"footnotes":""},"class_list":["post-247","page","type-page","status-publish","hentry"],"_links":{"self":[{"href":"https:\/\/asoc-fulbright.es\/index.php?rest_route=\/wp\/v2\/pages\/247","targetHints":{"allow":["GET"]}}],"collection":[{"href":"https:\/\/asoc-fulbright.es\/index.php?rest_route=\/wp\/v2\/pages"}],"about":[{"href":"https:\/\/asoc-fulbright.es\/index.php?rest_route=\/wp\/v2\/types\/page"}],"author":[{"embeddable":true,"href":"https:\/\/asoc-fulbright.es\/index.php?rest_route=\/wp\/v2\/users\/1"}],"replies":[{"embeddable":true,"href":"https:\/\/asoc-fulbright.es\/index.php?rest_route=%2Fwp%2Fv2%2Fcomments&post=247"}],"version-history":[{"count":2,"href":"https:\/\/asoc-fulbright.es\/index.php?rest_route=\/wp\/v2\/pages\/247\/revisions"}],"predecessor-version":[{"id":1545,"href":"https:\/\/asoc-fulbright.es\/index.php?rest_route=\/wp\/v2\/pages\/247\/revisions\/1545"}],"up":[{"embeddable":true,"href":"https:\/\/asoc-fulbright.es\/index.php?rest_route=\/wp\/v2\/pages\/154"}],"wp:attachment":[{"href":"https:\/\/asoc-fulbright.es\/index.php?rest_route=%2Fwp%2Fv2%2Fmedia&parent=247"}],"curies":[{"name":"wp","href":"https:\/\/api.w.org\/{rel}","templated":true}]}}