{"id":243,"date":"2009-02-09T09:52:56","date_gmt":"2009-02-09T08:52:56","guid":{"rendered":"http:\/\/beta.asoc-fulbright.es\/?page_id=243"},"modified":"2010-02-01T10:39:32","modified_gmt":"2010-02-01T09:39:32","slug":"el-despertar-cultural-del-dragon-chino","status":"publish","type":"page","link":"https:\/\/asoc-fulbright.es\/?page_id=243","title":{"rendered":"El despertar cultural del drag\u00f3n chino"},"content":{"rendered":"<p>Taciana Fisac Badell,<br \/>\nProfesora de la Universidad Aut\u00f3noma de Madrid, directora de su Centro de Estudios de Asia Oriental,<br \/>\ny uno  de los mejores especialistas espa\u00f1oles en China.<br \/>\nmartes, 1 de marzo de 2005<\/p>\n<p>La Asociaci\u00f3n J. William Fulbright (www.Asoc-Fulbright.es) se siente muy satisfecha de poder ofrecer esta tertulia justo en la vispera del primer viaje de sus asociados a Pekin y desea agradecer muy especialmente la disponibilidad de la profesora Fisac Badell para esta tertulia.<\/p>\n<p>Despu\u00e9s, iremos a cenar al Cafe Hispano, como de costumbre.<\/p>\n","protected":false},"excerpt":{"rendered":"<p>Taciana Fisac Badell, Profesora de la Universidad Aut\u00f3noma de Madrid, directora de su Centro de Estudios de Asia Oriental, y uno de los mejores especialistas espa\u00f1oles en China. martes, 1 de marzo de 2005 La Asociaci\u00f3n J. William Fulbright (www.Asoc-Fulbright.es) se siente muy satisfecha de poder ofrecer esta tertulia justo en la vispera del primer [&hellip;]<\/p>\n","protected":false},"author":1,"featured_media":0,"parent":715,"menu_order":0,"comment_status":"open","ping_status":"open","template":"","meta":{"ngg_post_thumbnail":0,"footnotes":""},"class_list":["post-243","page","type-page","status-publish","hentry"],"_links":{"self":[{"href":"https:\/\/asoc-fulbright.es\/index.php?rest_route=\/wp\/v2\/pages\/243","targetHints":{"allow":["GET"]}}],"collection":[{"href":"https:\/\/asoc-fulbright.es\/index.php?rest_route=\/wp\/v2\/pages"}],"about":[{"href":"https:\/\/asoc-fulbright.es\/index.php?rest_route=\/wp\/v2\/types\/page"}],"author":[{"embeddable":true,"href":"https:\/\/asoc-fulbright.es\/index.php?rest_route=\/wp\/v2\/users\/1"}],"replies":[{"embeddable":true,"href":"https:\/\/asoc-fulbright.es\/index.php?rest_route=%2Fwp%2Fv2%2Fcomments&post=243"}],"version-history":[{"count":2,"href":"https:\/\/asoc-fulbright.es\/index.php?rest_route=\/wp\/v2\/pages\/243\/revisions"}],"predecessor-version":[{"id":1543,"href":"https:\/\/asoc-fulbright.es\/index.php?rest_route=\/wp\/v2\/pages\/243\/revisions\/1543"}],"up":[{"embeddable":true,"href":"https:\/\/asoc-fulbright.es\/index.php?rest_route=\/wp\/v2\/pages\/715"}],"wp:attachment":[{"href":"https:\/\/asoc-fulbright.es\/index.php?rest_route=%2Fwp%2Fv2%2Fmedia&parent=243"}],"curies":[{"name":"wp","href":"https:\/\/api.w.org\/{rel}","templated":true}]}}