{"id":239,"date":"2009-02-09T09:51:45","date_gmt":"2009-02-09T08:51:45","guid":{"rendered":"http:\/\/beta.asoc-fulbright.es\/?page_id=239"},"modified":"2010-02-01T10:38:26","modified_gmt":"2010-02-01T09:38:26","slug":"tertulia-fulbright-centenario-del-nacimiento-del-senador-j-william-fulbright","status":"publish","type":"page","link":"https:\/\/asoc-fulbright.es\/?page_id=239","title":{"rendered":"Tertulia Fulbright: Centenario del nacimiento del Senador J. William Fulbright"},"content":{"rendered":"<p>Felipe Sahag\u00fan,<br \/>\nConocido periodista,  becario Fulbrigt( Universidad de Columbia 1977-1979)<br \/>\nmartes, 10 de mayo de 2005<\/p>\n<p>Con esta tertulia celebramos el centenario del nacimiento del Senador J. William Fulbright que ya inauguramos con una cena el 9 de abril, d\u00eda de su cumplea\u00f1os. En esta ocasi\u00f3n ha aceptado nuestra invitaci\u00f3n Felipe Sahag\u00fan. Que nos hablara sobre el impacto del Senador en el escenario internacional de su \u00e9poca. Adem\u00e1s de ser un conocido periodista, becario Fulbrigt( Universidad de Columbia 1977-1979), es miembro del Consejo Editorial de El Mundo y dirige y presenta el Mundo 24 Horas de TVE. Felipe Sah\u00fan es profesor titular de relaciones internacionales de la Universidad Complutense.<\/p>\n<p>Despu\u00e9s de la tertulia iremos, como de costumbre, a cenar al Caf\u00e9 Hispano. : <\/p>\n","protected":false},"excerpt":{"rendered":"<p>Felipe Sahag\u00fan, Conocido periodista, becario Fulbrigt( Universidad de Columbia 1977-1979) martes, 10 de mayo de 2005 Con esta tertulia celebramos el centenario del nacimiento del Senador J. William Fulbright que ya inauguramos con una cena el 9 de abril, d\u00eda de su cumplea\u00f1os. En esta ocasi\u00f3n ha aceptado nuestra invitaci\u00f3n Felipe Sahag\u00fan. Que nos hablara [&hellip;]<\/p>\n","protected":false},"author":1,"featured_media":0,"parent":715,"menu_order":0,"comment_status":"open","ping_status":"open","template":"","meta":{"ngg_post_thumbnail":0,"footnotes":""},"class_list":["post-239","page","type-page","status-publish","hentry"],"_links":{"self":[{"href":"https:\/\/asoc-fulbright.es\/index.php?rest_route=\/wp\/v2\/pages\/239","targetHints":{"allow":["GET"]}}],"collection":[{"href":"https:\/\/asoc-fulbright.es\/index.php?rest_route=\/wp\/v2\/pages"}],"about":[{"href":"https:\/\/asoc-fulbright.es\/index.php?rest_route=\/wp\/v2\/types\/page"}],"author":[{"embeddable":true,"href":"https:\/\/asoc-fulbright.es\/index.php?rest_route=\/wp\/v2\/users\/1"}],"replies":[{"embeddable":true,"href":"https:\/\/asoc-fulbright.es\/index.php?rest_route=%2Fwp%2Fv2%2Fcomments&post=239"}],"version-history":[{"count":2,"href":"https:\/\/asoc-fulbright.es\/index.php?rest_route=\/wp\/v2\/pages\/239\/revisions"}],"predecessor-version":[{"id":1541,"href":"https:\/\/asoc-fulbright.es\/index.php?rest_route=\/wp\/v2\/pages\/239\/revisions\/1541"}],"up":[{"embeddable":true,"href":"https:\/\/asoc-fulbright.es\/index.php?rest_route=\/wp\/v2\/pages\/715"}],"wp:attachment":[{"href":"https:\/\/asoc-fulbright.es\/index.php?rest_route=%2Fwp%2Fv2%2Fmedia&parent=239"}],"curies":[{"name":"wp","href":"https:\/\/api.w.org\/{rel}","templated":true}]}}