{"id":2356,"date":"2012-03-14T13:27:56","date_gmt":"2012-03-14T12:27:56","guid":{"rendered":"http:\/\/asoc-fulbright.es\/"},"modified":"2024-11-05T10:03:42","modified_gmt":"2024-11-05T09:03:42","slug":"comision-fulbright","status":"publish","type":"page","link":"https:\/\/asoc-fulbright.es\/?page_id=2356","title":{"rendered":"C. Fulbright"},"content":{"rendered":"<p>La Asociaci\u00f3n colabora con la Comisi\u00f3n Fulbright con la ilusi\u00f3n y \u00e1nimo de fortalecer la \u00abComunidad Fulbright\u00bb en Espa\u00f1a. \u00a0La Comisi\u00f3n de Intercambio Cultural, Educativo y Cient\u00edfico entre Espa\u00f1a y los EE.UU. (Comisi\u00f3n Fulbright) es la gestora de las becas y programas Fulbright en Espa\u00f1a desde 1958. \u00a0Si quer\u00e9is seguir la actividad de la Comisi\u00f3n en los medios sociales pod\u00e9is hacerlo en los siguientes enlaces:<\/p>\n<ul>\n<li>URL\/Web: <a href=\"http:\/\/fulbright.es\/\">http:\/\/fulbright.es\/<\/a><\/li>\n<li>Blog: <a href=\"http:\/\/elblogdefulbright.es\/\">http:\/\/elblogdefulbright.es\/<\/a><\/li>\n<li>Twitter: <a href=\"https:\/\/twitter.com\/#!\/FulbrightSpain\">https:\/\/twitter.com\/#!\/FulbrightSpain<\/a><\/li>\n<li>Facebook: <a href=\"https:\/\/www.facebook.com\/FulbrightSpain\">https:\/\/www.facebook.com\/FulbrightSpain<\/a>\u00a0<\/li>\n<li>Linkedin: <a href=\"https:\/\/www.linkedin.com\/company\/fulbright-spain\">https:\/\/www.linkedin.com\/company\/fulbright-spain<\/a><\/li>\n<li>Youtube: <a href=\"http:\/\/www.youtube.com\/user\/FulbrightSpain\">http:\/\/www.youtube.com\/user\/FulbrightSpain<\/a><\/li>\n<li>Instagram: <a href=\"https:\/\/www.instagram.com\/fulbright_spain\">https:\/\/www.instagram.com\/fulbright_spain<\/a><\/li>\n<li>Flickr: <a href=\"http:\/\/www.flickr.com\/photos\/fulbrightspain\/\">http:\/\/www.flickr.com\/photos\/fulbrightspain\/<\/a><\/li>\n<\/ul>\n\n\n<p><\/p>\n","protected":false},"excerpt":{"rendered":"<p>La Asociaci\u00f3n colabora con la Comisi\u00f3n Fulbright con la ilusi\u00f3n y \u00e1nimo de fortalecer la \u00abComunidad Fulbright\u00bb en Espa\u00f1a. \u00a0La Comisi\u00f3n de Intercambio Cultural, Educativo y Cient\u00edfico entre Espa\u00f1a y los EE.UU. (Comisi\u00f3n Fulbright) es la gestora de las becas y programas Fulbright en Espa\u00f1a desde 1958. \u00a0Si quer\u00e9is seguir la actividad de la Comisi\u00f3n [&hellip;]<\/p>\n","protected":false},"author":1,"featured_media":0,"parent":0,"menu_order":3,"comment_status":"open","ping_status":"open","template":"","meta":{"ngg_post_thumbnail":0,"footnotes":""},"class_list":["post-2356","page","type-page","status-publish","hentry"],"_links":{"self":[{"href":"https:\/\/asoc-fulbright.es\/index.php?rest_route=\/wp\/v2\/pages\/2356","targetHints":{"allow":["GET"]}}],"collection":[{"href":"https:\/\/asoc-fulbright.es\/index.php?rest_route=\/wp\/v2\/pages"}],"about":[{"href":"https:\/\/asoc-fulbright.es\/index.php?rest_route=\/wp\/v2\/types\/page"}],"author":[{"embeddable":true,"href":"https:\/\/asoc-fulbright.es\/index.php?rest_route=\/wp\/v2\/users\/1"}],"replies":[{"embeddable":true,"href":"https:\/\/asoc-fulbright.es\/index.php?rest_route=%2Fwp%2Fv2%2Fcomments&post=2356"}],"version-history":[{"count":16,"href":"https:\/\/asoc-fulbright.es\/index.php?rest_route=\/wp\/v2\/pages\/2356\/revisions"}],"predecessor-version":[{"id":5602,"href":"https:\/\/asoc-fulbright.es\/index.php?rest_route=\/wp\/v2\/pages\/2356\/revisions\/5602"}],"wp:attachment":[{"href":"https:\/\/asoc-fulbright.es\/index.php?rest_route=%2Fwp%2Fv2%2Fmedia&parent=2356"}],"curies":[{"name":"wp","href":"https:\/\/api.w.org\/{rel}","templated":true}]}}