{"id":235,"date":"2009-02-09T09:50:05","date_gmt":"2009-02-09T08:50:05","guid":{"rendered":"http:\/\/beta.asoc-fulbright.es\/?page_id=235"},"modified":"2010-02-01T10:37:18","modified_gmt":"2010-02-01T09:37:18","slug":"tertulia-fulbright-innovacion-y-riesgo-en-espana-%c2%bfes-posible-ser-emprendedor-en-nuestro-pais","status":"publish","type":"page","link":"https:\/\/asoc-fulbright.es\/?page_id=235","title":{"rendered":"Tertulia Fulbright: Innovaci\u00f3n y Riesgo en Espa\u00f1a: \u00bfes posible ser emprendedor en nuestro pa\u00eds?"},"content":{"rendered":"<p>David del Val,<br \/>\nFundador de la empresa \u00abVXtreme\u00bb y  Vicepresidente de Ingenier\u00eda de la empresa \u00abTech Foundries\u00bb<br \/>\nmartes, 5 de julio de 2005<\/p>\n<p>Ingeniero de Telecomunicaci\u00f3n (Universidad Polit\u00e9cnica de Madrid), David del Val desarroll\u00f3 inicialmente su vocaci\u00f3n investigadora en la Universidad Aut\u00f3noma de Madrid, donde su grupo llev\u00f3 a cabo la primera videoconferencia sobre ADSL en Espa\u00f1a.<\/p>\n<p>Becado por la Fundaci\u00f3n La Caixa, en 1994 inicia un m\u00e1ster en Computer Science en la Universidad de Stanford. Junto con dos compa\u00f1eros funda en Silicon Valley la empresa VXtreme para desarrollar la tecnolog\u00eda de transmisi\u00f3n de video por Internet. En 1997 la empresa es adquirida por Microsoft y David del Val se incorpora al gigante norteamericano como ingeniero jefe de desarrollo en Windows Media.<\/p>\n<p>En 2001 David del Val regresa a Espa\u00f1a para participar en la fundaci\u00f3n de Tech Foundries (http:\/\/www.techfoundries.com\/), una empresa tecnol\u00f3gica involucrada &#8211;entre otros&#8211; en el desarrollo y comercializaci\u00f3n de tecnolog\u00eda relacionada con la TV digital terrestre. David del Val es titular de varias de las patentes fundamentales en tecnolog\u00edas de transmisi\u00f3n de video digital.<\/p>\n<p>Despu\u00e9s, iremos a cenar al Cafe Hispano, como de costumbre.<\/p>\n","protected":false},"excerpt":{"rendered":"<p>David del Val, Fundador de la empresa \u00abVXtreme\u00bb y Vicepresidente de Ingenier\u00eda de la empresa \u00abTech Foundries\u00bb martes, 5 de julio de 2005 Ingeniero de Telecomunicaci\u00f3n (Universidad Polit\u00e9cnica de Madrid), David del Val desarroll\u00f3 inicialmente su vocaci\u00f3n investigadora en la Universidad Aut\u00f3noma de Madrid, donde su grupo llev\u00f3 a cabo la primera videoconferencia sobre ADSL [&hellip;]<\/p>\n","protected":false},"author":1,"featured_media":0,"parent":715,"menu_order":0,"comment_status":"open","ping_status":"open","template":"","meta":{"ngg_post_thumbnail":0,"footnotes":""},"class_list":["post-235","page","type-page","status-publish","hentry"],"_links":{"self":[{"href":"https:\/\/asoc-fulbright.es\/index.php?rest_route=\/wp\/v2\/pages\/235","targetHints":{"allow":["GET"]}}],"collection":[{"href":"https:\/\/asoc-fulbright.es\/index.php?rest_route=\/wp\/v2\/pages"}],"about":[{"href":"https:\/\/asoc-fulbright.es\/index.php?rest_route=\/wp\/v2\/types\/page"}],"author":[{"embeddable":true,"href":"https:\/\/asoc-fulbright.es\/index.php?rest_route=\/wp\/v2\/users\/1"}],"replies":[{"embeddable":true,"href":"https:\/\/asoc-fulbright.es\/index.php?rest_route=%2Fwp%2Fv2%2Fcomments&post=235"}],"version-history":[{"count":2,"href":"https:\/\/asoc-fulbright.es\/index.php?rest_route=\/wp\/v2\/pages\/235\/revisions"}],"predecessor-version":[{"id":1539,"href":"https:\/\/asoc-fulbright.es\/index.php?rest_route=\/wp\/v2\/pages\/235\/revisions\/1539"}],"up":[{"embeddable":true,"href":"https:\/\/asoc-fulbright.es\/index.php?rest_route=\/wp\/v2\/pages\/715"}],"wp:attachment":[{"href":"https:\/\/asoc-fulbright.es\/index.php?rest_route=%2Fwp%2Fv2%2Fmedia&parent=235"}],"curies":[{"name":"wp","href":"https:\/\/api.w.org\/{rel}","templated":true}]}}