{"id":2340,"date":"2012-03-09T20:43:30","date_gmt":"2012-03-09T19:43:30","guid":{"rendered":"http:\/\/asoc-fulbright.es\/"},"modified":"2012-03-09T21:21:23","modified_gmt":"2012-03-09T20:21:23","slug":"patrocinadores-de-la-beca-en-2011","status":"publish","type":"page","link":"https:\/\/asoc-fulbright.es\/?page_id=2340","title":{"rendered":"Patrocinadores de la Beca en 2011"},"content":{"rendered":"<h3>Patrocinadores Oro<\/h3>\n<p>Gloria del Campo<br \/>\nJuan D\u00edaz-Andreu<br \/>\nAngel y Elizabeth Cabrera<br \/>\nAntonio Fern\u00e1ndez Anta<br \/>\nPilar G\u00f3mez Fabra<br \/>\nFundaci\u00f3n INNAXIS<br \/>\nLuis Rodr\u00edguez Ovejero<br \/>\nArjan Sundardas<\/p>\n<h3>Patrocinadores Plata<\/h3>\n<p>Angel \u00c1lvarez<br \/>\nGonzalo Figuera<br \/>\nPilar Manzano<br \/>\nJose Antonio Mart\u00edn<br \/>\nJos\u00e9 Manuel Pardo<br \/>\nEduardo P\u00e9rez<br \/>\nBeatriz Puente<\/p>\n<h3>Patrocinadores Bronce<\/h3>\n<p>Agust\u00edn Guimer\u00e1 Ravina<br \/>\nLuis Andr\u00e9s Santos<\/p>\n<h3>Otros Patrocinios<\/h3>\n<p>Venta de Cava Asociaci\u00f3n<br \/>\nVenta de Vino Asociaci\u00f3n<\/p>\n","protected":false},"excerpt":{"rendered":"<p>Patrocinadores Oro Gloria del Campo Juan D\u00edaz-Andreu Angel y Elizabeth Cabrera Antonio Fern\u00e1ndez Anta Pilar G\u00f3mez Fabra Fundaci\u00f3n INNAXIS Luis Rodr\u00edguez Ovejero Arjan Sundardas Patrocinadores Plata Angel \u00c1lvarez Gonzalo Figuera Pilar Manzano Jose Antonio Mart\u00edn Jos\u00e9 Manuel Pardo Eduardo P\u00e9rez Beatriz Puente Patrocinadores Bronce Agust\u00edn Guimer\u00e1 Ravina Luis Andr\u00e9s Santos Otros Patrocinios Venta de Cava [&hellip;]<\/p>\n","protected":false},"author":9,"featured_media":0,"parent":316,"menu_order":0,"comment_status":"open","ping_status":"closed","template":"","meta":{"ngg_post_thumbnail":0,"footnotes":""},"class_list":["post-2340","page","type-page","status-publish","hentry"],"_links":{"self":[{"href":"https:\/\/asoc-fulbright.es\/index.php?rest_route=\/wp\/v2\/pages\/2340","targetHints":{"allow":["GET"]}}],"collection":[{"href":"https:\/\/asoc-fulbright.es\/index.php?rest_route=\/wp\/v2\/pages"}],"about":[{"href":"https:\/\/asoc-fulbright.es\/index.php?rest_route=\/wp\/v2\/types\/page"}],"author":[{"embeddable":true,"href":"https:\/\/asoc-fulbright.es\/index.php?rest_route=\/wp\/v2\/users\/9"}],"replies":[{"embeddable":true,"href":"https:\/\/asoc-fulbright.es\/index.php?rest_route=%2Fwp%2Fv2%2Fcomments&post=2340"}],"version-history":[{"count":5,"href":"https:\/\/asoc-fulbright.es\/index.php?rest_route=\/wp\/v2\/pages\/2340\/revisions"}],"predecessor-version":[{"id":2351,"href":"https:\/\/asoc-fulbright.es\/index.php?rest_route=\/wp\/v2\/pages\/2340\/revisions\/2351"}],"up":[{"embeddable":true,"href":"https:\/\/asoc-fulbright.es\/index.php?rest_route=\/wp\/v2\/pages\/316"}],"wp:attachment":[{"href":"https:\/\/asoc-fulbright.es\/index.php?rest_route=%2Fwp%2Fv2%2Fmedia&parent=2340"}],"curies":[{"name":"wp","href":"https:\/\/api.w.org\/{rel}","templated":true}]}}