{"id":2334,"date":"2012-02-19T14:43:02","date_gmt":"2012-02-19T13:43:02","guid":{"rendered":"http:\/\/asoc-fulbright.es\/"},"modified":"2013-02-22T12:20:53","modified_gmt":"2013-02-22T11:20:53","slug":"20-aniversario","status":"publish","type":"page","link":"https:\/\/asoc-fulbright.es\/?page_id=2334","title":{"rendered":"20 aniversario"},"content":{"rendered":"<p>20 aniversario de la Asociaci\u00f3n Fulbright<\/p>\n<p>Con ocasi\u00f3n del 20 aniversario de la Asociaci\u00f3n publicamos en diciembre de 2010 el <a href=\"http:\/\/issuu.com\/asoc-fulbright\/docs\/libro-fulbright-20-aniversario\">Libro 20 a\u00f1os Asociaci\u00f3n J.William Fulbright (1990-2010)<\/a>, que es posible hojear y descargar. La labor de edici\u00f3n corri\u00f3 a cargo de nuestro asociado y miembro de la Junta Directiva, Miguel Guitart.<\/p>\n<p>Adem\u00e1s de la tirada de la edici\u00f3n impresa, hasta diciembre de 2012 se han descargado m\u00e1s de 700 ejemplares digitales de la obra.<\/p>\n","protected":false},"excerpt":{"rendered":"<p>20 aniversario de la Asociaci\u00f3n Fulbright Con ocasi\u00f3n del 20 aniversario de la Asociaci\u00f3n publicamos en diciembre de 2010 el Libro 20 a\u00f1os Asociaci\u00f3n J.William Fulbright (1990-2010), que es posible hojear y descargar. La labor de edici\u00f3n corri\u00f3 a cargo de nuestro asociado y miembro de la Junta Directiva, Miguel Guitart. Adem\u00e1s de la tirada [&hellip;]<\/p>\n","protected":false},"author":1,"featured_media":0,"parent":0,"menu_order":8,"comment_status":"open","ping_status":"closed","template":"","meta":{"ngg_post_thumbnail":0,"footnotes":""},"class_list":["post-2334","page","type-page","status-publish","hentry"],"_links":{"self":[{"href":"https:\/\/asoc-fulbright.es\/index.php?rest_route=\/wp\/v2\/pages\/2334","targetHints":{"allow":["GET"]}}],"collection":[{"href":"https:\/\/asoc-fulbright.es\/index.php?rest_route=\/wp\/v2\/pages"}],"about":[{"href":"https:\/\/asoc-fulbright.es\/index.php?rest_route=\/wp\/v2\/types\/page"}],"author":[{"embeddable":true,"href":"https:\/\/asoc-fulbright.es\/index.php?rest_route=\/wp\/v2\/users\/1"}],"replies":[{"embeddable":true,"href":"https:\/\/asoc-fulbright.es\/index.php?rest_route=%2Fwp%2Fv2%2Fcomments&post=2334"}],"version-history":[{"count":5,"href":"https:\/\/asoc-fulbright.es\/index.php?rest_route=\/wp\/v2\/pages\/2334\/revisions"}],"predecessor-version":[{"id":2773,"href":"https:\/\/asoc-fulbright.es\/index.php?rest_route=\/wp\/v2\/pages\/2334\/revisions\/2773"}],"wp:attachment":[{"href":"https:\/\/asoc-fulbright.es\/index.php?rest_route=%2Fwp%2Fv2%2Fmedia&parent=2334"}],"curies":[{"name":"wp","href":"https:\/\/api.w.org\/{rel}","templated":true}]}}