{"id":231,"date":"2009-02-09T09:48:05","date_gmt":"2009-02-09T08:48:05","guid":{"rendered":"http:\/\/beta.asoc-fulbright.es\/?page_id=231"},"modified":"2010-02-01T10:35:18","modified_gmt":"2010-02-01T09:35:18","slug":"tertulia-fulbright-las-relaciones-entre-estados-unidos-y-espana-tras-el-11-s-y-el-11m","status":"publish","type":"page","link":"https:\/\/asoc-fulbright.es\/?page_id=231","title":{"rendered":"Tertulia Fulbright: Las relaciones entre Estados Unidos y Espa\u00f1a tras el 11-S y el 11M"},"content":{"rendered":"<p>D. Manuel de la C\u00e1mara<br \/>\nLas relaciones entre Estados Unidos y Espa\u00f1a tras el 11-S y el 11M<br \/>\nMartes, 4 de Octubre de 2005<\/p>\n<p>En nuestra pr\u00f3xima tertulia, martes 4 de octubre, tendremos con nosotros a D Manuel de la C\u00e1mara, Subdirector General de Am\u00e9rica del Norte en la Direcci\u00f3n General de Pol\u00edtica Exterior para Europa y Am\u00e9rica del Norte, del Ministerio de Asuntos Exteriores y de Cooperaci\u00f3n. Es adem\u00e1s Secretario General de la Fundaci\u00f3n Consejo Espa\u00f1a-Estados Unidos. Nos hablara sobre \u201clas relaciones entre Estados Unidos y Espa\u00f1a tras el 11-S y el 11M\u201d.<\/p>\n<p>Manuel de la C\u00e1mara es licenciado en Derecho por la Universidad Complutense y en Ciencias Empresariales por el I.C.A.D.E.<\/p>\n<p>Embajador de Espa\u00f1a en la Republica de Turqu\u00eda y en al Rep\u00fablica de Azerbaiy\u00e1n (2000-2004). Desde 1998, hasta su nombramiento como embajador, Fue Director General de Seguridad y Desarme y Pol\u00edtica Exterior para Am\u00e9rica del Norte en el Ministerio de Asuntos Exteriores.<\/p>\n<p>Despu\u00e9s de la tertulia iremos, como de costumbre, a cenar al Caf\u00e9 Hispano.<\/p>\n","protected":false},"excerpt":{"rendered":"<p>D. Manuel de la C\u00e1mara Las relaciones entre Estados Unidos y Espa\u00f1a tras el 11-S y el 11M Martes, 4 de Octubre de 2005 En nuestra pr\u00f3xima tertulia, martes 4 de octubre, tendremos con nosotros a D Manuel de la C\u00e1mara, Subdirector General de Am\u00e9rica del Norte en la Direcci\u00f3n General de Pol\u00edtica Exterior para [&hellip;]<\/p>\n","protected":false},"author":1,"featured_media":0,"parent":154,"menu_order":0,"comment_status":"open","ping_status":"open","template":"","meta":{"ngg_post_thumbnail":0,"footnotes":""},"class_list":["post-231","page","type-page","status-publish","hentry"],"_links":{"self":[{"href":"https:\/\/asoc-fulbright.es\/index.php?rest_route=\/wp\/v2\/pages\/231","targetHints":{"allow":["GET"]}}],"collection":[{"href":"https:\/\/asoc-fulbright.es\/index.php?rest_route=\/wp\/v2\/pages"}],"about":[{"href":"https:\/\/asoc-fulbright.es\/index.php?rest_route=\/wp\/v2\/types\/page"}],"author":[{"embeddable":true,"href":"https:\/\/asoc-fulbright.es\/index.php?rest_route=\/wp\/v2\/users\/1"}],"replies":[{"embeddable":true,"href":"https:\/\/asoc-fulbright.es\/index.php?rest_route=%2Fwp%2Fv2%2Fcomments&post=231"}],"version-history":[{"count":2,"href":"https:\/\/asoc-fulbright.es\/index.php?rest_route=\/wp\/v2\/pages\/231\/revisions"}],"predecessor-version":[{"id":1536,"href":"https:\/\/asoc-fulbright.es\/index.php?rest_route=\/wp\/v2\/pages\/231\/revisions\/1536"}],"up":[{"embeddable":true,"href":"https:\/\/asoc-fulbright.es\/index.php?rest_route=\/wp\/v2\/pages\/154"}],"wp:attachment":[{"href":"https:\/\/asoc-fulbright.es\/index.php?rest_route=%2Fwp%2Fv2%2Fmedia&parent=231"}],"curies":[{"name":"wp","href":"https:\/\/api.w.org\/{rel}","templated":true}]}}