{"id":229,"date":"2009-02-09T09:45:28","date_gmt":"2009-02-09T08:45:28","guid":{"rendered":"http:\/\/beta.asoc-fulbright.es\/?page_id=229"},"modified":"2010-02-01T10:34:48","modified_gmt":"2010-02-01T09:34:48","slug":"tertulia-fulbright-fundaciones-culturales","status":"publish","type":"page","link":"https:\/\/asoc-fulbright.es\/?page_id=229","title":{"rendered":"Tertulia Fulbright: Fundaciones Culturales"},"content":{"rendered":"<p>Pablo Jim\u00e9nez Burillo<br \/>\nFundaciones Culturales<br \/>\nMartes, 15 de Noviembre de 2005<\/p>\n<p>En nuestra pr\u00f3xima tertulia tendremos con nosotros a Pablo Jim\u00e9nez Burillo que nos hablara de \u00abFundaciones Culturales\u00bb. Pablo Jim\u00e9nez estudia Filolog\u00eda Hisp\u00e1nica en la Universidad Aut\u00f3noma de Madrid. Estudios que abandono para incorporarse a la editorial Planeta como traductor y director de traducciones.<\/p>\n<p>En 1977 inicia sus colaboraciones en prensa sobre temas culturales. En 1980 colabora como redactor en la edici\u00f3n espa\u00f1ola del diccionario Larousse de pintura y dirige su traducci\u00f3n. Desde 1989 es critico de arte del diario ABC coordinando el suplemento de las Artes hasta el a\u00f1o 1997.<\/p>\n<p>Ha sido comisario de distintas exposiciones, como la retrospectiva de Joaqu\u00edn Sorolla, del a\u00f1o 1995, el Autorretrato en Espa\u00f1a\u2026.. Colaborador de la Universidad Internacional Men\u00e9ndez Pelayo. Es miembro de la Asociaci\u00f3n Internacional de Cr\u00edticos de Arte. Desde 1998 trabaja en la Fundaci\u00f3n Cultural MAPFRE VIDA, primero como director de proyectos y exposiciones y, a partir de 1995 como Director General.<\/p>\n<p>Despu\u00e9s de la tertulia iremos, como de costumbre, a cenar al Caf\u00e9 Hispano.<\/p>\n","protected":false},"excerpt":{"rendered":"<p>Pablo Jim\u00e9nez Burillo Fundaciones Culturales Martes, 15 de Noviembre de 2005 En nuestra pr\u00f3xima tertulia tendremos con nosotros a Pablo Jim\u00e9nez Burillo que nos hablara de \u00abFundaciones Culturales\u00bb. Pablo Jim\u00e9nez estudia Filolog\u00eda Hisp\u00e1nica en la Universidad Aut\u00f3noma de Madrid. Estudios que abandono para incorporarse a la editorial Planeta como traductor y director de traducciones. En [&hellip;]<\/p>\n","protected":false},"author":1,"featured_media":0,"parent":154,"menu_order":0,"comment_status":"open","ping_status":"open","template":"","meta":{"ngg_post_thumbnail":0,"footnotes":""},"class_list":["post-229","page","type-page","status-publish","hentry"],"_links":{"self":[{"href":"https:\/\/asoc-fulbright.es\/index.php?rest_route=\/wp\/v2\/pages\/229","targetHints":{"allow":["GET"]}}],"collection":[{"href":"https:\/\/asoc-fulbright.es\/index.php?rest_route=\/wp\/v2\/pages"}],"about":[{"href":"https:\/\/asoc-fulbright.es\/index.php?rest_route=\/wp\/v2\/types\/page"}],"author":[{"embeddable":true,"href":"https:\/\/asoc-fulbright.es\/index.php?rest_route=\/wp\/v2\/users\/1"}],"replies":[{"embeddable":true,"href":"https:\/\/asoc-fulbright.es\/index.php?rest_route=%2Fwp%2Fv2%2Fcomments&post=229"}],"version-history":[{"count":2,"href":"https:\/\/asoc-fulbright.es\/index.php?rest_route=\/wp\/v2\/pages\/229\/revisions"}],"predecessor-version":[{"id":1535,"href":"https:\/\/asoc-fulbright.es\/index.php?rest_route=\/wp\/v2\/pages\/229\/revisions\/1535"}],"up":[{"embeddable":true,"href":"https:\/\/asoc-fulbright.es\/index.php?rest_route=\/wp\/v2\/pages\/154"}],"wp:attachment":[{"href":"https:\/\/asoc-fulbright.es\/index.php?rest_route=%2Fwp%2Fv2%2Fmedia&parent=229"}],"curies":[{"name":"wp","href":"https:\/\/api.w.org\/{rel}","templated":true}]}}