{"id":227,"date":"2009-02-09T09:44:32","date_gmt":"2009-02-09T08:44:32","guid":{"rendered":"http:\/\/beta.asoc-fulbright.es\/?page_id=227"},"modified":"2010-02-01T10:34:21","modified_gmt":"2010-02-01T09:34:21","slug":"tertulia-fulbright-crecimiento-y-conocimiento-en-la-economia-espanola","status":"publish","type":"page","link":"https:\/\/asoc-fulbright.es\/?page_id=227","title":{"rendered":"Tertulia Fulbright: Crecimiento y conocimiento en la Econom\u00eda Espa\u00f1ola"},"content":{"rendered":"<p>Emilio Ontiveros<br \/>\nCrecimiento y conocimiento en la Econom\u00eda Espa\u00f1ola<br \/>\nMartes, 12 de Diciembre de 2005<\/p>\n<p>En nuestra tertulia mensual, que en este caso se celebra excepcionalmente en lunes, el d\u00eda 12 de Diciembre, tenemos como invitado a Emilio Ontiveros que nos hablar\u00e1 del tema: CRECIMIENTO Y CONOCIMIENTO EN LA ECONOM\u00cdA ESPA\u00d1OLA<\/p>\n<p>Emilio Ontiveros, Doctor en Ciencias Econ\u00f3micas, es desde 1985 Catedr\u00e1tico de Econom\u00eda de la Empresa en la Universidad Aut\u00f3noma de Madrid, de la que fue Vicerrector durante 4 a\u00f1os. Es Fundador y Consejero Delegado de Analistas Financieros Internacionales, y presidente de Tecnolog\u00eda, Informaci\u00f3n y Finanzas, S.A., Escuela de Finanzas Aplicadas, S.A. y Afinet Global, todas ellas empresas del Grupo Analistas. Es autor de numerosos art\u00edculos y colaboraciones en prensa especializada, y de m\u00e1s de una docena de libros sobre econom\u00eda y finanzas internacionales. Por citar uno de los m\u00e1s recientes: \u00ab1987-2003 Integraci\u00f3n econ\u00f3mica y financiera de Espa\u00f1a\u00bb (Ed. AFI 2003). Es asimismo director de la revista \u00abEconomistas\u00bb del Colegio de Economistas de Madrid. En 2004 obtiene junto a Daniel Manzano e Ignacio Rodr\u00edguez Teubal el IX Premio de investigaci\u00f3n econ\u00f3mica del C\u00edrculo de Empresarios por el trabajo \u00abTIC, crecimiento econ\u00f3mico y actividad empresarial. Especial referencia a Espa\u00f1a\u00bb.<\/p>\n<p>En 2005 ha sido Fellow del Real Colegio Complutense (Harvard University), como miembro del Grupo de Investigaci\u00f3n Avanzada sobre Econom\u00eda Internacional. Desde Febrero de 2005 preside el Consejo Asesor de Telecomunicaciones y Sociedad de la Informaci\u00f3n (CATSI) del Ministerio de Industria, encargado de elaborar las l\u00edneas maestras del Plan de Convergencia con la Uni\u00f3n Europea.<\/p>\n<p>Despu\u00e9s de la tertulia iremos, como de costumbre, a cenar al Caf\u00e9 Hispano.<\/p>\n","protected":false},"excerpt":{"rendered":"<p>Emilio Ontiveros Crecimiento y conocimiento en la Econom\u00eda Espa\u00f1ola Martes, 12 de Diciembre de 2005 En nuestra tertulia mensual, que en este caso se celebra excepcionalmente en lunes, el d\u00eda 12 de Diciembre, tenemos como invitado a Emilio Ontiveros que nos hablar\u00e1 del tema: CRECIMIENTO Y CONOCIMIENTO EN LA ECONOM\u00cdA ESPA\u00d1OLA Emilio Ontiveros, Doctor en [&hellip;]<\/p>\n","protected":false},"author":1,"featured_media":0,"parent":154,"menu_order":0,"comment_status":"open","ping_status":"open","template":"","meta":{"ngg_post_thumbnail":0,"footnotes":""},"class_list":["post-227","page","type-page","status-publish","hentry"],"_links":{"self":[{"href":"https:\/\/asoc-fulbright.es\/index.php?rest_route=\/wp\/v2\/pages\/227","targetHints":{"allow":["GET"]}}],"collection":[{"href":"https:\/\/asoc-fulbright.es\/index.php?rest_route=\/wp\/v2\/pages"}],"about":[{"href":"https:\/\/asoc-fulbright.es\/index.php?rest_route=\/wp\/v2\/types\/page"}],"author":[{"embeddable":true,"href":"https:\/\/asoc-fulbright.es\/index.php?rest_route=\/wp\/v2\/users\/1"}],"replies":[{"embeddable":true,"href":"https:\/\/asoc-fulbright.es\/index.php?rest_route=%2Fwp%2Fv2%2Fcomments&post=227"}],"version-history":[{"count":2,"href":"https:\/\/asoc-fulbright.es\/index.php?rest_route=\/wp\/v2\/pages\/227\/revisions"}],"predecessor-version":[{"id":1534,"href":"https:\/\/asoc-fulbright.es\/index.php?rest_route=\/wp\/v2\/pages\/227\/revisions\/1534"}],"up":[{"embeddable":true,"href":"https:\/\/asoc-fulbright.es\/index.php?rest_route=\/wp\/v2\/pages\/154"}],"wp:attachment":[{"href":"https:\/\/asoc-fulbright.es\/index.php?rest_route=%2Fwp%2Fv2%2Fmedia&parent=227"}],"curies":[{"name":"wp","href":"https:\/\/api.w.org\/{rel}","templated":true}]}}