{"id":2259,"date":"2011-07-07T18:15:44","date_gmt":"2011-07-07T17:15:44","guid":{"rendered":"http:\/\/asoc-fulbright.es\/"},"modified":"2011-07-07T18:15:44","modified_gmt":"2011-07-07T17:15:44","slug":"tertulia-fulbright-presente-y-futuro-de-la-energia-nuclear","status":"publish","type":"page","link":"https:\/\/asoc-fulbright.es\/?page_id=2259","title":{"rendered":"Tertulia Fulbright: Presente y futuro de la energ\u00eda nuclear"},"content":{"rendered":"<p>Cuando preparamos esta tertulia, estaba en las portadas de todos los periodicos el accidente de la central nuclear de Fukushima. A la hora de enviar esta convocatoria y en gran medida como consecuencia de aquello, Alemania acaba de proclamar su futura renuncia a la energia nuclear. Carolina Ahnert y Eduardo Gallego nos hablar\u00e1n el martes 7 de junio de 2011 a las 20:00 horas, en la Escuela Tecnica Superior de Ingenieros Industriales, del presente y futuro de la energ\u00eda nuclear.<\/p>\n<p>Bastan los dos hechos anteriores para demostrar hasta qu\u00e9 punto la energia nuclear se encuentra en una encrucijada vital. La controversia esta abierta y es intensa, coincididendo en el tiempo con debates m\u00e1s generales sobre pol\u00edtica energ\u00e9tica y prevenci\u00f3n del cambio clim\u00e1tico.<\/p>\n<p>Pero la controversia publica sobre estas cuestiones no esta marcada por un an\u00e1lisis sosegado, necesariamente complejo, de las opciones que tenemos y de las maneras de resolver las contradicciones a las que nos enfrentamos (p.e. energ\u00eda barata, limpia y segura, todo a la vez), sino por la necesidad de simplificar y, a veces, de enmarcar las reflexiones en una narrativa de \u201cbuenas y malas\u201d energ\u00edas.<\/p>\n<p>Llama por ejemplo la atenci\u00f3n que la energ\u00eda nuclear aparezca en el debate como adversaria de las energ\u00edas renovables, y no como aliada frente a los combustibles f\u00f3siles. Tambi\u00e9n es curioso comprobar que el miedo inmediato y medi\u00e1tico (a un accidente como el de Fukushima) es capaz de movilizar conciencias mucho mas eficazmente que la preocupaci\u00f3n real pero difusa sobre cuestiones como el cambio climatico y la escasez de recursos.<\/p>\n<p>Desde nuestra Asociaci\u00f3n, que pretende contribuir a la sociedad del conocimiento y no a la del espect\u00e1culo, nos ha parecido por ello oportuno organizar una conferencia con verdaderos expertos en ingenier\u00eda nuclear. Por supuesto su visi\u00f3n no agota todas las dimensiones del debate, pero es bueno escucharles para hacerse una idea mas completa de las realidades y de los desaf\u00edos, como haremos en esta conferencia titulada.<\/p>\n<h2>Acerca de los Ponentes<\/h2>\n<p><b>Carolina Ahnert<\/b> es catedr\u00e1tica y directora del Departamento de Ingenier\u00eda Nuclear de la Universidad Polit\u00e9cnica de Madrid. Doctora en Ciencias F\u00edsicas por la Universidad Complutense y Diplomada en Ingenier\u00eda Nuclear, se especializo en el dise\u00f1o de reactores nucleares de fisi\u00f3n en NUS Corporation y ha sido investigadora de la Junta de Energ\u00eda Nuclear. <\/p>\n<p>Es coautora del Sistema Espa\u00f1ol de Simulaci\u00f3n de Centrales Nucleares y consultora de la Agencia Internacional de la Energ\u00eda Atomica (IAEA) y de la Agencia de Energ\u00eda Nuclear de la OCDE (NEA). Ha sido tambien presidenta en Espa\u00f1a de Women in Nuclear (WIN).<\/p>\n<p><b>Eduardo Gallego<\/b> es profesor de Seguridad Nuclear, Protecci\u00f3n Radiol\u00f3gica e Impacto Radiol\u00f3gico Ambiental de la UPM y vicepresidente de la Sociedad de Protecci\u00f3n Radiol\u00f3gica.<\/p>\n<p>Reconocido experto en su campo, ha participado como coordinador en la elaboraci\u00f3n t\u00e9cnica de los criterios a cumplir por el Almacen Temporal Centralizado de combustible nuclear quemado (ATC). Ha intervenido recientemente en m\u00faltiples medios de comunicaci\u00f3n como experto en seguridad nuclear en relaci\u00f3n con el accidente de Fukushima.<\/p>\n","protected":false},"excerpt":{"rendered":"<p>Cuando preparamos esta tertulia, estaba en las portadas de todos los periodicos el accidente de la central nuclear de Fukushima. A la hora de enviar esta convocatoria y en gran medida como consecuencia de aquello, Alemania acaba de proclamar su futura renuncia a la energia nuclear. Carolina Ahnert y Eduardo Gallego nos hablar\u00e1n el martes [&hellip;]<\/p>\n","protected":false},"author":11,"featured_media":0,"parent":2239,"menu_order":0,"comment_status":"open","ping_status":"open","template":"","meta":{"ngg_post_thumbnail":0,"footnotes":""},"class_list":["post-2259","page","type-page","status-publish","hentry"],"_links":{"self":[{"href":"https:\/\/asoc-fulbright.es\/index.php?rest_route=\/wp\/v2\/pages\/2259","targetHints":{"allow":["GET"]}}],"collection":[{"href":"https:\/\/asoc-fulbright.es\/index.php?rest_route=\/wp\/v2\/pages"}],"about":[{"href":"https:\/\/asoc-fulbright.es\/index.php?rest_route=\/wp\/v2\/types\/page"}],"author":[{"embeddable":true,"href":"https:\/\/asoc-fulbright.es\/index.php?rest_route=\/wp\/v2\/users\/11"}],"replies":[{"embeddable":true,"href":"https:\/\/asoc-fulbright.es\/index.php?rest_route=%2Fwp%2Fv2%2Fcomments&post=2259"}],"version-history":[{"count":1,"href":"https:\/\/asoc-fulbright.es\/index.php?rest_route=\/wp\/v2\/pages\/2259\/revisions"}],"predecessor-version":[{"id":2260,"href":"https:\/\/asoc-fulbright.es\/index.php?rest_route=\/wp\/v2\/pages\/2259\/revisions\/2260"}],"up":[{"embeddable":true,"href":"https:\/\/asoc-fulbright.es\/index.php?rest_route=\/wp\/v2\/pages\/2239"}],"wp:attachment":[{"href":"https:\/\/asoc-fulbright.es\/index.php?rest_route=%2Fwp%2Fv2%2Fmedia&parent=2259"}],"curies":[{"name":"wp","href":"https:\/\/api.w.org\/{rel}","templated":true}]}}