{"id":2239,"date":"2011-07-07T18:01:01","date_gmt":"2011-07-07T17:01:01","guid":{"rendered":"http:\/\/asoc-fulbright.es\/"},"modified":"2020-10-13T16:19:34","modified_gmt":"2020-10-13T15:19:34","slug":"tertulias-ano-2011","status":"publish","type":"page","link":"https:\/\/asoc-fulbright.es\/?page_id=2239","title":{"rendered":"Tertulias A\u00f1o 2011"},"content":{"rendered":"<p>A continuaci\u00f3n se presenta la lista de Tertulias Fulbright realizadas en el a\u00f1o 2011:<\/p>\n<ul>\n<li><a href=\"https:\/\/asoc-fulbright.es\/?page_id=2243\">Retos de la d\u00e9cada: nuevo paradigma para un nuevo mundo<br \/>\n<\/a> <strong> Ponente:<\/strong> Manuel Escudero, Director General de Deusto Business School<br \/>\n<strong> Fecha:<\/strong> Martes 18 de enero de 2011<\/li>\n<li><a href=\"https:\/\/asoc-fulbright.es\/?page_id=2250\">Fronteras de la Neurociencia \u2013 2: Percepci\u00f3n visual<br \/>\n<\/a> <strong>Ponente:<\/strong> Celia S\u00e1nchez Ramos, investigadora y profesora universitaria<br \/>\n<strong>Fecha:<\/strong> Martes 8 de Febrero de 2011<\/li>\n<li><a href=\"https:\/\/asoc-fulbright.es\/?page_id=2253\">Movilidad urbana sostenible<br \/>\n<\/a> <strong> Ponente:<\/strong>Antonio Lucio, Director General de la Fundaci\u00f3n Movilidad del Ayuntamiento de Madrid<br \/>\n<strong>Fecha:<\/strong> Martes 8 de marzo de 2011<\/li>\n<li><a href=\"https:\/\/asoc-fulbright.es\/?page_id=2255\">\u00bfEl fin de la excepci\u00f3n \u00e1rabe?<br \/>\n<\/a> <strong>Ponente:<\/strong> Haizam Amirah Fern\u00e1ndez<br \/>\n<strong>Fecha:<\/strong> Martes 5 de abril de 2011<\/li>\n<li><a href=\"https:\/\/asoc-fulbright.es\/?page_id=2257\">Hungr\u00eda y Europa<\/a><br \/>\n<strong>Ponente:<\/strong> Embajadora Edit Bucsi-Szabo<br \/>\n<strong>Fecha:<\/strong> Martes 3 de mayo de 2011:<\/li>\n<li><a href=\"https:\/\/asoc-fulbright.es\/?page_id=2259\">Presente y futuro de la energ\u00eda nuclear<br \/>\n<\/a> <strong>Ponente:<\/strong> Carolina Ahnert y Eduardo Gallego<br \/>\n<strong> Fecha:<\/strong> Martes 7 de junio de 2011<\/li>\n<li><a href=\"https:\/\/asoc-fulbright.es\/?page_id=2386\">Fronteras de la Neurociencia 3: Musicoterapia<\/a><br \/>\n<strong>Ponente:<\/strong> Leticia Prieto<br \/>\n<strong> Fecha:<\/strong> Martes 6 de Septiembre de 2011<\/li>\n<li><a href=\"https:\/\/asoc-fulbright.es\/?page_id=2381\">Salvemos Europa<\/a><br \/>\n<strong> Ponente: <\/strong> Jos\u00e9 Ignacio Torreblanca<br \/>\n<strong> Fecha: <\/strong>Martes 4 de octubre de 2011<\/li>\n<li><a href=\"https:\/\/asoc-fulbright.es\/?page_id=2378\">Antropolog\u00eda y Dise\u00f1o<\/a><br \/>\n<strong>Ponente: <\/strong>Alberto y Oyer Coraz\u00f3n<br \/>\n<strong>Fecha:<\/strong> Martes 8 de Noviembre de 2011<\/li>\n<li><a href=\"https:\/\/asoc-fulbright.es\/?page_id=2374\">Motivaci\u00f3n Inteligente<\/a><br \/>\n<strong>Ponente: <\/strong>Beatriz Valderrama<br \/>\n<strong>Fecha:<\/strong> Martes 14 de Diciembre de 2011<\/li>\n<\/ul>\n","protected":false},"excerpt":{"rendered":"<p>A continuaci\u00f3n se presenta la lista de Tertulias Fulbright realizadas en el a\u00f1o 2011: Retos de la d\u00e9cada: nuevo paradigma para un nuevo mundo Ponente: Manuel Escudero, Director General de Deusto Business School Fecha: Martes 18 de enero de 2011 Fronteras de la Neurociencia \u2013 2: Percepci\u00f3n visual Ponente: Celia S\u00e1nchez Ramos, investigadora y profesora [&hellip;]<\/p>\n","protected":false},"author":11,"featured_media":0,"parent":154,"menu_order":0,"comment_status":"open","ping_status":"open","template":"","meta":{"ngg_post_thumbnail":0,"footnotes":""},"class_list":["post-2239","page","type-page","status-publish","hentry"],"_links":{"self":[{"href":"https:\/\/asoc-fulbright.es\/index.php?rest_route=\/wp\/v2\/pages\/2239","targetHints":{"allow":["GET"]}}],"collection":[{"href":"https:\/\/asoc-fulbright.es\/index.php?rest_route=\/wp\/v2\/pages"}],"about":[{"href":"https:\/\/asoc-fulbright.es\/index.php?rest_route=\/wp\/v2\/types\/page"}],"author":[{"embeddable":true,"href":"https:\/\/asoc-fulbright.es\/index.php?rest_route=\/wp\/v2\/users\/11"}],"replies":[{"embeddable":true,"href":"https:\/\/asoc-fulbright.es\/index.php?rest_route=%2Fwp%2Fv2%2Fcomments&post=2239"}],"version-history":[{"count":20,"href":"https:\/\/asoc-fulbright.es\/index.php?rest_route=\/wp\/v2\/pages\/2239\/revisions"}],"predecessor-version":[{"id":4758,"href":"https:\/\/asoc-fulbright.es\/index.php?rest_route=\/wp\/v2\/pages\/2239\/revisions\/4758"}],"up":[{"embeddable":true,"href":"https:\/\/asoc-fulbright.es\/index.php?rest_route=\/wp\/v2\/pages\/154"}],"wp:attachment":[{"href":"https:\/\/asoc-fulbright.es\/index.php?rest_route=%2Fwp%2Fv2%2Fmedia&parent=2239"}],"curies":[{"name":"wp","href":"https:\/\/api.w.org\/{rel}","templated":true}]}}