{"id":223,"date":"2009-02-09T09:43:26","date_gmt":"2009-02-09T08:43:26","guid":{"rendered":"http:\/\/beta.asoc-fulbright.es\/?page_id=223"},"modified":"2010-02-01T10:33:50","modified_gmt":"2010-02-01T09:33:50","slug":"tertulia-fulbright-el-momento-de-bolivia","status":"publish","type":"page","link":"https:\/\/asoc-fulbright.es\/?page_id=223","title":{"rendered":"Tertulia Fulbright: El momento de Bolivia"},"content":{"rendered":"<p>Excma. Sra. D\u00aa Teresa Ossio Bustillos<br \/>\nEl momento de Bolivia<br \/>\nMartes, 7 de Febrero de 2006<\/p>\n<p>En nuestra pr\u00f3xima tertulia, martes 7 de febrero, tendremos con nosotros a la Excma. Sra. D\u00aa Teresa Ossio Bustillos Embajadora de Bolivia en Espa\u00f1a. Nos hablara sobre \u201cel momento de Bolivia\u201d.<\/p>\n<p>D\u00aa Teresa Ossio es Licenciada en Ciencias Jur\u00eddicas y Pol\u00edticas por la Universidad de La Paz Bolivia. Pertenece al Colegio Nacional de Abogados de Bolivia y es miembro del Comit\u00e9 Acad\u00e9mico de la Maestr\u00eda de Derecho Administrativo de la Universidad Andina Sim\u00f3n Bol\u00edvar, Centro de Excelencia del Parlamento Andino. Presidente del Capitulo Catal\u00e1n de la Sociedad Internacional para el Desarrollo. Profesora Invitada del Instituto Nacional de Administraci\u00f3n P\u00fablica de Espa\u00f1a, INAP. Fue entre 1988 y 1989 Coordinadora Latinoamericana de la Asociaci\u00f3n Cristiana Femenina (YWCA).<\/p>\n<p>Despu\u00e9s de la tertulia iremos, como de costumbre, a cenar al Caf\u00e9 Hispano.<\/p>\n","protected":false},"excerpt":{"rendered":"<p>Excma. Sra. D\u00aa Teresa Ossio Bustillos El momento de Bolivia Martes, 7 de Febrero de 2006 En nuestra pr\u00f3xima tertulia, martes 7 de febrero, tendremos con nosotros a la Excma. Sra. D\u00aa Teresa Ossio Bustillos Embajadora de Bolivia en Espa\u00f1a. Nos hablara sobre \u201cel momento de Bolivia\u201d. D\u00aa Teresa Ossio es Licenciada en Ciencias Jur\u00eddicas [&hellip;]<\/p>\n","protected":false},"author":1,"featured_media":0,"parent":154,"menu_order":0,"comment_status":"open","ping_status":"open","template":"","meta":{"ngg_post_thumbnail":0,"footnotes":""},"class_list":["post-223","page","type-page","status-publish","hentry"],"_links":{"self":[{"href":"https:\/\/asoc-fulbright.es\/index.php?rest_route=\/wp\/v2\/pages\/223","targetHints":{"allow":["GET"]}}],"collection":[{"href":"https:\/\/asoc-fulbright.es\/index.php?rest_route=\/wp\/v2\/pages"}],"about":[{"href":"https:\/\/asoc-fulbright.es\/index.php?rest_route=\/wp\/v2\/types\/page"}],"author":[{"embeddable":true,"href":"https:\/\/asoc-fulbright.es\/index.php?rest_route=\/wp\/v2\/users\/1"}],"replies":[{"embeddable":true,"href":"https:\/\/asoc-fulbright.es\/index.php?rest_route=%2Fwp%2Fv2%2Fcomments&post=223"}],"version-history":[{"count":2,"href":"https:\/\/asoc-fulbright.es\/index.php?rest_route=\/wp\/v2\/pages\/223\/revisions"}],"predecessor-version":[{"id":1533,"href":"https:\/\/asoc-fulbright.es\/index.php?rest_route=\/wp\/v2\/pages\/223\/revisions\/1533"}],"up":[{"embeddable":true,"href":"https:\/\/asoc-fulbright.es\/index.php?rest_route=\/wp\/v2\/pages\/154"}],"wp:attachment":[{"href":"https:\/\/asoc-fulbright.es\/index.php?rest_route=%2Fwp%2Fv2%2Fmedia&parent=223"}],"curies":[{"name":"wp","href":"https:\/\/api.w.org\/{rel}","templated":true}]}}