{"id":221,"date":"2009-02-09T09:42:44","date_gmt":"2009-02-09T08:42:44","guid":{"rendered":"http:\/\/beta.asoc-fulbright.es\/?page_id=221"},"modified":"2010-02-01T10:33:27","modified_gmt":"2010-02-01T09:33:27","slug":"tertulia-fulbright-interpretacion-monetarista-de-la-historia","status":"publish","type":"page","link":"https:\/\/asoc-fulbright.es\/?page_id=221","title":{"rendered":"Tertulia Fulbright: Interpretaci\u00f3n monetarista de la historia"},"content":{"rendered":"<p>D. Manuel Funes Robert<br \/>\nInterpretaci\u00f3n monetarista de la historia<br \/>\nMartes, 7 de Marzo de 2006<\/p>\n<p>En nuestra proxima tertulia, martes d\u00eda 7 de marzo, tendremos con nosotros a D. Manuel Funes Robert. Nos hablara sobre \u00abinterpretaci\u00f3n monetarista de la historia\u00bb.<\/p>\n<p>Manuel Funes Robert pertenece a una de las promociones m\u00e1s brillantes del Cuerpo de T\u00e9cnicos Comerciales del Estado. Ha desempe\u00f1ado puestos de relevancia en el \u00e1rea econ\u00f3mica de la Administraci\u00f3n P\u00fablica. Autor de numerosas publicaciones en la materia, ha desarrollado una extensa labor docente y actuado como consultor de organismos internacionales y gobiernos extranjeros.<\/p>\n<p>Despu\u00e9s de la tertulia iremos, como de costumbre, a cenar al Caf\u00e9 Hispano.<\/p>\n","protected":false},"excerpt":{"rendered":"<p>D. Manuel Funes Robert Interpretaci\u00f3n monetarista de la historia Martes, 7 de Marzo de 2006 En nuestra proxima tertulia, martes d\u00eda 7 de marzo, tendremos con nosotros a D. Manuel Funes Robert. Nos hablara sobre \u00abinterpretaci\u00f3n monetarista de la historia\u00bb. Manuel Funes Robert pertenece a una de las promociones m\u00e1s brillantes del Cuerpo de T\u00e9cnicos [&hellip;]<\/p>\n","protected":false},"author":1,"featured_media":0,"parent":154,"menu_order":0,"comment_status":"open","ping_status":"open","template":"","meta":{"ngg_post_thumbnail":0,"footnotes":""},"class_list":["post-221","page","type-page","status-publish","hentry"],"_links":{"self":[{"href":"https:\/\/asoc-fulbright.es\/index.php?rest_route=\/wp\/v2\/pages\/221","targetHints":{"allow":["GET"]}}],"collection":[{"href":"https:\/\/asoc-fulbright.es\/index.php?rest_route=\/wp\/v2\/pages"}],"about":[{"href":"https:\/\/asoc-fulbright.es\/index.php?rest_route=\/wp\/v2\/types\/page"}],"author":[{"embeddable":true,"href":"https:\/\/asoc-fulbright.es\/index.php?rest_route=\/wp\/v2\/users\/1"}],"replies":[{"embeddable":true,"href":"https:\/\/asoc-fulbright.es\/index.php?rest_route=%2Fwp%2Fv2%2Fcomments&post=221"}],"version-history":[{"count":2,"href":"https:\/\/asoc-fulbright.es\/index.php?rest_route=\/wp\/v2\/pages\/221\/revisions"}],"predecessor-version":[{"id":1532,"href":"https:\/\/asoc-fulbright.es\/index.php?rest_route=\/wp\/v2\/pages\/221\/revisions\/1532"}],"up":[{"embeddable":true,"href":"https:\/\/asoc-fulbright.es\/index.php?rest_route=\/wp\/v2\/pages\/154"}],"wp:attachment":[{"href":"https:\/\/asoc-fulbright.es\/index.php?rest_route=%2Fwp%2Fv2%2Fmedia&parent=221"}],"curies":[{"name":"wp","href":"https:\/\/api.w.org\/{rel}","templated":true}]}}