{"id":216,"date":"2009-02-09T09:41:26","date_gmt":"2009-02-09T08:41:26","guid":{"rendered":"http:\/\/beta.asoc-fulbright.es\/?page_id=216"},"modified":"2010-02-01T10:32:12","modified_gmt":"2010-02-01T09:32:12","slug":"tertulia-fulbright-%c2%bfque-mueve-los-mercados","status":"publish","type":"page","link":"https:\/\/asoc-fulbright.es\/?page_id=216","title":{"rendered":"Tertulia Fulbright: \u00bfQu\u00e9 mueve los mercados?"},"content":{"rendered":"<p>D. Juan Antonio Perez-Campanero Fern\u00e1ndez<br \/>\n\u00bfQu\u00e9 mueve los mercados?<br \/>\nMartes, 9 de Mayo de 2006<\/p>\n<p>En nuestra pr\u00f3xima tertulia, martes 9 de mayo, tendremos con nosotros D. Juan Antonio Perez-Campanero Fern\u00e1ndez.<\/p>\n<p>Su conferencia versar\u00e1 sobre el tema:<\/p>\n<p>\u00bfQu\u00e9 mueve los mercados?<\/p>\n<p>Discusi\u00f3n de los principales vectores de riesgo (riesgo de inter\u00e9s, riesgo de cr\u00e9dito, riesgo cambiario, etc.) que influyen en los precios de los activos financieros, y breve recorrido por los principales factores fundamentales y t\u00e9cnicos que influyen en esos vectores de riesgo. En una segunda parte se examinan los elementos m\u00e1s relevantes del momento financiero actual y algunas cuestiones relativas a problemas a m\u00e1s largo plazo.<\/p>\n<p>Juan P\u00e9rez-Campanero es economista. Realiz\u00f3 sus estudios de doctorado en econom\u00eda en la Universidad Complutense de Madrid y en la Universidad de Chicago.<\/p>\n<p>Ha sido profesor en varias universidades (Complutense, Carlos III, Alcal\u00e1) y en el centro de formaci\u00f3n del Banco de Espa\u00f1a, y ha trabajado como economista y consultor en organismos internacionales (Banco Mundial, Fondo Monetario Internacional) y como subdirector de la fundaci\u00f3n FEDEA. Ha desempe\u00f1ado diversas posiciones en entidades financieras, J.P. Morgan, Caixa Galicia, y Santander Central Hispano, donde actualmente trabaja como Executive Director en la Tesorer\u00eda Europa.<\/p>\n<p>Es tambi\u00e9n miembro del consejo editorial de \u00abExpansi\u00f3n\u00bb y \u00abActualidad Econ\u00f3mica\u00bb.<\/p>\n<p>Despu\u00e9s de la tertulia iremos, como de costumbre, a cenar al Caf\u00e9 Hispano.<\/p>\n","protected":false},"excerpt":{"rendered":"<p>D. Juan Antonio Perez-Campanero Fern\u00e1ndez \u00bfQu\u00e9 mueve los mercados? Martes, 9 de Mayo de 2006 En nuestra pr\u00f3xima tertulia, martes 9 de mayo, tendremos con nosotros D. Juan Antonio Perez-Campanero Fern\u00e1ndez. Su conferencia versar\u00e1 sobre el tema: \u00bfQu\u00e9 mueve los mercados? Discusi\u00f3n de los principales vectores de riesgo (riesgo de inter\u00e9s, riesgo de cr\u00e9dito, riesgo [&hellip;]<\/p>\n","protected":false},"author":1,"featured_media":0,"parent":154,"menu_order":0,"comment_status":"open","ping_status":"open","template":"","meta":{"ngg_post_thumbnail":0,"footnotes":""},"class_list":["post-216","page","type-page","status-publish","hentry"],"_links":{"self":[{"href":"https:\/\/asoc-fulbright.es\/index.php?rest_route=\/wp\/v2\/pages\/216","targetHints":{"allow":["GET"]}}],"collection":[{"href":"https:\/\/asoc-fulbright.es\/index.php?rest_route=\/wp\/v2\/pages"}],"about":[{"href":"https:\/\/asoc-fulbright.es\/index.php?rest_route=\/wp\/v2\/types\/page"}],"author":[{"embeddable":true,"href":"https:\/\/asoc-fulbright.es\/index.php?rest_route=\/wp\/v2\/users\/1"}],"replies":[{"embeddable":true,"href":"https:\/\/asoc-fulbright.es\/index.php?rest_route=%2Fwp%2Fv2%2Fcomments&post=216"}],"version-history":[{"count":2,"href":"https:\/\/asoc-fulbright.es\/index.php?rest_route=\/wp\/v2\/pages\/216\/revisions"}],"predecessor-version":[{"id":1530,"href":"https:\/\/asoc-fulbright.es\/index.php?rest_route=\/wp\/v2\/pages\/216\/revisions\/1530"}],"up":[{"embeddable":true,"href":"https:\/\/asoc-fulbright.es\/index.php?rest_route=\/wp\/v2\/pages\/154"}],"wp:attachment":[{"href":"https:\/\/asoc-fulbright.es\/index.php?rest_route=%2Fwp%2Fv2%2Fmedia&parent=216"}],"curies":[{"name":"wp","href":"https:\/\/api.w.org\/{rel}","templated":true}]}}