{"id":214,"date":"2009-02-09T09:40:43","date_gmt":"2009-02-09T08:40:43","guid":{"rendered":"http:\/\/beta.asoc-fulbright.es\/?page_id=214"},"modified":"2010-02-01T10:31:24","modified_gmt":"2010-02-01T09:31:24","slug":"tertulia-fulbright-la-revolucion-pendiente-de-la-universidad-espanola","status":"publish","type":"page","link":"https:\/\/asoc-fulbright.es\/?page_id=214","title":{"rendered":"Tertulia Fulbright: La revoluci\u00f3n pendiente de la universidad espa\u00f1ola"},"content":{"rendered":"<p>D. Jos\u00e9 Canosa<br \/>\nLicenciado en Ciencias F\u00edsicas en la Universidad de Barcelona, y obtuvo el doctorado (Ph.D.) en F\u00edsica Aplicada en la Universidad de Harvard<br \/>\nMartes, 6 de Junio de 2007<\/p>\n<p>En nuestra pr\u00f3xima tertulia, martes 6 de junio, tendremos con nosotros D. Jos\u00e9 Canosa.<\/p>\n<p>Su conferencia versar\u00e1 sobre el tema: La revoluci\u00f3n pendiente de la universidad espa\u00f1ola.<\/p>\n<p>Jos\u00e9 Canosa se licenci\u00f3 en Ciencias F\u00edsicas en la Universidad de Barcelona, y obtuvo el doctorado (Ph.D.) en F\u00edsica Aplicada en la Universidad de Harvard. Ha vivido 16 a\u00f1os en Estados Unidos, y tiene doble nacionalidad. Ense\u00f1\u00f3 ingenier\u00eda nuclear en la Universidad de California, Berkeley; trabaj\u00f3 durante tres a\u00f1os en el Vallecitos Atomic Laboratory de General Electric en California, en seguridad de reactores nucleares; trabaj\u00f3 durante nueve a\u00f1os en el Centro Cient\u00edfico de IBM en Palo Alto (California) en c\u00e1lculos cient\u00edficos a gran escala, y estuvo un a\u00f1o sab\u00e1tico en el Plasma Physics Laboratory de la Universidad de Princeton, en donde investig\u00f3 sobre el transporte de energ\u00eda en m\u00e1quinas termonucleares tokamak. En Estados Unidos tiene numerosas publicaciones en din\u00e1mica de reactores nucleares, problemas de transporte de neutrones en reactores nucleares y de transmisi\u00f3n de la luz en atm\u00f3sferas planetarias, simulaci\u00f3n num\u00e9rica de plasmas de fusi\u00f3n termonuclear, f\u00edsica matem\u00e1tica, y f\u00edsica de fluidos.<\/p>\n<p>En Espa\u00f1a ense\u00f1\u00f3 en la Universidad Aut\u00f3noma de Madrid, en donde obtuvo un nombramiento de catedr\u00e1tico ad-honorem; en la sede de Madrid de la Universidad de Saint Louis (Missouri); y en la Universidad Alfonso X El Sabio. Cre\u00f3 una empresa de software educativo y ha publicado seis libros de inform\u00e1tica sobre lenguajes de programaci\u00f3n y c\u00e1lculos cient\u00edficos con ordenador, con las editoriales McGraw-Hill y Marcombo de Barcelona.<\/p>\n<p>En su libro m\u00e1s reciente \u00abUniversidades, Investigaci\u00f3n y Tecnolog\u00eda: \u00bfAd\u00f3nde va Espa\u00f1a?\u00bb (Editorial Vision Net, 2005) se compara el sistema universitario y cient\u00edfico espa\u00f1ol con los de los Estados Unidos y algunos pa\u00edses de Europa.<\/p>\n<p>En 1975, recibi\u00f3 un Premio IBM por una Contribuci\u00f3n Extraordinaria de Investigaci\u00f3n, por un m\u00e9todo nuevo para la soluci\u00f3n num\u00e9rica de la ecuaci\u00f3n de transmisi\u00f3n de la luz en atm\u00f3sferas planetarias.<\/p>\n<p>Despu\u00e9s de la tertulia iremos, como de costumbre, a cenar al Caf\u00e9 Hispano.<\/p>\n","protected":false},"excerpt":{"rendered":"<p>D. Jos\u00e9 Canosa Licenciado en Ciencias F\u00edsicas en la Universidad de Barcelona, y obtuvo el doctorado (Ph.D.) en F\u00edsica Aplicada en la Universidad de Harvard Martes, 6 de Junio de 2007 En nuestra pr\u00f3xima tertulia, martes 6 de junio, tendremos con nosotros D. Jos\u00e9 Canosa. Su conferencia versar\u00e1 sobre el tema: La revoluci\u00f3n pendiente de [&hellip;]<\/p>\n","protected":false},"author":1,"featured_media":0,"parent":154,"menu_order":0,"comment_status":"open","ping_status":"open","template":"","meta":{"ngg_post_thumbnail":0,"footnotes":""},"class_list":["post-214","page","type-page","status-publish","hentry"],"_links":{"self":[{"href":"https:\/\/asoc-fulbright.es\/index.php?rest_route=\/wp\/v2\/pages\/214","targetHints":{"allow":["GET"]}}],"collection":[{"href":"https:\/\/asoc-fulbright.es\/index.php?rest_route=\/wp\/v2\/pages"}],"about":[{"href":"https:\/\/asoc-fulbright.es\/index.php?rest_route=\/wp\/v2\/types\/page"}],"author":[{"embeddable":true,"href":"https:\/\/asoc-fulbright.es\/index.php?rest_route=\/wp\/v2\/users\/1"}],"replies":[{"embeddable":true,"href":"https:\/\/asoc-fulbright.es\/index.php?rest_route=%2Fwp%2Fv2%2Fcomments&post=214"}],"version-history":[{"count":2,"href":"https:\/\/asoc-fulbright.es\/index.php?rest_route=\/wp\/v2\/pages\/214\/revisions"}],"predecessor-version":[{"id":1528,"href":"https:\/\/asoc-fulbright.es\/index.php?rest_route=\/wp\/v2\/pages\/214\/revisions\/1528"}],"up":[{"embeddable":true,"href":"https:\/\/asoc-fulbright.es\/index.php?rest_route=\/wp\/v2\/pages\/154"}],"wp:attachment":[{"href":"https:\/\/asoc-fulbright.es\/index.php?rest_route=%2Fwp%2Fv2%2Fmedia&parent=214"}],"curies":[{"name":"wp","href":"https:\/\/api.w.org\/{rel}","templated":true}]}}