{"id":212,"date":"2009-02-09T09:40:02","date_gmt":"2009-02-09T08:40:02","guid":{"rendered":"http:\/\/beta.asoc-fulbright.es\/?page_id=212"},"modified":"2010-02-01T10:30:59","modified_gmt":"2010-02-01T09:30:59","slug":"tertulia-fulbright-el-quijote-frente-a-la-realidad-una-lectura-estadistica","status":"publish","type":"page","link":"https:\/\/asoc-fulbright.es\/?page_id=212","title":{"rendered":"Tertulia Fulbright: El Quijote frente a la realidad. Una lectura estad\u00edstica"},"content":{"rendered":"<p>D. Jos\u00e9 Aranda Aznar<br \/>\nEl Quijote frente a la realidad. Una lectura estad\u00edstica<br \/>\nLunes, 3 de Julio de 2006<\/p>\n<p>Tenemos dos importantes anuncios en relaci\u00f3n con nuestra pr\u00f3xima tertulia de julio.<\/p>\n<p>El primero es que cambiamos de sitio. Nos reuniremos en la Sala \u00abC\u00bb de *La Escuela T\u00e9cnica Superior de Ingenieros Industriales*: c\/ Jos\u00e9 Guti\u00e9rrez Abascal, n\u00ba2. (Donde est\u00e1 el Museo de Ciencias Naturales, para un plano pulsa \u00abUbicaci\u00f3n\u00bb en www.etsii.upm.es\/inforgen)<\/p>\n<p>Es un privilegio para nosotros la invitaci\u00f3n de la Escuela T\u00e9nica Superior de Ingenieros Industriales para desarrollar nuestras tertulias en su recinto. La Escuela, instalada en el emblem\u00e1tico conjunto arquitect\u00f3nico de hierro y cristal que alberga tambi\u00e9n el Museo de Ciencias Naturales, representa una gran tradici\u00f3n de formaci\u00f3n y progreso ilustrado. La Escuela fue el primer centro creado en 1850 por el Real Instituto Industrial, compuesto en gran parte por pensionados formados en el extranjero (principalmente Francia, Inglaterra y B\u00e9lgica), con el objetivo de hacer avanzar la ciencia y promover la modernizaci\u00f3n econ\u00f3mica e industrial en Espa\u00f1a. Durante el siglo 20, personas claves para la ciencia, la t\u00e9cnica y la cultura espa\u00f1ola, como el matem\u00e1tico Pedro Puig Adam o la fil\u00f3loga Mar\u00eda Moliner, trabajaron en sus aulas y en su biblioteca.<\/p>\n<p>El segundo anuncio es que para no coincidir con la fiesta nacional estadounidense del 4 de julio, vamos a celebrar la tertulia el Lunes, 3 de julio.<\/p>\n<p>Nuestro contertulio ser\u00e1 D. Jos\u00e9 Aranda Aznar. Su conferencia versar\u00e1 sobre su libro reci\u00e9n publicado:<\/p>\n<p>*El Quijote frente a la realidad. Una lectura estad\u00edstica*<\/p>\n<p>En este libro se altera esa mec\u00e1nica habitual que consiste en que economistas, estad\u00edsticos o historiadores, busquen en las obras literarias testimonios de lo que ocurr\u00eda en una determinada \u00e9poca hist\u00f3rica y, por el contrario, se ha buscado en primer t\u00e9rmino la informaci\u00f3n objetiva que se deriva de los datos estad\u00edsticos y documentales de la \u00e9poca (finales del siglo XVI y principios del XVII) para poder enjuiciar posteriormente si la novela de Cervantes reflej\u00f3 la realidad de su tiempo o, por el contrario, expres\u00f3 un mundo imaginario que ten\u00eda poco que ver con esa realidad. Jos\u00e9 Aranda Aznar es economista y estad\u00edstico, profesi\u00f3n que ha desarrollado en el Instituto Nacional de Estad\u00edstica, organismo del que fue Director de Estad\u00edsticas de Poblaci\u00f3n desde 1989 a 1997. En el terreno profesional, ha sido responsable de importantes investigaciones, impartido conferencias y publicado varios centenares de art\u00edculos en revistas cient\u00edficas y en prensa. Ya en la Universidad comenz\u00f3 su tarea literaria, dirigiendo revistas culturales y escribiendo art\u00edculos y cuentos as\u00ed como guiones para radio y televisi\u00f3n.<\/p>\n<p>Despu\u00e9s de la tertulia iremos, como de costumbre, a cenar al Caf\u00e9 Hispano.<\/p>\n","protected":false},"excerpt":{"rendered":"<p>D. Jos\u00e9 Aranda Aznar El Quijote frente a la realidad. Una lectura estad\u00edstica Lunes, 3 de Julio de 2006 Tenemos dos importantes anuncios en relaci\u00f3n con nuestra pr\u00f3xima tertulia de julio. El primero es que cambiamos de sitio. Nos reuniremos en la Sala \u00abC\u00bb de *La Escuela T\u00e9cnica Superior de Ingenieros Industriales*: c\/ Jos\u00e9 Guti\u00e9rrez [&hellip;]<\/p>\n","protected":false},"author":1,"featured_media":0,"parent":154,"menu_order":0,"comment_status":"open","ping_status":"open","template":"","meta":{"ngg_post_thumbnail":0,"footnotes":""},"class_list":["post-212","page","type-page","status-publish","hentry"],"_links":{"self":[{"href":"https:\/\/asoc-fulbright.es\/index.php?rest_route=\/wp\/v2\/pages\/212","targetHints":{"allow":["GET"]}}],"collection":[{"href":"https:\/\/asoc-fulbright.es\/index.php?rest_route=\/wp\/v2\/pages"}],"about":[{"href":"https:\/\/asoc-fulbright.es\/index.php?rest_route=\/wp\/v2\/types\/page"}],"author":[{"embeddable":true,"href":"https:\/\/asoc-fulbright.es\/index.php?rest_route=\/wp\/v2\/users\/1"}],"replies":[{"embeddable":true,"href":"https:\/\/asoc-fulbright.es\/index.php?rest_route=%2Fwp%2Fv2%2Fcomments&post=212"}],"version-history":[{"count":2,"href":"https:\/\/asoc-fulbright.es\/index.php?rest_route=\/wp\/v2\/pages\/212\/revisions"}],"predecessor-version":[{"id":1527,"href":"https:\/\/asoc-fulbright.es\/index.php?rest_route=\/wp\/v2\/pages\/212\/revisions\/1527"}],"up":[{"embeddable":true,"href":"https:\/\/asoc-fulbright.es\/index.php?rest_route=\/wp\/v2\/pages\/154"}],"wp:attachment":[{"href":"https:\/\/asoc-fulbright.es\/index.php?rest_route=%2Fwp%2Fv2%2Fmedia&parent=212"}],"curies":[{"name":"wp","href":"https:\/\/api.w.org\/{rel}","templated":true}]}}