{"id":210,"date":"2009-02-09T09:39:17","date_gmt":"2009-02-09T08:39:17","guid":{"rendered":"http:\/\/beta.asoc-fulbright.es\/?page_id=210"},"modified":"2010-02-01T10:30:30","modified_gmt":"2010-02-01T09:30:30","slug":"tertulia-fulbright-malaysia-the-struggle-for-peace-stability-and-development","status":"publish","type":"page","link":"https:\/\/asoc-fulbright.es\/?page_id=210","title":{"rendered":"Tertulia Fulbright: Malaysia: The Struggle for Peace, Stability and Development"},"content":{"rendered":"<p>Dr. Mohd. Yusof Ahmad<br \/>\nMalaysia: The Struggle for Peace, Stability and Development<br \/>\nLunes, 11 de Septiembre de 2006<\/p>\n<p>En nuestra pr\u00f3xima tertulia del lunes 11 de septiembre, que como ya os hemos dicho ser\u00e1 a la hora habitual en la Sala \u00abC\u00bb de la Escuela T\u00e9cnica Superior de Ingenieros Industriales de Madrid (calle Jos\u00e9 Guti\u00e9rrez Abascal, 2; ver apartado \u00abUbicaci\u00f3n\u00bb en www.etsii.upm.es\/inforgen), tendremos el honor de contar con el Excmo. Sr. Embajador de Malasia en Madrid, Dr. Mohd. Yusof Ahmad, que nos hablar\u00e1 (en ingl\u00e9s) sobre:<\/p>\n<p>Malaysia: The Struggle for Peace, Stability and Development<\/p>\n<p>Abstract<\/p>\n<p>Malaysia is a small trading nation comprising two geographical areas separated by the vast South China Sea. Populated by some 25 million people of multi-religious, multi-ethnic, multi-lingual and multi-cultural background, Malaysia today is one example of a developing country committed to the continuing struggle for national progress and development amidst a constantly changing and often hostile regional and international environment. Since independence from Britain in 1957, Malaysia has charted its own progress from primarily a commodity based agricultural economy to become an increasingly industrialized advanced developing state. Born at a time of heightened Cold War tension regionally and confronted with a diverse, complex and often conflicting socio-economic, cultural, ethnic, religious, political and security dynamics domestically, the struggle has not been an easy one. Despite these challenges, Malaysia&#8217;s progress thus far has been remarkable. A critical ingredient of this progress must necessarily be the continued prevalence of domestic stability accruing from the blessed combination of committed leaderships, pragmatic policies and a political and economic system which is open and adept to changes in the domestic and regional environment.<\/p>\n<p>The end of the Cold War, rapid advances in communication and information technology and the advent of Globalization have also brought along with them many new challenges. For small trading nations like Malaysia, the task ahead is indeed more daunting. Given its continued overdependence on external trade and new developments in the domestic, regional and international system, which could disrupt national development objectives, Malaysia is thus once again confronted with the task of devising appropriate strategies to cope with these new challenges. The success of this venture will determine whether her struggle to achieve the vision of becoming a fully developed nation by the year 2020 will be realized.<\/p>\n<p>Despu\u00e9s de la tertulia iremos, como de costumbre, a cenar al Caf\u00e9 Hispano.<\/p>\n","protected":false},"excerpt":{"rendered":"<p>Dr. Mohd. Yusof Ahmad Malaysia: The Struggle for Peace, Stability and Development Lunes, 11 de Septiembre de 2006 En nuestra pr\u00f3xima tertulia del lunes 11 de septiembre, que como ya os hemos dicho ser\u00e1 a la hora habitual en la Sala \u00abC\u00bb de la Escuela T\u00e9cnica Superior de Ingenieros Industriales de Madrid (calle Jos\u00e9 Guti\u00e9rrez [&hellip;]<\/p>\n","protected":false},"author":1,"featured_media":0,"parent":154,"menu_order":0,"comment_status":"open","ping_status":"open","template":"","meta":{"ngg_post_thumbnail":0,"footnotes":""},"class_list":["post-210","page","type-page","status-publish","hentry"],"_links":{"self":[{"href":"https:\/\/asoc-fulbright.es\/index.php?rest_route=\/wp\/v2\/pages\/210","targetHints":{"allow":["GET"]}}],"collection":[{"href":"https:\/\/asoc-fulbright.es\/index.php?rest_route=\/wp\/v2\/pages"}],"about":[{"href":"https:\/\/asoc-fulbright.es\/index.php?rest_route=\/wp\/v2\/types\/page"}],"author":[{"embeddable":true,"href":"https:\/\/asoc-fulbright.es\/index.php?rest_route=\/wp\/v2\/users\/1"}],"replies":[{"embeddable":true,"href":"https:\/\/asoc-fulbright.es\/index.php?rest_route=%2Fwp%2Fv2%2Fcomments&post=210"}],"version-history":[{"count":2,"href":"https:\/\/asoc-fulbright.es\/index.php?rest_route=\/wp\/v2\/pages\/210\/revisions"}],"predecessor-version":[{"id":1526,"href":"https:\/\/asoc-fulbright.es\/index.php?rest_route=\/wp\/v2\/pages\/210\/revisions\/1526"}],"up":[{"embeddable":true,"href":"https:\/\/asoc-fulbright.es\/index.php?rest_route=\/wp\/v2\/pages\/154"}],"wp:attachment":[{"href":"https:\/\/asoc-fulbright.es\/index.php?rest_route=%2Fwp%2Fv2%2Fmedia&parent=210"}],"curies":[{"name":"wp","href":"https:\/\/api.w.org\/{rel}","templated":true}]}}