{"id":208,"date":"2009-02-09T09:38:37","date_gmt":"2009-02-09T08:38:37","guid":{"rendered":"http:\/\/beta.asoc-fulbright.es\/?page_id=208"},"modified":"2010-02-01T10:29:58","modified_gmt":"2010-02-01T09:29:58","slug":"tertulia-fulbright-las-prioridades-de-la-politica-exterior-espanola","status":"publish","type":"page","link":"https:\/\/asoc-fulbright.es\/?page_id=208","title":{"rendered":"Tertulia Fulbright: Las prioridades de la pol\u00edtica exterior espa\u00f1ola"},"content":{"rendered":"<p>D. Rafael Dezcallar de Mazarredo<br \/>\nactual Director General de Pol\u00edtica Exterior<br \/>\nMartes, 10 de Octubre de 2006<\/p>\n<p>En nuestra pr\u00f3xima tertulia mensual, el martes 10 de octubre, tenemos como invitado a<\/p>\n<p>RAFAEL DEZCALLAR DE MAZARREDO, actual Director General de Pol\u00edtica Exterior,<\/p>\n<p>que nos hablar\u00e1 de:<\/p>\n<p>LAS PRIORIDADES DE LA POL\u00cdTICA EXTERIOR ESPA\u00d1OLA<\/p>\n<p>Rafael Dezcallar es Licenciado en Derecho por la Universidad Aut\u00f3noma de Madrid, Master en Ciencias Pol\u00edticas por la Universidad de Stanford y Diplomado de Estudios Internacionales por la Escuela Diplom\u00e1tica. Ha sido becario Fulbright (1979-1981).<\/p>\n<p>Fue Subdirector General de Naciones Unidas en el periodo 1998-2003. Tiene tras de s\u00ed una dilatada experiencia diplom\u00e1tica, habiendo sido embajador en Addis Abeba y desempe\u00f1ado previamente diversos cargos en las embajadas de Espa\u00f1a en Honduras, Israel, La Habana y Mosc\u00fa.<\/p>\n<p>Es autor de numerosas publicaciones, incluidos varios libros, el \u00faltimo de los cuales es \u00abTierra de Israel, tierra palestina\u00bb (Alianza Editorial, 2003). Es Oficial de las \u00d3rdenes del M\u00e9rito Civil (1988) e Isabel la Cat\u00f3lica (1991) y miembro del Cap\u00edtulo espa\u00f1ol del Club de Roma.<\/p>\n<p>Ha desempe\u00f1ado igualmente diversos cargos en la Administraci\u00f3n espa\u00f1ola y, desde Junio de 2004, es Director General de Pol\u00edtica Exterior del Ministerio de Asuntos Exteriores.<\/p>\n<p>Despu\u00e9s de la tertulia iremos, como de costumbre, a cenar al Caf\u00e9 Hispano.<\/p>\n","protected":false},"excerpt":{"rendered":"<p>D. Rafael Dezcallar de Mazarredo actual Director General de Pol\u00edtica Exterior Martes, 10 de Octubre de 2006 En nuestra pr\u00f3xima tertulia mensual, el martes 10 de octubre, tenemos como invitado a RAFAEL DEZCALLAR DE MAZARREDO, actual Director General de Pol\u00edtica Exterior, que nos hablar\u00e1 de: LAS PRIORIDADES DE LA POL\u00cdTICA EXTERIOR ESPA\u00d1OLA Rafael Dezcallar es [&hellip;]<\/p>\n","protected":false},"author":1,"featured_media":0,"parent":154,"menu_order":0,"comment_status":"open","ping_status":"open","template":"","meta":{"ngg_post_thumbnail":0,"footnotes":""},"class_list":["post-208","page","type-page","status-publish","hentry"],"_links":{"self":[{"href":"https:\/\/asoc-fulbright.es\/index.php?rest_route=\/wp\/v2\/pages\/208","targetHints":{"allow":["GET"]}}],"collection":[{"href":"https:\/\/asoc-fulbright.es\/index.php?rest_route=\/wp\/v2\/pages"}],"about":[{"href":"https:\/\/asoc-fulbright.es\/index.php?rest_route=\/wp\/v2\/types\/page"}],"author":[{"embeddable":true,"href":"https:\/\/asoc-fulbright.es\/index.php?rest_route=\/wp\/v2\/users\/1"}],"replies":[{"embeddable":true,"href":"https:\/\/asoc-fulbright.es\/index.php?rest_route=%2Fwp%2Fv2%2Fcomments&post=208"}],"version-history":[{"count":2,"href":"https:\/\/asoc-fulbright.es\/index.php?rest_route=\/wp\/v2\/pages\/208\/revisions"}],"predecessor-version":[{"id":1525,"href":"https:\/\/asoc-fulbright.es\/index.php?rest_route=\/wp\/v2\/pages\/208\/revisions\/1525"}],"up":[{"embeddable":true,"href":"https:\/\/asoc-fulbright.es\/index.php?rest_route=\/wp\/v2\/pages\/154"}],"wp:attachment":[{"href":"https:\/\/asoc-fulbright.es\/index.php?rest_route=%2Fwp%2Fv2%2Fmedia&parent=208"}],"curies":[{"name":"wp","href":"https:\/\/api.w.org\/{rel}","templated":true}]}}