{"id":206,"date":"2009-02-09T09:37:55","date_gmt":"2009-02-09T08:37:55","guid":{"rendered":"http:\/\/beta.asoc-fulbright.es\/?page_id=206"},"modified":"2010-02-01T10:29:21","modified_gmt":"2010-02-01T09:29:21","slug":"tertulia-fulbright-globalizacion-y-crisis-de-liderazgo-global","status":"publish","type":"page","link":"https:\/\/asoc-fulbright.es\/?page_id=206","title":{"rendered":"Tertulia Fulbright: Globalizaci\u00f3n y crisis de liderazgo global"},"content":{"rendered":"<p>D. Mart\u00edn Ortega Carcel\u00e9n<br \/>\nInvestigador Principal en el Instituto de Estudios de Seguridad de la Uni\u00f3n Europea<br \/>\nMartes, 14 de Noviembre de 2006<\/p>\n<p>En nuestra pr\u00f3xima tertulia mensual, el martes 14 de noviembre, tenemos como invitado a<\/p>\n<p>MART\u00cdN ORTEGA CARCEL\u00c9N, actualmente Investigador Principal en el Instituto de Estudios de Seguridad de la Uni\u00f3n Europea,<\/p>\n<p>que nos hablar\u00e1 sobre:<\/p>\n<p>GLOBALIZACI\u00d3N Y CRISIS DE LIDERAZGO GLOBAL<\/p>\n<p>Doctor en Derecho Internacional, Mart\u00edn Ortega fue investigador en el St-Anthony&#8217;s College de la Universidad de Oxford, y luego Profesor titular de Derecho Internacional P\u00fablico y Relaciones Internacionales en las Universidades Aut\u00f3noma de Madrid, Salamanca y Complutense, realizando estancias de investigaci\u00f3n en diversos centros de Europa y Estados Unidos.<\/p>\n<p>Es especialista en la pol\u00edtica exterior y de seguridad y defensa de la UE, las relaciones transatl\u00e1nticas, las Naciones Unidas y las regiones del Mediterr\u00e1neo y de Oriente Medio. Su inter\u00e9s actual es el desarrollo de un multilateralismo eficaz y el reforzamiento del sistema de gobernanza global. Igualmente, prepara un ensayo sobre prospectiva.<\/p>\n<p>Ha publicado extensamente en espa\u00f1ol, franc\u00e9s e ingl\u00e9s sobre temas de su especialidad, y contribuye regularmente con art\u00edculos de opini\u00f3n en diarios internacionales de referencia.<\/p>\n<p>Entre sus publicaciones recientes se cuentan \u00abCosmocracia. Pol\u00edtica global para el siglo XXI\u00bb (editorial S\u00edntesis, Madrid, 2006), \u00abAbr\u00f3chense los cinturones. Crisis de liderazgo global\u00bb en la revista \u00abPol\u00edtica Exterior\u00bb de julio 2006, as\u00ed como la edici\u00f3n de los informes \u00abGlobal views on the European Union\u00bb (noviembre 2004) y \u00abThe EU and the United Nations: partners in effective multilateralism\u00bb (junio 2005), disponibles en www.iss-eu.org, y tambi\u00e9n varios informes sobre la cooperaci\u00f3n en materia de seguridad y defensa entre la Uni\u00f3n Europea y los pa\u00edses del Mediterr\u00e1neo.<\/p>\n<p>Despu\u00e9s de la tertulia iremos, como de costumbre, a cenar al Caf\u00e9 Hispano.<\/p>\n","protected":false},"excerpt":{"rendered":"<p>D. Mart\u00edn Ortega Carcel\u00e9n Investigador Principal en el Instituto de Estudios de Seguridad de la Uni\u00f3n Europea Martes, 14 de Noviembre de 2006 En nuestra pr\u00f3xima tertulia mensual, el martes 14 de noviembre, tenemos como invitado a MART\u00cdN ORTEGA CARCEL\u00c9N, actualmente Investigador Principal en el Instituto de Estudios de Seguridad de la Uni\u00f3n Europea, que [&hellip;]<\/p>\n","protected":false},"author":1,"featured_media":0,"parent":154,"menu_order":0,"comment_status":"open","ping_status":"open","template":"","meta":{"ngg_post_thumbnail":0,"footnotes":""},"class_list":["post-206","page","type-page","status-publish","hentry"],"_links":{"self":[{"href":"https:\/\/asoc-fulbright.es\/index.php?rest_route=\/wp\/v2\/pages\/206","targetHints":{"allow":["GET"]}}],"collection":[{"href":"https:\/\/asoc-fulbright.es\/index.php?rest_route=\/wp\/v2\/pages"}],"about":[{"href":"https:\/\/asoc-fulbright.es\/index.php?rest_route=\/wp\/v2\/types\/page"}],"author":[{"embeddable":true,"href":"https:\/\/asoc-fulbright.es\/index.php?rest_route=\/wp\/v2\/users\/1"}],"replies":[{"embeddable":true,"href":"https:\/\/asoc-fulbright.es\/index.php?rest_route=%2Fwp%2Fv2%2Fcomments&post=206"}],"version-history":[{"count":2,"href":"https:\/\/asoc-fulbright.es\/index.php?rest_route=\/wp\/v2\/pages\/206\/revisions"}],"predecessor-version":[{"id":1524,"href":"https:\/\/asoc-fulbright.es\/index.php?rest_route=\/wp\/v2\/pages\/206\/revisions\/1524"}],"up":[{"embeddable":true,"href":"https:\/\/asoc-fulbright.es\/index.php?rest_route=\/wp\/v2\/pages\/154"}],"wp:attachment":[{"href":"https:\/\/asoc-fulbright.es\/index.php?rest_route=%2Fwp%2Fv2%2Fmedia&parent=206"}],"curies":[{"name":"wp","href":"https:\/\/api.w.org\/{rel}","templated":true}]}}