{"id":188,"date":"2020-10-13T15:54:40","date_gmt":"2020-10-13T14:54:40","guid":{"rendered":"http:\/\/beta.asoc-fulbright.es\/?page_id=188"},"modified":"2020-10-13T15:54:40","modified_gmt":"2020-10-13T14:54:40","slug":"tertulia-fulbright-la-recuperacion-del-legado-escrito-la-memoria-de-la-antiguedad","status":"publish","type":"page","link":"https:\/\/asoc-fulbright.es\/?page_id=188","title":{"rendered":"Tertulia Fulbright: La recuperaci\u00f3n del legado escrito: La memoria de la antig\u00fcedad"},"content":{"rendered":"<p>D. Sof\u00eda Torallas Tovar<br \/>\nactualmente Cient\u00edfica Titular en el Instituto de Filolog\u00eda del CSIC<br \/>\nMartes, 12 de Diciembre de 2006<\/p>\n<p>En nuestra pr\u00f3xima tertulia mensual, el martes 12 de diciembre, tendremos como invitada a<\/p>\n<p>SOF\u00cdA TORALLAS TOVAR, actualmente Cient\u00edfica Titular en el Instituto de Filolog\u00eda del CSIC,<\/p>\n<p>que nos hablar\u00e1 sobre:<\/p>\n<p>LA RECUPERACI\u00d3N DEL LEGADO ESCRITO: LA MEMORIA DE LA ANTIG\u00dcEDAD<\/p>\n<p>Doctora en Filolog\u00eda Cl\u00e1sica por la Universidad Complutense de Madrid, ampli\u00f3 sus estudios posteriormente en Bochum (Alemania), Estocolmo y Londres, donde se form\u00f3 en la disciplina de la Papirolog\u00eda y la Coptolog\u00eda. Desde el a\u00f1o 2000 investiga en el Instituto de Filolog\u00eda del CSIC, donde recientemente obtuvo la plaza de CT.<\/p>\n<p>Es especialista en el Egipto de \u00e9poca grecorromana y bizantina, papirolog\u00eda e historia del legado escrito. Desde el a\u00f1o 2002 es conservadora de una de las colecciones de papiros m\u00e1s importantes de nuestro pa\u00eds, el fondo Roca-Puig, de la Abad\u00eda de Montserrat, aunque tambi\u00e9n colabora en la catalogaci\u00f3n del fondo Palau Ribes del Archivo Provincial de los Jesuitas de Barcelona. En la actualidad est\u00e1 formando un nuevo Laboratorio dentro del Instituto de Filolog\u00eda del CSIC, el de Gesti\u00f3n y Estudio del Patrimonio Escrito, que se ocupar\u00e1 en el nuevo centro de Humanidades de los proyectos que conlleven el estudio de manuscritos, papiros, inscripciones, etc, dando apoyo t\u00e9cnico y desarrollando tambi\u00e9n investigaci\u00f3n en este campo.<\/p>\n<p>Ha publicado entre otras cosas una Gram\u00e1tica de Copto Sah\u00eddico (2001) y un ensayo sobre la situaci\u00f3n ling\u00fc\u00edstica del Egipto antiguo: Identidad Ling\u00fc\u00edstica e Identidad Religiosa en el Egipto Grecorromano (2005).<\/p>\n<p>Despu\u00e9s de la tertulia iremos, como de costumbre, a cenar al Caf\u00e9 Hispano.<\/p>\n","protected":false},"excerpt":{"rendered":"<p>D. Sof\u00eda Torallas Tovar actualmente Cient\u00edfica Titular en el Instituto de Filolog\u00eda del CSIC Martes, 12 de Diciembre de 2006 En nuestra pr\u00f3xima tertulia mensual, el martes 12 de diciembre, tendremos como invitada a SOF\u00cdA TORALLAS TOVAR, actualmente Cient\u00edfica Titular en el Instituto de Filolog\u00eda del CSIC, que nos hablar\u00e1 sobre: LA RECUPERACI\u00d3N DEL LEGADO [&hellip;]<\/p>\n","protected":false},"author":1,"featured_media":0,"parent":154,"menu_order":0,"comment_status":"open","ping_status":"open","template":"","meta":{"ngg_post_thumbnail":0,"footnotes":""},"class_list":["post-188","page","type-page","status-publish","hentry"],"_links":{"self":[{"href":"https:\/\/asoc-fulbright.es\/index.php?rest_route=\/wp\/v2\/pages\/188","targetHints":{"allow":["GET"]}}],"collection":[{"href":"https:\/\/asoc-fulbright.es\/index.php?rest_route=\/wp\/v2\/pages"}],"about":[{"href":"https:\/\/asoc-fulbright.es\/index.php?rest_route=\/wp\/v2\/types\/page"}],"author":[{"embeddable":true,"href":"https:\/\/asoc-fulbright.es\/index.php?rest_route=\/wp\/v2\/users\/1"}],"replies":[{"embeddable":true,"href":"https:\/\/asoc-fulbright.es\/index.php?rest_route=%2Fwp%2Fv2%2Fcomments&post=188"}],"version-history":[{"count":2,"href":"https:\/\/asoc-fulbright.es\/index.php?rest_route=\/wp\/v2\/pages\/188\/revisions"}],"predecessor-version":[{"id":2502,"href":"https:\/\/asoc-fulbright.es\/index.php?rest_route=\/wp\/v2\/pages\/188\/revisions\/2502"}],"up":[{"embeddable":true,"href":"https:\/\/asoc-fulbright.es\/index.php?rest_route=\/wp\/v2\/pages\/154"}],"wp:attachment":[{"href":"https:\/\/asoc-fulbright.es\/index.php?rest_route=%2Fwp%2Fv2%2Fmedia&parent=188"}],"curies":[{"name":"wp","href":"https:\/\/api.w.org\/{rel}","templated":true}]}}