{"id":182,"date":"2009-02-09T08:10:42","date_gmt":"2009-02-09T07:10:42","guid":{"rendered":"http:\/\/beta.asoc-fulbright.es\/?page_id=182"},"modified":"2010-01-27T21:26:16","modified_gmt":"2010-01-27T20:26:16","slug":"tertulia-fulbright-universia-la-red-de-cooperacion-universitaria-iberoamericana-fruto-de-la-colaboracion-universidad-empresa","status":"publish","type":"page","link":"https:\/\/asoc-fulbright.es\/?page_id=182","title":{"rendered":"Tertulia Fulbright: Universia: La red de cooperaci\u00f3n universitaria iberoamericana, fruto de la colaboraci\u00f3n universidad-empresa"},"content":{"rendered":"<p>D. Jaume Pages Fita<br \/>\nDoctor Ingeniero Industrial y Catedr\u00e1tico de Ingenier\u00eda de Sistemas y Autom\u00e1tica de la Universidad Polit\u00e9cnica de Catalu\u00f1a<br \/>\nMartes, 6 de Marzo de 2007<\/p>\n<p>En nuestra proxima tertulia mensual, tendremos como invitado a<\/p>\n<p>JAUME PAGES FITA<\/p>\n<p>actualmente Consejero Delegado de Portal Universia S.A. (Grupo Santander), que nos hablara sobre:<\/p>\n<p>UNIVERSIA: LA RED DE COOPERACION UNIVERSITARIA IBEROAMERICANA, FRUTO DE LA COLABORACI\u00d3N UNIVERSIDAD-EMPRESA<\/p>\n<p>Nuestro conferenciante es un destacado universitario, Doctor Ingeniero Industrial y Catedratico de Ingenieria de Sistemas y Automatica de la Universidad Politecnica de Catalu\u00f1a (UPC). Es tambien Doctor Honoris Causa por la Universidad Tecnica de Nagaoka (Japon).<\/p>\n<p>En la UPC ocupo puestos relevantes de gestion, siendo Vicerrector de Ordenacion Academica de 1986 a 1994 y posteriormente Rector de 1994 a 2002.<\/p>\n<p>De 2002 a 2004 fue Consejero Delegado del Forum Universal de las Culturas de Barcelona y en Diciembre de 2004 fue nombrado Consejero Delegado de la sociedad promotora del portal Universia (www.universia.net), la mayor red de cooperacion universitaria iberoamericana, a la que estan asociadas casi 1000 universidades de 11 paises, a traves de las cuales esta representado el 80% de la poblacion universitaria (profesores y estudiantes) de esos paises.<\/p>\n<p>Despues de la conferencia, iremos como de costumbre a cenar al Cafe Hispano.<\/p>\n","protected":false},"excerpt":{"rendered":"<p>D. Jaume Pages Fita Doctor Ingeniero Industrial y Catedr\u00e1tico de Ingenier\u00eda de Sistemas y Autom\u00e1tica de la Universidad Polit\u00e9cnica de Catalu\u00f1a Martes, 6 de Marzo de 2007 En nuestra proxima tertulia mensual, tendremos como invitado a JAUME PAGES FITA actualmente Consejero Delegado de Portal Universia S.A. (Grupo Santander), que nos hablara sobre: UNIVERSIA: LA RED [&hellip;]<\/p>\n","protected":false},"author":1,"featured_media":0,"parent":708,"menu_order":0,"comment_status":"open","ping_status":"open","template":"","meta":{"ngg_post_thumbnail":0,"footnotes":""},"class_list":["post-182","page","type-page","status-publish","hentry"],"_links":{"self":[{"href":"https:\/\/asoc-fulbright.es\/index.php?rest_route=\/wp\/v2\/pages\/182","targetHints":{"allow":["GET"]}}],"collection":[{"href":"https:\/\/asoc-fulbright.es\/index.php?rest_route=\/wp\/v2\/pages"}],"about":[{"href":"https:\/\/asoc-fulbright.es\/index.php?rest_route=\/wp\/v2\/types\/page"}],"author":[{"embeddable":true,"href":"https:\/\/asoc-fulbright.es\/index.php?rest_route=\/wp\/v2\/users\/1"}],"replies":[{"embeddable":true,"href":"https:\/\/asoc-fulbright.es\/index.php?rest_route=%2Fwp%2Fv2%2Fcomments&post=182"}],"version-history":[{"count":2,"href":"https:\/\/asoc-fulbright.es\/index.php?rest_route=\/wp\/v2\/pages\/182\/revisions"}],"predecessor-version":[{"id":1483,"href":"https:\/\/asoc-fulbright.es\/index.php?rest_route=\/wp\/v2\/pages\/182\/revisions\/1483"}],"up":[{"embeddable":true,"href":"https:\/\/asoc-fulbright.es\/index.php?rest_route=\/wp\/v2\/pages\/708"}],"wp:attachment":[{"href":"https:\/\/asoc-fulbright.es\/index.php?rest_route=%2Fwp%2Fv2%2Fmedia&parent=182"}],"curies":[{"name":"wp","href":"https:\/\/api.w.org\/{rel}","templated":true}]}}