{"id":176,"date":"2009-02-09T08:08:56","date_gmt":"2009-02-09T07:08:56","guid":{"rendered":"http:\/\/beta.asoc-fulbright.es\/?page_id=176"},"modified":"2010-01-27T21:27:17","modified_gmt":"2010-01-27T20:27:17","slug":"tertulia-fulbright-la-transicion-espanola-a-la-democracia","status":"publish","type":"page","link":"https:\/\/asoc-fulbright.es\/?page_id=176","title":{"rendered":"Tertulia Fulbright: La transici\u00f3n espa\u00f1ola a la democracia"},"content":{"rendered":"<p>D. Jaime Sartorius Berm\u00fadez de Castro<br \/>\nAbogado con gran experiencia politica<br \/>\nMartes, 5 de Junio de 2006<\/p>\n<p>En nuestra proxima tertulia mensual, tendremos como invitado a<\/p>\n<p>JAIME SARTORIUS BERMUDEZ DE CASTRO<\/p>\n<p>abogado con gran experiencia politica, que nos hablara sobre:<\/p>\n<p>LA TRANSICION ESPA\u00d1OLA A LA DEMOCRACIA<\/p>\n<p>Desde los primeros a\u00f1os 60, Jaime Sartorius estuvo muy activo en los movimientos estudiantiles y profesionales de lucha por la democracia en Espa\u00f1a y ha sido testigo de excepcion de todos los momentos importantes de la transicion.<\/p>\n<p>Se integra en 1961 en el Frente de Liberacion Popular (FLP), del que llega a ser uno de sus dirigentes universitarios y desde el que contribuye al desarrollo de la Federacion Universitaria Democratica Espa\u00f1ola (FUDE), sindicato de estudiantes antifranquistas.<\/p>\n<p>Posteriormente ingresa en el Partido Comunista de Espa\u00f1a y desarrolla su actividad profesional principalmente como abogado laboralista, en defensa de los derechos sindicales y de Comisiones Obreras (CCOO), organizacion entonces ilegal.<\/p>\n<p>En este periodo, participa como defensor en mas de cien procesos politicos ante el Tribunal de Orden Publico (TOP), incluido el conocido proceso \u00ab1001\u00bb contra los maximos dirigentes de CCOO, en 1973.<\/p>\n<p>En 1975 participa en los trabajos de la Junta Democratica en representacion de los abogados de Madrid. Desarrolla entonces una intensa actividad, que incluye la redaccion de los Estatutos del PCE para su legalizacion y la participacion, en apoyo de Santiago Carrillo y Jordi Sole Tura, en las negociaciones que condujeron a los Pactos de la Moncloa de 1977.<\/p>\n<p>A principios de los a\u00f1os 80, participa activamente en los movimientos de renovacion del PCE y tras su fracaso, sale del partido y retoma su actividad profesional como abogado.<\/p>\n<p>Tras una destacada participacion posterior en Izquierda Unida y en el Partido Democratico de la Nueva Izquierda, movimiento este que se integra finalmente en el PSOE, deja la actividad politica para centrarse en la profesional.<\/p>\n<p>Despues de la conferencia, iremos como de costumbre a cenar al Cafe Hispano.<\/p>\n","protected":false},"excerpt":{"rendered":"<p>D. Jaime Sartorius Berm\u00fadez de Castro Abogado con gran experiencia politica Martes, 5 de Junio de 2006 En nuestra proxima tertulia mensual, tendremos como invitado a JAIME SARTORIUS BERMUDEZ DE CASTRO abogado con gran experiencia politica, que nos hablara sobre: LA TRANSICION ESPA\u00d1OLA A LA DEMOCRACIA Desde los primeros a\u00f1os 60, Jaime Sartorius estuvo muy [&hellip;]<\/p>\n","protected":false},"author":1,"featured_media":0,"parent":708,"menu_order":0,"comment_status":"open","ping_status":"open","template":"","meta":{"ngg_post_thumbnail":0,"footnotes":""},"class_list":["post-176","page","type-page","status-publish","hentry"],"_links":{"self":[{"href":"https:\/\/asoc-fulbright.es\/index.php?rest_route=\/wp\/v2\/pages\/176","targetHints":{"allow":["GET"]}}],"collection":[{"href":"https:\/\/asoc-fulbright.es\/index.php?rest_route=\/wp\/v2\/pages"}],"about":[{"href":"https:\/\/asoc-fulbright.es\/index.php?rest_route=\/wp\/v2\/types\/page"}],"author":[{"embeddable":true,"href":"https:\/\/asoc-fulbright.es\/index.php?rest_route=\/wp\/v2\/users\/1"}],"replies":[{"embeddable":true,"href":"https:\/\/asoc-fulbright.es\/index.php?rest_route=%2Fwp%2Fv2%2Fcomments&post=176"}],"version-history":[{"count":2,"href":"https:\/\/asoc-fulbright.es\/index.php?rest_route=\/wp\/v2\/pages\/176\/revisions"}],"predecessor-version":[{"id":1486,"href":"https:\/\/asoc-fulbright.es\/index.php?rest_route=\/wp\/v2\/pages\/176\/revisions\/1486"}],"up":[{"embeddable":true,"href":"https:\/\/asoc-fulbright.es\/index.php?rest_route=\/wp\/v2\/pages\/708"}],"wp:attachment":[{"href":"https:\/\/asoc-fulbright.es\/index.php?rest_route=%2Fwp%2Fv2%2Fmedia&parent=176"}],"curies":[{"name":"wp","href":"https:\/\/api.w.org\/{rel}","templated":true}]}}