{"id":174,"date":"2009-02-09T08:08:21","date_gmt":"2009-02-09T07:08:21","guid":{"rendered":"http:\/\/beta.asoc-fulbright.es\/?page_id=174"},"modified":"2010-01-27T21:27:38","modified_gmt":"2010-01-27T20:27:38","slug":"tertulia-fulbright-de-las-ngong-hills-al-castillo-de-duwisib-isak-dinesen-y-jayta-humphreys-dos-mujeres-pioneras-en-africa","status":"publish","type":"page","link":"https:\/\/asoc-fulbright.es\/?page_id=174","title":{"rendered":"Tertulia Fulbright: De las Ngong Hills al Castillo de Duwisib: Isak Dinesen y Jayta Humphreys, dos mujeres pioneras en \u00c1frica"},"content":{"rendered":"<p>D. Eduardo Garrigues L\u00f3pez-Chicherri<br \/>\nDiplomatico y escritor<br \/>\nMartes, 3 de Julio de 2007<\/p>\n<p>En nuestra proxima tertulia mensual, tendremos como invitado a<\/p>\n<p>EDUARDO GARRIGUES LOPEZ-CHICHERRI<\/p>\n<p>diplomatico y escritor, que con motivo de la publicacion de su mas reciente novela, nos trazara un interesante itinerario africano titulado<\/p>\n<p>DE LAS NGONG HILLS AL CASTILLO DE DUWISIB: ISAK DINESEN Y JAYTA HUMPHREYS, DOS MUJERES PIONERAS EN AFRICA<\/p>\n<p>Eduardo Garrigues es Licenciado en Derecho y titulado de la Escuela Diplomatica. Tiene una dilatada experiencia de primer nivel en relaciones internacionales, habiendo sido Subdirector General de Africa en el Ministerio de Asuntos Exteriores (1983-85), Director del Instituto de Espa\u00f1a en Londres (1985-89), Consul General en Los Angeles (1989-93) y Director General de la Casa de America (1994-97), desde donde promovio el I y II Foro Espa\u00f1a-EE.UU. y la creacion del Consejo Espa\u00f1a-Estados Unidos. Entre 1998 y 2004, ha sido sucesivamente Embajador de Espa\u00f1a en Namibia, Botswana, Noruega e Islandia.<\/p>\n<p>En paralelo con la actividad diplomatica, ha desarrollado su pasion literaria y una particular vocacion por Africa. Es Premio Cafe Gijon de Novela por \u00abEl canto del urogallo\u00bb (1961) y Premio Pio Baroja de cuentos por \u00abArticulo sexto\u00bb (1973). Publica posteriormente en Espa\u00f1a y EE.UU. las novelas \u00abLluvias de hierba\u00bb (Planeta, Macmillan, 1984), ambientada en la Kenia postcolonial, y \u00abAl oeste de Babilonia\u00bb (Plaza &#038; Janes, 1999).<\/p>\n<p>Su ultima novela, \u00abLa dama de Duwisib\u00bb (MR Ediciones, 2007), esta basada en la historia real de Jayta Humphreys, una rica heredera norteamericana que vivio en Africa a principios del siglo XX.<\/p>\n<p>Despues de la conferencia, iremos como de costumbre a cenar al Cafe Hispano.<\/p>\n","protected":false},"excerpt":{"rendered":"<p>D. Eduardo Garrigues L\u00f3pez-Chicherri Diplomatico y escritor Martes, 3 de Julio de 2007 En nuestra proxima tertulia mensual, tendremos como invitado a EDUARDO GARRIGUES LOPEZ-CHICHERRI diplomatico y escritor, que con motivo de la publicacion de su mas reciente novela, nos trazara un interesante itinerario africano titulado DE LAS NGONG HILLS AL CASTILLO DE DUWISIB: ISAK [&hellip;]<\/p>\n","protected":false},"author":1,"featured_media":0,"parent":708,"menu_order":0,"comment_status":"open","ping_status":"open","template":"","meta":{"ngg_post_thumbnail":0,"footnotes":""},"class_list":["post-174","page","type-page","status-publish","hentry"],"_links":{"self":[{"href":"https:\/\/asoc-fulbright.es\/index.php?rest_route=\/wp\/v2\/pages\/174","targetHints":{"allow":["GET"]}}],"collection":[{"href":"https:\/\/asoc-fulbright.es\/index.php?rest_route=\/wp\/v2\/pages"}],"about":[{"href":"https:\/\/asoc-fulbright.es\/index.php?rest_route=\/wp\/v2\/types\/page"}],"author":[{"embeddable":true,"href":"https:\/\/asoc-fulbright.es\/index.php?rest_route=\/wp\/v2\/users\/1"}],"replies":[{"embeddable":true,"href":"https:\/\/asoc-fulbright.es\/index.php?rest_route=%2Fwp%2Fv2%2Fcomments&post=174"}],"version-history":[{"count":2,"href":"https:\/\/asoc-fulbright.es\/index.php?rest_route=\/wp\/v2\/pages\/174\/revisions"}],"predecessor-version":[{"id":1487,"href":"https:\/\/asoc-fulbright.es\/index.php?rest_route=\/wp\/v2\/pages\/174\/revisions\/1487"}],"up":[{"embeddable":true,"href":"https:\/\/asoc-fulbright.es\/index.php?rest_route=\/wp\/v2\/pages\/708"}],"wp:attachment":[{"href":"https:\/\/asoc-fulbright.es\/index.php?rest_route=%2Fwp%2Fv2%2Fmedia&parent=174"}],"curies":[{"name":"wp","href":"https:\/\/api.w.org\/{rel}","templated":true}]}}