{"id":166,"date":"2009-02-09T00:10:40","date_gmt":"2009-02-08T23:10:40","guid":{"rendered":"http:\/\/beta.asoc-fulbright.es\/?page_id=166"},"modified":"2010-01-27T21:28:54","modified_gmt":"2010-01-27T20:28:54","slug":"tertulia-fulbright-las-tecnologias-al-servicio-de-la-salud-en-zonas-rurales-de-america-latina","status":"publish","type":"page","link":"https:\/\/asoc-fulbright.es\/?page_id=166","title":{"rendered":"Tertulia Fulbright: Las tecnolog\u00edas al servicio de la salud en zonas rurales de Am\u00e9rica Latina"},"content":{"rendered":"<p>D. Andr\u00e9s Mart\u00ednez Fern\u00e1ndez<br \/>\nIngeniero de Telecomunicacion y doctor con premio extraordinario en Ingenieria Biomedica y Tecnologia Sanitaria por la UPM<br \/>\nMartes, 4 de Diciembre de 2007<\/p>\n<p>Para cualquier habitante del planeta, contar con buena salud es sin duda el mas com\u00fan y mas elemental de los anhelos, aunque no se cuente en muchos casos con los medios materiales para hacerlo posible. Por ello y ahora que se acercan fechas tan propicias para comunicar buenos deseos, nos ha parecido muy oportuno hablar de:<\/p>\n<p>LAS TECNOLOG\u00cdAS AL SERVICIO DE LA SALUD EN ZONAS RURALES DE AMERICA LATINA<\/p>\n<p>Para ilustrarnos en este tema, tendremos el honor de contar como ponente con:<\/p>\n<p>ANDR\u00c9S MART\u00cdNEZ FERNANDEZ, que es actualmente Director General de la Fundaci\u00f3n EHAS ( www.ehas.org), una instituci\u00f3n creada por la Universidad Polit\u00e9cnica de Madrid y la ONG Ingenier\u00eda sin Fronteras para ayudar a mejorar, mediante el uso de las modernas tecnolog\u00edas de informaci\u00f3n y comunicaciones, los sistemas de asistencia sanitaria en zonas rurales aisladas de pa\u00edses como Per\u00fa, Colombia, Cuba y Ecuador.<\/p>\n<p>Andr\u00fas Mart\u00ednez es ingeniero de Telecomunicaci\u00f3n y doctor con premio extraordinario en Ingenier\u00eda Biom\u00e9dica y Tecnolog\u00eda Sanitaria por la UPM. Es autor de numerosos art\u00edculos cient\u00edficos y publicaciones de su especialidad, destacando entre otros el libro \u00abBases metodol\u00f3gicas para evaluar la viabilidad y el impacto de proyectos de telemedicina\u00bb, editado por la Pan-American Health Organization (PAHO) de las Naciones Unidas.<\/p>\n<p>Asimismo ha participado en numerosos proyectos de investigaci\u00f3n, de car\u00e1cter nacional e internacional, y en contratos internacionales de consultor\u00eda con entidades de prestigio como la PAHO, el Organismo Andino de la Salud y el Banco Interamericano de Desarrollo. Actualmente es tambi\u00e9n Subdirector de Ordenaci\u00f3n Docente en la ETS de Ingenier\u00eda de Telecomunicaci\u00f3n en la Universidad Rey Juan Carlos.<\/p>\n<p>Despu\u00e9s de la conferencia, iremos como de costumbre a cenar al Caf\u00e9 Hispano.<\/p>\n<p>Lugar: Escuela T\u00e9cnica Superior de Ingenieros Industriales &#8211; UPM<br \/>\nC\/ Jos\u00e9 Guti\u00e9rrez Abascal, N\u00ba 2. Aula C<br \/>\nMadrid<br \/>\nDIA: Martes, 4 de Diciembre<br \/>\nHora: 20:00<\/p>\n","protected":false},"excerpt":{"rendered":"<p>D. Andr\u00e9s Mart\u00ednez Fern\u00e1ndez Ingeniero de Telecomunicacion y doctor con premio extraordinario en Ingenieria Biomedica y Tecnologia Sanitaria por la UPM Martes, 4 de Diciembre de 2007 Para cualquier habitante del planeta, contar con buena salud es sin duda el mas com\u00fan y mas elemental de los anhelos, aunque no se cuente en muchos casos [&hellip;]<\/p>\n","protected":false},"author":1,"featured_media":0,"parent":708,"menu_order":0,"comment_status":"open","ping_status":"open","template":"","meta":{"ngg_post_thumbnail":0,"footnotes":""},"class_list":["post-166","page","type-page","status-publish","hentry"],"_links":{"self":[{"href":"https:\/\/asoc-fulbright.es\/index.php?rest_route=\/wp\/v2\/pages\/166","targetHints":{"allow":["GET"]}}],"collection":[{"href":"https:\/\/asoc-fulbright.es\/index.php?rest_route=\/wp\/v2\/pages"}],"about":[{"href":"https:\/\/asoc-fulbright.es\/index.php?rest_route=\/wp\/v2\/types\/page"}],"author":[{"embeddable":true,"href":"https:\/\/asoc-fulbright.es\/index.php?rest_route=\/wp\/v2\/users\/1"}],"replies":[{"embeddable":true,"href":"https:\/\/asoc-fulbright.es\/index.php?rest_route=%2Fwp%2Fv2%2Fcomments&post=166"}],"version-history":[{"count":2,"href":"https:\/\/asoc-fulbright.es\/index.php?rest_route=\/wp\/v2\/pages\/166\/revisions"}],"predecessor-version":[{"id":1491,"href":"https:\/\/asoc-fulbright.es\/index.php?rest_route=\/wp\/v2\/pages\/166\/revisions\/1491"}],"up":[{"embeddable":true,"href":"https:\/\/asoc-fulbright.es\/index.php?rest_route=\/wp\/v2\/pages\/708"}],"wp:attachment":[{"href":"https:\/\/asoc-fulbright.es\/index.php?rest_route=%2Fwp%2Fv2%2Fmedia&parent=166"}],"curies":[{"name":"wp","href":"https:\/\/api.w.org\/{rel}","templated":true}]}}