{"id":1599,"date":"2010-03-02T19:30:13","date_gmt":"2010-03-02T18:30:13","guid":{"rendered":"http:\/\/asoc-fulbright.es\/?page_id=1599"},"modified":"2011-01-19T18:04:25","modified_gmt":"2011-01-19T17:04:25","slug":"patrocinadores-de-la-beca-en-2009","status":"publish","type":"page","link":"https:\/\/asoc-fulbright.es\/?page_id=1599","title":{"rendered":"Patrocinadores de la Beca en 2009"},"content":{"rendered":"<h3>Patrocinadores Oro<\/h3>\n<p>Gloria del Campo<br \/>\nAngel y Elizabeth Cabrera<br \/>\nFundaci\u00f3n INNAXIS<br \/>\nLorenzo Rodr\u00edguez Dur\u00e1ntez<br \/>\nBrett Rogers<br \/>\nLuis Rodr\u00edguez Ovejero<br \/>\nArjan Sundardas<\/p>\n<h3>Patrocinadores Plata<\/h3>\n<p>Angel \u00c1lvarez<br \/>\nJuan D\u00edaz-Andreu<br \/>\nAntonio Fern\u00e1ndez Anta<br \/>\nGonzalo Figuera<br \/>\nMiguel Guitart<br \/>\nJose Antonio Mart\u00edn<br \/>\nPilar Manzano<br \/>\nIrene Mart\u00edn<br \/>\nJos\u00e9 Manuel Pardo<br \/>\nElvira Prado<br \/>\nEduardo P\u00e9rez<\/p>\n<h3>Patrocinadores Bronce<\/h3>\n<p>Patricia Ruiz<br \/>\nCesar S\u00e1nchez y Teresa Madrid<br \/>\nLuis Andr\u00e9s Santos<br \/>\nVictor Valverde y Marian de Vicente<br \/>\nLuis Villar<br \/>\nKrista Walochik<\/p>\n<h3>Otros Patrocinios<\/h3>\n<p>Venta de grabados de Antonio Escobar<br \/>\nVenta de grabados de Antonio Naval<br \/>\nVenta de Cava Asociaci\u00f3n<br \/>\nVenta de Vino Asociaci\u00f3n<\/p>\n","protected":false},"excerpt":{"rendered":"<p>Patrocinadores Oro Gloria del Campo Angel y Elizabeth Cabrera Fundaci\u00f3n INNAXIS Lorenzo Rodr\u00edguez Dur\u00e1ntez Brett Rogers Luis Rodr\u00edguez Ovejero Arjan Sundardas Patrocinadores Plata Angel \u00c1lvarez Juan D\u00edaz-Andreu Antonio Fern\u00e1ndez Anta Gonzalo Figuera Miguel Guitart Jose Antonio Mart\u00edn Pilar Manzano Irene Mart\u00edn Jos\u00e9 Manuel Pardo Elvira Prado Eduardo P\u00e9rez Patrocinadores Bronce Patricia Ruiz Cesar S\u00e1nchez y [&hellip;]<\/p>\n","protected":false},"author":9,"featured_media":0,"parent":316,"menu_order":0,"comment_status":"open","ping_status":"open","template":"","meta":{"ngg_post_thumbnail":0,"footnotes":""},"class_list":["post-1599","page","type-page","status-publish","hentry"],"_links":{"self":[{"href":"https:\/\/asoc-fulbright.es\/index.php?rest_route=\/wp\/v2\/pages\/1599","targetHints":{"allow":["GET"]}}],"collection":[{"href":"https:\/\/asoc-fulbright.es\/index.php?rest_route=\/wp\/v2\/pages"}],"about":[{"href":"https:\/\/asoc-fulbright.es\/index.php?rest_route=\/wp\/v2\/types\/page"}],"author":[{"embeddable":true,"href":"https:\/\/asoc-fulbright.es\/index.php?rest_route=\/wp\/v2\/users\/9"}],"replies":[{"embeddable":true,"href":"https:\/\/asoc-fulbright.es\/index.php?rest_route=%2Fwp%2Fv2%2Fcomments&post=1599"}],"version-history":[{"count":4,"href":"https:\/\/asoc-fulbright.es\/index.php?rest_route=\/wp\/v2\/pages\/1599\/revisions"}],"predecessor-version":[{"id":2132,"href":"https:\/\/asoc-fulbright.es\/index.php?rest_route=\/wp\/v2\/pages\/1599\/revisions\/2132"}],"up":[{"embeddable":true,"href":"https:\/\/asoc-fulbright.es\/index.php?rest_route=\/wp\/v2\/pages\/316"}],"wp:attachment":[{"href":"https:\/\/asoc-fulbright.es\/index.php?rest_route=%2Fwp%2Fv2%2Fmedia&parent=1599"}],"curies":[{"name":"wp","href":"https:\/\/api.w.org\/{rel}","templated":true}]}}