{"id":154,"date":"2009-02-09T09:08:40","date_gmt":"2009-02-09T08:08:40","guid":{"rendered":"http:\/\/beta.asoc-fulbright.es\/?page_id=154"},"modified":"2022-11-23T11:28:14","modified_gmt":"2022-11-23T10:28:14","slug":"tertulias-fulbright","status":"publish","type":"page","link":"https:\/\/asoc-fulbright.es\/?page_id=154","title":{"rendered":"Tertulias Fulbright"},"content":{"rendered":"<p>Las Tertulias se celebran una vez al mes, y son una de las piedras angulares de la Asociaci\u00f3n. Durante los 30 a\u00f1os de existencia de la Asociaci\u00f3n nos han acercado a personalidades como el premio Nobel de F\u00edsica Heinrich Rohner, los ex Ministros Juan Fernando L\u00f3pez Aguilar y Miguel Angel Moratinos, los Embajadores Eduardo Garrigues y Francisco Javier Vallaure, el cient\u00edfico Mariano Barbacid, o Jacobo Israel Garz\u00f3n, Presidente de la Federaci\u00f3n de Comunidades Jud\u00edas en Espa\u00f1a.<\/p>\n<p>Carlos Alvarez y Gil Carbajal han hecho un trabajo muy importante dirigiendo su desarrollo a lo largo de m\u00e1s de veinticinco a\u00f1os. En la actualidad, un equipo de varios miembros de la Junta Directiva se ocupa de traer cada mes un ponente de excelencia. Las Tertulias est\u00e1n seguidas de un encuentro con el orador invitado en un restaurante cercano, si bien en estos momentos, debido a la crisis sanitaria, se est\u00e1n celebrando por Zoom desde marzo de 2020.<\/p>\n<ul>\n<li><a href=\"http:\/\/asoc-fulbright.es\/category\/tertuliasfulbright\/\">Tertulias Recientes<\/a><\/li>\n<\/ul>\n<p>El trabajo realizado en 2012-13 nos permite disponer de la<strong>\u00a0 informaci\u00f3n del hist\u00f3rico de Tertulias de manera completa a trav\u00e9s del buscador<\/strong> que figura en la parte superior derecha incluyendo la palabra Tertulia. Tambi\u00e9n es posible buscar mediante el uso de dos o tres palabras, que incluyen Tertulia, a\u00f1o o nombre del orador. El hist\u00f3rico de Tertulias est\u00e1 depositado en Delicious, una labor realizada por la asociada Pilar Gonzalo.<\/p>\n<p>Con anterioridad a 2011, es posible acceder a los listados de Tertulias antiguos en:<\/p>\n<ul>\n<li><a href=\"https:\/\/asoc-fulbright.es\/?page_id=2239\">Tertulias A\u00f1o 2011<\/a><\/li>\n<li><a href=\"\/?page_id=703\">Tertulias A\u00f1o 2009<\/a><\/li>\n<li><a href=\"\/?page_id=706\">Tertulias A\u00f1o 2008<\/a><\/li>\n<li><a href=\"\/?page_id=708\">Tertulias A\u00f1o 2007<\/a><\/li>\n<li><a href=\"\/?page_id=715\">Anteriores<\/a><\/li>\n<\/ul>\n<p><a href=\"http:\/\/asoc-fulbright.es\/wp-content\/uploads\/2013\/01\/2013-01-28-14.12.34.jpg\"><img loading=\"lazy\" decoding=\"async\" class=\"aligncenter\" src=\"http:\/\/asoc-fulbright.es\/wp-content\/uploads\/2013\/01\/2013-01-28-14.12.34-300x225.jpg\" alt=\"Escuela de Industriales, sede de nuestras Tertulias \" width=\"300\" height=\"225\" \/><\/a><\/p>\n<p><a href=\"http:\/\/asoc-fulbright.es\/wp-content\/uploads\/2012\/11\/Foto-Cafe-Hispano.jpg\"><img loading=\"lazy\" decoding=\"async\" class=\"size-medium wp-image-2617 aligncenter\" src=\"http:\/\/asoc-fulbright.es\/wp-content\/uploads\/2012\/11\/Foto-Cafe-Hispano-206x300.jpg\" alt=\"Foto Cafe Hispano\" width=\"206\" height=\"300\" srcset=\"https:\/\/asoc-fulbright.es\/wp-content\/uploads\/2012\/11\/Foto-Cafe-Hispano-206x300.jpg 206w, https:\/\/asoc-fulbright.es\/wp-content\/uploads\/2012\/11\/Foto-Cafe-Hispano.jpg 705w\" sizes=\"auto, (max-width: 206px) 100vw, 206px\" \/><\/a><\/p>\n","protected":false},"excerpt":{"rendered":"<p>Las Tertulias se celebran una vez al mes, y son una de las piedras angulares de la Asociaci\u00f3n. Durante los 30 a\u00f1os de existencia de la Asociaci\u00f3n nos han acercado a personalidades como el premio Nobel de F\u00edsica Heinrich Rohner, los ex Ministros Juan Fernando L\u00f3pez Aguilar y Miguel Angel Moratinos, los Embajadores Eduardo Garrigues [&hellip;]<\/p>\n","protected":false},"author":1,"featured_media":0,"parent":0,"menu_order":1,"comment_status":"open","ping_status":"open","template":"","meta":{"ngg_post_thumbnail":0,"footnotes":""},"class_list":["post-154","page","type-page","status-publish","hentry"],"_links":{"self":[{"href":"https:\/\/asoc-fulbright.es\/index.php?rest_route=\/wp\/v2\/pages\/154","targetHints":{"allow":["GET"]}}],"collection":[{"href":"https:\/\/asoc-fulbright.es\/index.php?rest_route=\/wp\/v2\/pages"}],"about":[{"href":"https:\/\/asoc-fulbright.es\/index.php?rest_route=\/wp\/v2\/types\/page"}],"author":[{"embeddable":true,"href":"https:\/\/asoc-fulbright.es\/index.php?rest_route=\/wp\/v2\/users\/1"}],"replies":[{"embeddable":true,"href":"https:\/\/asoc-fulbright.es\/index.php?rest_route=%2Fwp%2Fv2%2Fcomments&post=154"}],"version-history":[{"count":47,"href":"https:\/\/asoc-fulbright.es\/index.php?rest_route=\/wp\/v2\/pages\/154\/revisions"}],"predecessor-version":[{"id":5311,"href":"https:\/\/asoc-fulbright.es\/index.php?rest_route=\/wp\/v2\/pages\/154\/revisions\/5311"}],"wp:attachment":[{"href":"https:\/\/asoc-fulbright.es\/index.php?rest_route=%2Fwp%2Fv2%2Fmedia&parent=154"}],"curies":[{"name":"wp","href":"https:\/\/api.w.org\/{rel}","templated":true}]}}