{"id":1433,"date":"2010-01-25T17:23:35","date_gmt":"2010-01-25T16:23:35","guid":{"rendered":"http:\/\/asoc-fulbright.es\/?page_id=1433"},"modified":"2010-01-25T17:42:44","modified_gmt":"2010-01-25T16:42:44","slug":"tertulias-fulbright-igualdad-de-genero-y-politicas-publicas-retos-del-siglo-xxi","status":"publish","type":"page","link":"https:\/\/asoc-fulbright.es\/?page_id=1433","title":{"rendered":"Tertulias Fulbright: Igualdad de G\u00e9nero y pol\u00edticas p\u00fablicas: retos del Siglo XXI"},"content":{"rendered":"<h1>Resumen<\/h1>\n<p>Uno de los cambios mas profundos y de mayores consecuencias que han tenido lugar en las ultimas decadas, en el mundo en general y en Espa\u00f1a en particular, ha sido la transformacion del papel de las mujeres en la sociedad.<\/p>\n<p>Vivida como una progresiva liberacion de multiples ataduras con remotos origenes, esta transformacion ha tenido y tiene un extraordinario impacto en muchos ambitos, como la demografia, la economia, la politica y, por supuesto, las costumbres sociales, cambios de cuya profundidad y velocidad solo somos conscientes cuando echamos la vista atras unas cuantas decadas.<\/p>\n<p>Alcanzadas, al menos en los paises desarrollados, muchas de las reivindicaciones historicas de los movimientos feministas, existe actualmente controversia sobre las siguientes etapas de este proceso y en particular sobre su acompa\u00f1amiento mediante politicas deliberadamente dise\u00f1adas a tal efecto desde el Estado.Este debate entronca por otro lado con la clasica controversia entre las distintas<br \/>\nescuelas de pensamiento filosofico, politico y economico sobre las relaciones entre Estado y sociedad, la pertinencia, eficacia y posibles efectos secundarios de las politicas publicas y, en definitiva, sobre el correcto dise\u00f1o de las mismas.<\/p>\n<p>Por todo ello, nos ha parecido muy atractivo contar con las aportaciones de una destacada especialista en estas materias, tanto en dise\u00f1o y evaluacion de politicas publicas como en cuestiones candentes relacionadas con la igualdad de genero.<\/p>\n<h1>Mar\u00eda Pazos Mor\u00e1n<\/h1>\n<p>Mar\u00eda Pazos Mor\u00e1n, actualmente Jefa de Estudios de Investigacion del Instituto de Estudios Fiscales, es Licenciada en Matematicas por la Universidad Complutense, Diplomada en Gestion Publica por ESADE y Master en Estadistica por la Universidad de Harvard.<\/p>\n<p>Es Profesora de diversos cursos Master de las Universidades de Vigo, La Coru\u00f1a, Complutense de Madrid y Publica de Navarra, asi como del Centro de Estudios Politicos y Constitucionales. Ha sido durante 2005-2006 miembro de la red de expertos sobre genero y empleo de la Comision Europea y ha colaborado con la Division de Politica Social de la OCDE.<\/p>\n<p>Es autora, co-autora o coordinadora de varias decenas de publicaciones sobre cuestiones de su especialidad, entre ellas de \u00abAtlas of Program Evaluation\u00bb (2002, Transactions), \u00abBenefits and Wages, OECD Indicators 2002\u00bb, \u00abEstudios de Genero y Economia\u00bb (2006, ed.Akal) y, muy recientemente, \u00abEconomia e Igualdad de Genero: Retos de la Hacienda Publica en el Siglo XXI\u00bb (ed. Instituto de Estudios Fiscales). Es asimismo portavoz de la Plataforma por Permisos Iguales e Intransferibles de Nacimiento y Adopcion (PPIINA).<\/p>\n","protected":false},"excerpt":{"rendered":"<p>Resumen Uno de los cambios mas profundos y de mayores consecuencias que han tenido lugar en las ultimas decadas, en el mundo en general y en Espa\u00f1a en particular, ha sido la transformacion del papel de las mujeres en la sociedad. Vivida como una progresiva liberacion de multiples ataduras con remotos origenes, esta transformacion ha [&hellip;]<\/p>\n","protected":false},"author":1,"featured_media":0,"parent":706,"menu_order":0,"comment_status":"open","ping_status":"open","template":"","meta":{"ngg_post_thumbnail":0,"footnotes":""},"class_list":["post-1433","page","type-page","status-publish","hentry"],"_links":{"self":[{"href":"https:\/\/asoc-fulbright.es\/index.php?rest_route=\/wp\/v2\/pages\/1433","targetHints":{"allow":["GET"]}}],"collection":[{"href":"https:\/\/asoc-fulbright.es\/index.php?rest_route=\/wp\/v2\/pages"}],"about":[{"href":"https:\/\/asoc-fulbright.es\/index.php?rest_route=\/wp\/v2\/types\/page"}],"author":[{"embeddable":true,"href":"https:\/\/asoc-fulbright.es\/index.php?rest_route=\/wp\/v2\/users\/1"}],"replies":[{"embeddable":true,"href":"https:\/\/asoc-fulbright.es\/index.php?rest_route=%2Fwp%2Fv2%2Fcomments&post=1433"}],"version-history":[{"count":4,"href":"https:\/\/asoc-fulbright.es\/index.php?rest_route=\/wp\/v2\/pages\/1433\/revisions"}],"predecessor-version":[{"id":1451,"href":"https:\/\/asoc-fulbright.es\/index.php?rest_route=\/wp\/v2\/pages\/1433\/revisions\/1451"}],"up":[{"embeddable":true,"href":"https:\/\/asoc-fulbright.es\/index.php?rest_route=\/wp\/v2\/pages\/706"}],"wp:attachment":[{"href":"https:\/\/asoc-fulbright.es\/index.php?rest_route=%2Fwp%2Fv2%2Fmedia&parent=1433"}],"curies":[{"name":"wp","href":"https:\/\/api.w.org\/{rel}","templated":true}]}}