{"id":1317,"date":"2010-01-04T15:37:34","date_gmt":"2010-01-04T14:37:34","guid":{"rendered":"http:\/\/asoc-fulbright.es\/?page_id=1317"},"modified":"2010-01-07T12:28:09","modified_gmt":"2010-01-07T11:28:09","slug":"patrocinadores-de-la-beca-en-2005","status":"publish","type":"page","link":"https:\/\/asoc-fulbright.es\/?page_id=1317","title":{"rendered":"Patrocinadores de la Beca en 2005"},"content":{"rendered":"<h3>Patrocinadores Plata<\/h3>\n<p>Angel \u00c1lvarez<br \/>\nJos\u00e9 Manuel Pardo<br \/>\nEduardo P\u00e9rez<\/p>\n<h3>Patrocinadores Bronce<\/h3>\n<p>Maria Gloria Ferratges<br \/>\nGabriela Ruiz Begu\u00e9<br \/>\nAdrien SchmidKleninger y Ana Mar\u00eda Guti\u00e9rrez Solsona<\/p>\n<h3>Otros Patrocinios<\/h3>\n<p>Venta de libro de <strong>Sonia Fern\u00e1ndez<\/strong> : \u201cDos grados: Networking,cultiva tu red virtual de contactos\u201d<br \/>\nVenta de grabados de <strong>Antonio Escobar<\/strong><br \/>\nVenta de Cava Asociaci\u00f3n<br \/>\nVenta de Vino Asociaci\u00f3n<\/p>\n","protected":false},"excerpt":{"rendered":"<p>Patrocinadores Plata Angel \u00c1lvarez Jos\u00e9 Manuel Pardo Eduardo P\u00e9rez Patrocinadores Bronce Maria Gloria Ferratges Gabriela Ruiz Begu\u00e9 Adrien SchmidKleninger y Ana Mar\u00eda Guti\u00e9rrez Solsona Otros Patrocinios Venta de libro de Sonia Fern\u00e1ndez : \u201cDos grados: Networking,cultiva tu red virtual de contactos\u201d Venta de grabados de Antonio Escobar Venta de Cava Asociaci\u00f3n Venta de Vino Asociaci\u00f3n<\/p>\n","protected":false},"author":9,"featured_media":0,"parent":316,"menu_order":0,"comment_status":"open","ping_status":"open","template":"","meta":{"ngg_post_thumbnail":0,"footnotes":""},"class_list":["post-1317","page","type-page","status-publish","hentry"],"_links":{"self":[{"href":"https:\/\/asoc-fulbright.es\/index.php?rest_route=\/wp\/v2\/pages\/1317","targetHints":{"allow":["GET"]}}],"collection":[{"href":"https:\/\/asoc-fulbright.es\/index.php?rest_route=\/wp\/v2\/pages"}],"about":[{"href":"https:\/\/asoc-fulbright.es\/index.php?rest_route=\/wp\/v2\/types\/page"}],"author":[{"embeddable":true,"href":"https:\/\/asoc-fulbright.es\/index.php?rest_route=\/wp\/v2\/users\/9"}],"replies":[{"embeddable":true,"href":"https:\/\/asoc-fulbright.es\/index.php?rest_route=%2Fwp%2Fv2%2Fcomments&post=1317"}],"version-history":[{"count":7,"href":"https:\/\/asoc-fulbright.es\/index.php?rest_route=\/wp\/v2\/pages\/1317\/revisions"}],"predecessor-version":[{"id":1335,"href":"https:\/\/asoc-fulbright.es\/index.php?rest_route=\/wp\/v2\/pages\/1317\/revisions\/1335"}],"up":[{"embeddable":true,"href":"https:\/\/asoc-fulbright.es\/index.php?rest_route=\/wp\/v2\/pages\/316"}],"wp:attachment":[{"href":"https:\/\/asoc-fulbright.es\/index.php?rest_route=%2Fwp%2Fv2%2Fmedia&parent=1317"}],"curies":[{"name":"wp","href":"https:\/\/api.w.org\/{rel}","templated":true}]}}