{"id":1298,"date":"2010-01-07T12:27:20","date_gmt":"2010-01-07T11:27:20","guid":{"rendered":"http:\/\/asoc-fulbright.es\/?page_id=1298"},"modified":"2010-01-07T12:28:35","modified_gmt":"2010-01-07T11:28:35","slug":"patrocinadores-de-la-beca-en-2007","status":"publish","type":"page","link":"https:\/\/asoc-fulbright.es\/?page_id=1298","title":{"rendered":"Patrocinadores de la Beca en 2007"},"content":{"rendered":"<h3>Patrocinadores Oro<\/h3>\n<p>Gloria del Campo<br \/>\nFundaci\u00f3n Innaxis<br \/>\nRam\u00f3n Paramio<br \/>\nMaria Paz\u00a0 S\u00e1nchez<\/p>\n<h3>Patrocinadores Plata<\/h3>\n<p>Angel \u00c1lvarez<br \/>\nGonzalo Figuera<br \/>\nPilar Manzano<br \/>\nJos\u00e9 Manuel Pardo<br \/>\nEduardo P\u00e9rez<\/p>\n<h3>Patrocinadores Bronce<\/h3>\n<p>Xenia Beltr\u00e1n<br \/>\nPedro Cordero<br \/>\nAntonio Fern\u00e1ndez Anta<br \/>\nGuillermo Gallego<br \/>\nJavier L\u00f3pez<br \/>\nEduardo Vivanco<\/p>\n<h3>Otros Patrocinios<\/h3>\n<p>Venta de grabados de Antonio Escobar<br \/>\nVenta de grabados de Antonio Naval<br \/>\nVenta de Cava Asociaci\u00f3n<br \/>\nVenta de Vino Asociaci\u00f3n<\/p>\n","protected":false},"excerpt":{"rendered":"<p>Patrocinadores Oro Gloria del Campo Fundaci\u00f3n Innaxis Ram\u00f3n Paramio Maria Paz\u00a0 S\u00e1nchez Patrocinadores Plata Angel \u00c1lvarez Gonzalo Figuera Pilar Manzano Jos\u00e9 Manuel Pardo Eduardo P\u00e9rez Patrocinadores Bronce Xenia Beltr\u00e1n Pedro Cordero Antonio Fern\u00e1ndez Anta Guillermo Gallego Javier L\u00f3pez Eduardo Vivanco Otros Patrocinios Venta de grabados de Antonio Escobar Venta de grabados de Antonio Naval Venta [&hellip;]<\/p>\n","protected":false},"author":9,"featured_media":0,"parent":316,"menu_order":0,"comment_status":"open","ping_status":"open","template":"","meta":{"ngg_post_thumbnail":0,"footnotes":""},"class_list":["post-1298","page","type-page","status-publish","hentry"],"_links":{"self":[{"href":"https:\/\/asoc-fulbright.es\/index.php?rest_route=\/wp\/v2\/pages\/1298","targetHints":{"allow":["GET"]}}],"collection":[{"href":"https:\/\/asoc-fulbright.es\/index.php?rest_route=\/wp\/v2\/pages"}],"about":[{"href":"https:\/\/asoc-fulbright.es\/index.php?rest_route=\/wp\/v2\/types\/page"}],"author":[{"embeddable":true,"href":"https:\/\/asoc-fulbright.es\/index.php?rest_route=\/wp\/v2\/users\/9"}],"replies":[{"embeddable":true,"href":"https:\/\/asoc-fulbright.es\/index.php?rest_route=%2Fwp%2Fv2%2Fcomments&post=1298"}],"version-history":[{"count":9,"href":"https:\/\/asoc-fulbright.es\/index.php?rest_route=\/wp\/v2\/pages\/1298\/revisions"}],"predecessor-version":[{"id":1337,"href":"https:\/\/asoc-fulbright.es\/index.php?rest_route=\/wp\/v2\/pages\/1298\/revisions\/1337"}],"up":[{"embeddable":true,"href":"https:\/\/asoc-fulbright.es\/index.php?rest_route=\/wp\/v2\/pages\/316"}],"wp:attachment":[{"href":"https:\/\/asoc-fulbright.es\/index.php?rest_route=%2Fwp%2Fv2%2Fmedia&parent=1298"}],"curies":[{"name":"wp","href":"https:\/\/api.w.org\/{rel}","templated":true}]}}