{"id":1231,"date":"2009-12-17T17:10:46","date_gmt":"2009-12-17T16:10:46","guid":{"rendered":"http:\/\/asoc-fulbright.es\/?page_id=1231"},"modified":"2010-01-07T21:02:08","modified_gmt":"2010-01-07T20:02:08","slug":"beca-adjudicada-a-rodrigo-martin","status":"publish","type":"page","link":"https:\/\/asoc-fulbright.es\/?page_id=1231","title":{"rendered":"Beca adjudicada a Rodrigo Mart\u00ednez Monedero"},"content":{"rendered":"<p><a href=\"http:\/\/asoc-fulbright.es\/wp-content\/uploads\/2009\/12\/Presentaci\u00f3n2.jpg\"><img loading=\"lazy\" decoding=\"async\" class=\"alignnone size-full wp-image-1257\" title=\"Presentaci\u00f3n2\" src=\"http:\/\/asoc-fulbright.es\/wp-content\/uploads\/2009\/12\/Presentaci\u00f3n2.jpg\" alt=\"Presentaci\u00f3n2\" width=\"174\" height=\"233\" srcset=\"https:\/\/asoc-fulbright.es\/wp-content\/uploads\/2009\/12\/Presentaci\u00f3n2.jpg 540w, https:\/\/asoc-fulbright.es\/wp-content\/uploads\/2009\/12\/Presentaci\u00f3n2-225x300.jpg 225w\" sizes=\"auto, (max-width: 174px) 100vw, 174px\" \/><\/a>Despu\u00e9s de analizar los curriculums de los candidatos presentados, la  mayor\u00eda excepcionales, la Asociacion J.W. Fulbright ha concedido la beca  de la convocatoria de 2008 a D. Rodrigo Mart\u00ednez Monedero. Rodrigo  desarrollar\u00e1 investigaciones desde Mayo de 2009 a Febrero de 2010en el  Hospital Johns Hopkins de la ciudad de Baltimore, sobre el tema<\/p>\n<p>\u00abBUSQUEDA DE TRATAMIENTO PARA LA SORDERA NEUROSENSORIAL\u00bb<\/p>\n<p>Rodrigo Martinez Monedero es Licenciado en Medicina y Cirugia por la  Universidad de Valladolid<\/p>\n<p>y Doctor en Medicina por la Universidad Autonoma de Madrid..  Anteriormente, de marzo 2004 a diciembre 2006, fue Research Fellow del  \u201cEaton Peabody Laboratory\u201d en el Hospital \u201cMassachusetts Eye and Ear  Infirmary\u201dde la Universidad de Harvard.<\/p>\n<p>Es asimismo M\u00e9dico Adjunto de Otorrinolaringolog\u00eda del Hospital  Universitario Puerta de Hierro<\/p>\n<p>de Madrid e Investigador del Departamento de Cirug\u00eda en la Facultad de  Medicina de la UAM.<\/p>\n","protected":false},"excerpt":{"rendered":"<p>Despu\u00e9s de analizar los curriculums de los candidatos presentados, la mayor\u00eda excepcionales, la Asociacion J.W. Fulbright ha concedido la beca de la convocatoria de 2008 a D. Rodrigo Mart\u00ednez Monedero. Rodrigo desarrollar\u00e1 investigaciones desde Mayo de 2009 a Febrero de 2010en el Hospital Johns Hopkins de la ciudad de Baltimore, sobre el tema \u00abBUSQUEDA DE [&hellip;]<\/p>\n","protected":false},"author":9,"featured_media":0,"parent":316,"menu_order":0,"comment_status":"open","ping_status":"open","template":"","meta":{"ngg_post_thumbnail":0,"footnotes":""},"class_list":["post-1231","page","type-page","status-publish","hentry"],"_links":{"self":[{"href":"https:\/\/asoc-fulbright.es\/index.php?rest_route=\/wp\/v2\/pages\/1231","targetHints":{"allow":["GET"]}}],"collection":[{"href":"https:\/\/asoc-fulbright.es\/index.php?rest_route=\/wp\/v2\/pages"}],"about":[{"href":"https:\/\/asoc-fulbright.es\/index.php?rest_route=\/wp\/v2\/types\/page"}],"author":[{"embeddable":true,"href":"https:\/\/asoc-fulbright.es\/index.php?rest_route=\/wp\/v2\/users\/9"}],"replies":[{"embeddable":true,"href":"https:\/\/asoc-fulbright.es\/index.php?rest_route=%2Fwp%2Fv2%2Fcomments&post=1231"}],"version-history":[{"count":11,"href":"https:\/\/asoc-fulbright.es\/index.php?rest_route=\/wp\/v2\/pages\/1231\/revisions"}],"predecessor-version":[{"id":1346,"href":"https:\/\/asoc-fulbright.es\/index.php?rest_route=\/wp\/v2\/pages\/1231\/revisions\/1346"}],"up":[{"embeddable":true,"href":"https:\/\/asoc-fulbright.es\/index.php?rest_route=\/wp\/v2\/pages\/316"}],"wp:attachment":[{"href":"https:\/\/asoc-fulbright.es\/index.php?rest_route=%2Fwp%2Fv2%2Fmedia&parent=1231"}],"curies":[{"name":"wp","href":"https:\/\/api.w.org\/{rel}","templated":true}]}}