{"id":1164,"date":"2009-10-26T10:03:16","date_gmt":"2009-10-26T09:03:16","guid":{"rendered":"http:\/\/asoc-fulbright.es\/?page_id=1164"},"modified":"2026-03-25T19:16:02","modified_gmt":"2026-03-25T18:16:02","slug":"ryder","status":"publish","type":"page","link":"https:\/\/asoc-fulbright.es\/?page_id=1164","title":{"rendered":"Ryder"},"content":{"rendered":"<p>El Ryder Club de Espa\u00f1a (RCE) es una meta-asociaci\u00f3n que engloba a diversas asociaciones de ex-alumnos de universidades internacionales de prestigio, sobre todo de Estados Unidos y Europa.&nbsp; El 1 de abril de 2009 se constituy\u00f3 legalmente como asociaci\u00f3n. Fruto de esta colaboraci\u00f3n, los asociados de cada asociaci\u00f3n miembro reciben invitaciones a actividades organizadas por las otras asociaciones, con una frecuencia de dos o tres veces por semana. Las actividades incluyen conferencias, mesas redondas, cenas, presentaciones de libros y&nbsp;fiestas, entre otras. As\u00ed compartimos experiencias comunes, conocimientos, y cultivamos una red de contactos, ampliando el c\u00edrculo de conocidos.<\/p>\n<p>The Ryder Club of Spain (RCE) is an association encompassing alumni clubs of prestigious international universities, mainly in the US and Europe. It was legally established on April 1, 2009. As a result of this collaboration, members of each association receive invitations to activities organized by the other associations, with a frequency of about two or three events per week. The range of activities is very diverse: conferences, round tables, dinners, book presentations, parties and others. This way, we can share common experiences and knowledge as well as meet new people, allowing us to broaden our contact networks.<\/p>\n<p>Las asociaciones que forman parte del Ryder Club Espa\u00f1a son las siguientes (en algunos&nbsp;casos, el club o asociaci\u00f3n incluye a la universidad entera y en otros s\u00f3lo a la escuela de&nbsp;negocios):<\/p>\n<p>The following alumni associations are part of the Ryder Club of Spain (in some cases, the club&nbsp;or association includes the whole university and in others it is only the business school)<\/p>\n<div>\n<ul>\n<li><a href=\"https:\/\/becarios.fundacionbarrie.org\/\">Fundaci\u00f3n Barri\u00e9 Alumni<\/a><\/li>\n<li><a href=\"https:\/\/www.bocconialumni.it\/Network\/Geographic+Areas\/Foreign+Chapters\/Europe\/Madrid\/baa-madrid\" data-saferedirecturl=\"https:\/\/www.google.com\/url?q=https:\/\/www.bocconialumni.it\/Network\/Geographic%2BAreas\/Foreign%2BChapters\/Europe\/Madrid\/baa-madrid&amp;source=gmail&amp;ust=1604162922349000&amp;usg=AFQjCNFxHZPJFYgBbwDh8sQEvdJc_w7CeQ\">Bocconi Alumni Community Madrid<\/a><\/li>\n<li><a href=\"https:\/\/www.bc.edu\/\" target=\"_blank\" rel=\"noopener\">Boston College<\/a><\/li>\n<li><a href=\"http:\/\/alumni.bu.edu\/olc\/pub\/BUAR\/cpages\/intl\/home.jsp?chapter=20&amp;org=BUAR\" data-saferedirecturl=\"https:\/\/www.google.com\/url?q=http:\/\/alumni.bu.edu\/olc\/pub\/BUAR\/cpages\/intl\/home.jsp?chapter%3D20%26org%3DBUAR&amp;source=gmail&amp;ust=1604162922349000&amp;usg=AFQjCNFpwazqkr3TzbRVPx9kgzPXbamHLw\">Boston University<\/a><\/li>\n<li><a href=\"https:\/\/www.brynmawr.edu\/\" target=\"_blank\" rel=\"noopener\">Bryn Mawr College<\/a><\/li>\n<li><a href=\"https:\/\/www.jbs.cam.ac.uk\/\" target=\"_blank\" rel=\"noopener\">Cambridge Judge Business School<\/a><\/li>\n<li><a href=\"http:\/\/alumniclubs.columbia.edu\/spain\/index.php\" data-saferedirecturl=\"https:\/\/www.google.com\/url?q=http:\/\/alumniclubs.columbia.edu\/spain\/index.php&amp;source=gmail&amp;ust=1604162922349000&amp;usg=AFQjCNHikE90bheD-SdPKbKB1DMDi-aJ2A\">Columbia Business School<\/a><\/li>\n<li><a href=\"https:\/\/together.emory.edu\/alumni\/grads\" target=\"_blank\" rel=\"noopener\">Emory University Alumni<\/a><\/li>\n<li><a href=\"http:\/\/www.escpeuropealumni.org\/gene\/main.php?langue=uk&amp;base=0\" data-saferedirecturl=\"https:\/\/www.google.com\/url?q=http:\/\/www.escpeuropealumni.org\/gene\/main.php?langue%3Duk%26base%3D0&amp;source=gmail&amp;ust=1604162922349000&amp;usg=AFQjCNGWKWoidfIfGOqs8k5hZIy-pkN1xQ\">ESCP Europe&nbsp;Alumni<\/a><\/li>\n<li>Fletcher Club of Spain<\/li>\n<li><a href=\"https:\/\/fulbright.org\/\" target=\"_blank\" rel=\"noopener\">Fulbright Alumni Association<\/a><\/li>\n<li><a href=\"http:\/\/www.bfrdelpino.org\/es\/\" data-saferedirecturl=\"https:\/\/www.google.com\/url?q=http:\/\/www.bfrdelpino.org\/es\/&amp;source=gmail&amp;ust=1604162922349000&amp;usg=AFQjCNGSLL2u1Z_lWfC0vu5CS9P1nBuy5A\">Fundaci\u00f3n Rafael del Pino Alumni Association<\/a><\/li>\n<li><a href=\"http:\/\/alumni.georgetown.edu\/olc\/pub\/GTW\/cpages\/club\/home.jsp?chapter=71\" data-saferedirecturl=\"https:\/\/www.google.com\/url?q=http:\/\/alumni.georgetown.edu\/olc\/pub\/GTW\/cpages\/club\/home.jsp?chapter%3D71&amp;source=gmail&amp;ust=1604162922350000&amp;usg=AFQjCNFRfL-XYaepNIvR-aLZARclsgnMDg\">Georgetown Club of Spain<\/a><\/li>\n<li><a href=\"https:\/\/asoc-fulbright.es\/www.harvardclubofspain.com\" data-saferedirecturl=\"https:\/\/www.google.com\/url?q=https:\/\/asoc-fulbright.es\/www.harvardclubofspain.com&amp;source=gmail&amp;ust=1604162922350000&amp;usg=AFQjCNFZe_Gqq4-j0wP54yuWp19e8LlsPw\">Harvard \u2013 HBS<\/a><\/li>\n<li><a href=\"https:\/\/www.hec.edu\/en\" target=\"_blank\" rel=\"noopener\">HEC<\/a><\/li>\n<li><a href=\"https:\/\/www.imd.org\/alumni\/clubs\/spain\/\" data-saferedirecturl=\"https:\/\/www.google.com\/url?q=https:\/\/asoc-fulbright.es\/www.imd.ch&amp;source=gmail&amp;ust=1604162922350000&amp;usg=AFQjCNHS4MY-oEMPYEAgmo-hVUGRtlETxQ\">IMD<\/a><\/li>\n<li><a href=\"https:\/\/www.insead.es\/\" data-saferedirecturl=\"https:\/\/www.google.com\/url?q=http:\/\/iaa.insead.edu\/iaa\/ESP\/Pages\/Default.aspx&amp;source=gmail&amp;ust=1604162922350000&amp;usg=AFQjCNHfbKknp_B96dqNvnfrwmCsd0DG5A\">Insead<\/a><\/li>\n<li><a href=\"https:\/\/www.london.edu\/\" target=\"_blank\" rel=\"noopener\">London Business School<\/a><\/li>\n<li><a href=\"https:\/\/www.alliancembs.manchester.ac.uk\/\" target=\"_blank\" rel=\"noopener\">Manchester Business School<\/a><\/li>\n<li><a href=\"https:\/\/spain.alumclub.mit.edu\/s\/1314\/bp19\/home.aspx?gid=142\" data-saferedirecturl=\"https:\/\/www.google.com\/url?q=http:\/\/www.mitspain.com\/&amp;source=gmail&amp;ust=1604162922350000&amp;usg=AFQjCNEWVeEhRVPqalugis2YM7XvM9C-5A\">MIT <\/a><\/li>\n<li><a href=\"https:\/\/www.nyu.edu\/\" target=\"_blank\" rel=\"noopener\">New York University<\/a><\/li>\n<li><a href=\"https:\/\/www.kellogg.northwestern.edu\/\" target=\"_blank\" rel=\"noopener\">NorthWestern \u2013 Kellogg GSB<\/a><\/li>\n<li><a href=\"https:\/\/www.qmul.ac.uk\/\" target=\"_blank\" rel=\"noopener\">Queen Mary<\/a><\/li>\n<li><a href=\"http:\/\/www.rsm.nl\/alumni\/networking-events\/rsm-local-chapters-and-clubs\/rsm-club-of-spain\/\" data-saferedirecturl=\"https:\/\/www.google.com\/url?q=http:\/\/www.rsm.nl\/alumni\/networking-events\/rsm-local-chapters-and-clubs\/rsm-club-of-spain\/&amp;source=gmail&amp;ust=1604162922350000&amp;usg=AFQjCNGueSa80KjA0FWrW371x0QdfDrcLw\">Rotterdam School of Management<\/a><\/li>\n<li><a href=\"https:\/\/www.gsb.stanford.edu\/\" target=\"_blank\" rel=\"noopener\">Stanford \u2013 GSB<\/a><\/li>\n<li><a href=\"https:\/\/www.uchicago.edu\/\" target=\"_blank\" rel=\"noopener\">The University of Chicago<\/a><\/li>\n<li><a href=\"https:\/\/alumniandfriends.tufts.edu\/\" target=\"_blank\" rel=\"noopener\">Tufts University Alumni<\/a><\/li>\n<li><a href=\"https:\/\/www.anderson.ucla.edu\/alumni\/chapters-and-groups\/international\/spain\" data-saferedirecturl=\"https:\/\/www.google.com\/url?q=https:\/\/www.anderson.ucla.edu\/alumni\/chapters-and-groups\/international\/spain&amp;source=gmail&amp;ust=1604162922350000&amp;usg=AFQjCNHvW31HHR2_lLpzTqL2_v_7O6sIew\">UCLA \u2013 Anderson School<\/a><\/li>\n<li><a href=\"https:\/\/haas.berkeley.edu\/\" target=\"_blank\" rel=\"noopener\">University of California at Berkeley-Haas School of Business<\/a><\/li>\n<li><a href=\"https:\/\/asoc-fulbright.es\/www.whartonspain.es\" data-saferedirecturl=\"https:\/\/www.google.com\/url?q=https:\/\/asoc-fulbright.es\/www.whartonspain.es&amp;source=gmail&amp;ust=1604162922350000&amp;usg=AFQjCNFJWV1db102ojSEjXaTzRM-sOaN0w\">Wharton Club<\/a><\/li>\n<\/ul>\n<p>Los miembros del RCE son las asociaciones de antiguos alumnos, no \u00e9stos a t\u00edtulo personal. Por lo tanto:<\/p>\n<ul>\n<li>Si eres un antiguo alumno de alguna de las instituciones mencionadas abajo y quieres participar y recibir aviso de las actividades que se organizan, deber\u00e1s contactar con el presidente de tu asociaci\u00f3n de antiguos alumnos en Espa\u00f1a, para que te incluya en la lista de distribuci\u00f3n de emails correspondiente.<\/li>\n<li>En caso de que tu asociaci\u00f3n de antiguos alumnos est\u00e9 incluida abajo pero no puedas encontrar modo de contactar con el Presidente, nos puedes mandar un email a info@ryderclubspain.com y con gusto te pondremos en contacto con \u00e9l o ella.<\/li>\n<li>Si tu asociaci\u00f3n de antiguos alumnos no est\u00e1 en la lista, perm\u00edtenos que te sugiramos que te pongas en contacto con la oficina de antiguos alumnos de tu Alma Mater para averiguar si ya existe un grupo de antiguos alumnos en Espa\u00f1a. Si as\u00ed fuera, Un Comit\u00e9 del RCE estudiar\u00eda la posibilidad de incluir tu Asociaci\u00f3n de Antiguos Alumnos en el RCE. Si, por el contrario, tu Alma Mater te informa de que no hay ninguna Asociaci\u00f3n de Antiguos Alumnos en Espa\u00f1a, te animamos a que la crees; te podemos poner en contacto con otras personas que tambi\u00e9n han pasado por el mismo proceso de creaci\u00f3n de asociaci\u00f3n hace poco.<\/li>\n<\/ul>\n<p>It is important to underline that it is the alumni clubs who constitute the members of the&nbsp;Ryder Club, not the alumni themselves on a personal level. Therefore:<\/p>\n<ul>\n<li>If you are an alumnus or alumna of any of the below mentioned institutions and you want to receive the invitations to the activities and participate in them, you will have to contact the president of your alumni club in Spain, to request your inclusion in the corresponding email list.<\/li>\n<li>In case your alumni club is listed but you can\u2019t find a contact person, you can send an email to info@ryderclubspain.com and we will gladly put you in contact with your club\u2019s president.<\/li>\n<li>If your alumni club is not on the list, please, let us suggest that you get in touch with your alumni office back at your alma mater to find out if there is already an organized group of alumni in Spain. If it already exists, a committee within RCE would study the possibility of including your association in the RCE. On the contrary, if your university informs there is no organized group, we encourage you to create it. We can put you in contact with other people who have also been through the same process of creating an association not long ago and can give you some guidance on the process.<\/li>\n<\/ul>\n<\/div>\n","protected":false},"excerpt":{"rendered":"<p>El Ryder Club de Espa\u00f1a (RCE) es una meta-asociaci\u00f3n que engloba a diversas asociaciones de ex-alumnos de universidades internacionales de prestigio, sobre todo de Estados Unidos y Europa.&nbsp; El 1 de abril de 2009 se constituy\u00f3 legalmente como asociaci\u00f3n. Fruto de esta colaboraci\u00f3n, los asociados de cada asociaci\u00f3n miembro reciben invitaciones a actividades organizadas por [&hellip;]<\/p>\n","protected":false},"author":1,"featured_media":0,"parent":0,"menu_order":9,"comment_status":"open","ping_status":"closed","template":"","meta":{"ngg_post_thumbnail":0,"footnotes":""},"class_list":["post-1164","page","type-page","status-publish","hentry"],"_links":{"self":[{"href":"https:\/\/asoc-fulbright.es\/index.php?rest_route=\/wp\/v2\/pages\/1164","targetHints":{"allow":["GET"]}}],"collection":[{"href":"https:\/\/asoc-fulbright.es\/index.php?rest_route=\/wp\/v2\/pages"}],"about":[{"href":"https:\/\/asoc-fulbright.es\/index.php?rest_route=\/wp\/v2\/types\/page"}],"author":[{"embeddable":true,"href":"https:\/\/asoc-fulbright.es\/index.php?rest_route=\/wp\/v2\/users\/1"}],"replies":[{"embeddable":true,"href":"https:\/\/asoc-fulbright.es\/index.php?rest_route=%2Fwp%2Fv2%2Fcomments&post=1164"}],"version-history":[{"count":39,"href":"https:\/\/asoc-fulbright.es\/index.php?rest_route=\/wp\/v2\/pages\/1164\/revisions"}],"predecessor-version":[{"id":5986,"href":"https:\/\/asoc-fulbright.es\/index.php?rest_route=\/wp\/v2\/pages\/1164\/revisions\/5986"}],"wp:attachment":[{"href":"https:\/\/asoc-fulbright.es\/index.php?rest_route=%2Fwp%2Fv2%2Fmedia&parent=1164"}],"curies":[{"name":"wp","href":"https:\/\/api.w.org\/{rel}","templated":true}]}}