{"id":115,"date":"2009-01-13T18:17:26","date_gmt":"2009-01-13T17:17:26","guid":{"rendered":"http:\/\/beta.asoc-fulbright.es\/?page_id=115"},"modified":"2012-09-23T21:02:12","modified_gmt":"2012-09-23T20:02:12","slug":"cawa-comision-de-actualizacion-del-web-de-la-asociacion","status":"publish","type":"page","link":"https:\/\/asoc-fulbright.es\/?page_id=115","title":{"rendered":"Web De la Asociaci\u00f3n"},"content":{"rendered":"<div class=\"plain\">\n<h2>Objetivos<\/h2>\n<p>El objetivo del CAWA consiste en realizar mejoras y actualizaciones en la p\u00e1gina web de la Asociaci\u00f3n.<\/p>\n<h2>Integrantes<\/h2>\n<ul>\n<li>Antonio Fernandez Anta<\/li>\n<li>Mario Tafalla<\/li>\n<li>Juan Diaz-Andreu<\/li>\n<li><span class=\"link-external\"><a href=\"http:\/\/gsyc.es\/~agutierr\">Antonio Guti\u00e9rrez Mayoral<\/a><\/span><\/li>\n<li>Olga Gil<\/li>\n<\/ul>\n<h2>Contacto<\/h2>\n<p>Para ponerte en contacto con el CAWA puedes escribir a esta direcci\u00f3n: <span class=\"link-mailto\"><a href=\"mailto: cawafulbright at googlegroups dot com\">cawafulbright at googlegroups dot com<\/a> .<\/span><\/p>\n<\/div>\n","protected":false},"excerpt":{"rendered":"<p>Objetivos El objetivo del CAWA consiste en realizar mejoras y actualizaciones en la p\u00e1gina web de la Asociaci\u00f3n. Integrantes Antonio Fernandez Anta Mario Tafalla Juan Diaz-Andreu Antonio Guti\u00e9rrez Mayoral Olga Gil Contacto Para ponerte en contacto con el CAWA puedes escribir a esta direcci\u00f3n: cawafulbright at googlegroups dot com .<\/p>\n","protected":false},"author":1,"featured_media":0,"parent":100,"menu_order":0,"comment_status":"open","ping_status":"open","template":"","meta":{"ngg_post_thumbnail":0,"footnotes":""},"class_list":["post-115","page","type-page","status-publish","hentry"],"_links":{"self":[{"href":"https:\/\/asoc-fulbright.es\/index.php?rest_route=\/wp\/v2\/pages\/115","targetHints":{"allow":["GET"]}}],"collection":[{"href":"https:\/\/asoc-fulbright.es\/index.php?rest_route=\/wp\/v2\/pages"}],"about":[{"href":"https:\/\/asoc-fulbright.es\/index.php?rest_route=\/wp\/v2\/types\/page"}],"author":[{"embeddable":true,"href":"https:\/\/asoc-fulbright.es\/index.php?rest_route=\/wp\/v2\/users\/1"}],"replies":[{"embeddable":true,"href":"https:\/\/asoc-fulbright.es\/index.php?rest_route=%2Fwp%2Fv2%2Fcomments&post=115"}],"version-history":[{"count":9,"href":"https:\/\/asoc-fulbright.es\/index.php?rest_route=\/wp\/v2\/pages\/115\/revisions"}],"predecessor-version":[{"id":2436,"href":"https:\/\/asoc-fulbright.es\/index.php?rest_route=\/wp\/v2\/pages\/115\/revisions\/2436"}],"up":[{"embeddable":true,"href":"https:\/\/asoc-fulbright.es\/index.php?rest_route=\/wp\/v2\/pages\/100"}],"wp:attachment":[{"href":"https:\/\/asoc-fulbright.es\/index.php?rest_route=%2Fwp%2Fv2%2Fmedia&parent=115"}],"curies":[{"name":"wp","href":"https:\/\/api.w.org\/{rel}","templated":true}]}}