{"id":113,"date":"2009-01-13T18:16:45","date_gmt":"2009-01-13T17:16:45","guid":{"rendered":"http:\/\/beta.asoc-fulbright.es\/?page_id=113"},"modified":"2012-09-23T21:02:58","modified_gmt":"2012-09-23T20:02:58","slug":"cobe-comision-de-beca","status":"publish","type":"page","link":"https:\/\/asoc-fulbright.es\/?page_id=113","title":{"rendered":"Beca de la Asociaci\u00f3n"},"content":{"rendered":"<div class=\"plain\">\n<h2>Objetivos:<\/h2>\n<p>El objetivo del COBE es el de gestionar las tareas necesarias para la adjudicaci\u00f3n de la beca de la Asociaci\u00f3n<\/p>\n<h2>Integrantes:<\/h2>\n<ul>\n<li>Jose Manuel Pardo<\/li>\n<li>Agustin Guimer\u00e1<\/li>\n<li>Maria Novillo<\/li>\n<li>Antonio Escobar<\/li>\n<li>Lorenzo Rodriguez.<\/li>\n<li>Estrella Rausell<\/li>\n<li>Rosal\u00eda Pareja<\/li>\n<li>Andr\u00e9s Barrera<\/li>\n<li>Juan Santal\u00f3<\/li>\n<li>Miguel Guitart<\/li>\n<\/ul>\n<h2>Contacto:<\/h2>\n<p>Para contactar con el COBE puedes escribir a la siguiente direcci\u00f3n: <span class=\"link-mailto\"><a href=\"mailto: cobefulbright at googlegroups dot com\">cobefulbright at googlegroups dot com<\/a> .<\/span><\/p>\n<h2><strong>Memoria Junio 2008-Junio 2009<\/strong><\/h2>\n<p>Durante este a\u00f1o, desde el Comit\u00e9 de Beca se han seguido potenciando las actividades dirigidas a la consecuci\u00f3n de fondos para financiar la Beca. Especial importancia<br \/>\nhan tenido el Patrocinio Personal que ha aumentando considerablemente en relaci\u00f3n con el a\u00f1o anterior contando con dos nuevos patrocinadores Oro y varios Plata. Adem\u00e1s se ha seguido con la operaci\u00f3n Cava y operaci\u00f3n Vino reci\u00e9n terminada, que han servido tambi\u00e9n para conseguir fondos para la beca.<\/p>\n<p style=\"margin-left: 0pt; margin-right: 0pt; font-family: Verdana;\">En el futuro se prev\u00e9 aumentar los contactos para conseguir Patrocinadores Institucionales a la Beca.<\/p>\n<p>En el ejercicio 2008-2009 se ha convocado una nueva beca (nuestra cuarta beca) y se ha hecho la correspondiente recogida de candidaturas y selecci\u00f3n de candidatos. Hubo unas 12 solicitudes de personas con un alto nivel cient\u00edfico. El candidato elegido ha sido D. Rodrigo Martin Monedero. Rodrigo Mart\u00ednez Monedero es Licenciado en Medicina y Cirug\u00eda por la Universidad de Valladolid y Doctor en Medicina por la Universidad Aut\u00f3noma de Madrid. Es M\u00e9dico Adjunto de Otorrinolaringolog\u00eda del Hospital Universitario Puerta de Hierro de Madrid e Investigador del Departamento de Cirug\u00eda en la Facultad de Medicina de la UAM, habiendo anteriormente sido Research Fellow en la Universidad de Harvard. Desarrollar\u00e1 su labor en el John Hopkins Hospital de la Universidad de John Hopkins en Baltimore. El cinco de Mayo de 2009, contamos con Rodrigo Mart\u00ednez Monedero para hablarnos sobre \u201cl\u00edneas de investigaci\u00f3n en el tratamiento de la sordera neurosensorial\u201d, en las que profundizar\u00e1 en USA. Nos dijo que la sordera neurosensorial, es una de las discapacidades m\u00e1s frecuentes y que su incidencia crece a la vez que la esperanza de vida y la exposici\u00f3n al ruido, tan propia de nuestras sociedades urbanas e industriales.<\/p>\n<p>Adem\u00e1s el 8 de Junio tuvimos una tertulia\/cena con nuestra becaria Sonsoles Valdivia, Doctora en Psicolog\u00eda, que despu\u00e9s de recibir nuestra beca, contin\u00faa su estancia en la State University of New York at Albany con otra beca del Ministerio, investigando sobre el origen de los sesgos cognitivos y la atenci\u00f3n selectiva en humanos. Sonsoles nos habl\u00f3 de manera informal de c\u00f3mo realizan sus experimentos y las conclusiones parciales a las que se ha llegado hasta el momento.<\/p>\n<\/div>\n","protected":false},"excerpt":{"rendered":"<p>Objetivos: El objetivo del COBE es el de gestionar las tareas necesarias para la adjudicaci\u00f3n de la beca de la Asociaci\u00f3n Integrantes: Jose Manuel Pardo Agustin Guimer\u00e1 Maria Novillo Antonio Escobar Lorenzo Rodriguez. Estrella Rausell Rosal\u00eda Pareja Andr\u00e9s Barrera Juan Santal\u00f3 Miguel Guitart Contacto: Para contactar con el COBE puedes escribir a la siguiente direcci\u00f3n: [&hellip;]<\/p>\n","protected":false},"author":1,"featured_media":0,"parent":100,"menu_order":0,"comment_status":"open","ping_status":"open","template":"","meta":{"ngg_post_thumbnail":0,"footnotes":""},"class_list":["post-113","page","type-page","status-publish","hentry"],"_links":{"self":[{"href":"https:\/\/asoc-fulbright.es\/index.php?rest_route=\/wp\/v2\/pages\/113","targetHints":{"allow":["GET"]}}],"collection":[{"href":"https:\/\/asoc-fulbright.es\/index.php?rest_route=\/wp\/v2\/pages"}],"about":[{"href":"https:\/\/asoc-fulbright.es\/index.php?rest_route=\/wp\/v2\/types\/page"}],"author":[{"embeddable":true,"href":"https:\/\/asoc-fulbright.es\/index.php?rest_route=\/wp\/v2\/users\/1"}],"replies":[{"embeddable":true,"href":"https:\/\/asoc-fulbright.es\/index.php?rest_route=%2Fwp%2Fv2%2Fcomments&post=113"}],"version-history":[{"count":8,"href":"https:\/\/asoc-fulbright.es\/index.php?rest_route=\/wp\/v2\/pages\/113\/revisions"}],"predecessor-version":[{"id":130,"href":"https:\/\/asoc-fulbright.es\/index.php?rest_route=\/wp\/v2\/pages\/113\/revisions\/130"}],"up":[{"embeddable":true,"href":"https:\/\/asoc-fulbright.es\/index.php?rest_route=\/wp\/v2\/pages\/100"}],"wp:attachment":[{"href":"https:\/\/asoc-fulbright.es\/index.php?rest_route=%2Fwp%2Fv2%2Fmedia&parent=113"}],"curies":[{"name":"wp","href":"https:\/\/api.w.org\/{rel}","templated":true}]}}