{"id":1076,"date":"2009-07-22T16:49:39","date_gmt":"2009-07-22T15:49:39","guid":{"rendered":"http:\/\/asoc-fulbright.es\/?page_id=1076"},"modified":"2009-07-22T16:52:22","modified_gmt":"2009-07-22T15:52:22","slug":"rss-en-asociacion-fulbright-es","status":"publish","type":"page","link":"https:\/\/asoc-fulbright.es\/?page_id=1076","title":{"rendered":"Canales RSS en Asoc-Fulbright.es"},"content":{"rendered":"<p><a href=\"http:\/\/asoc-fulbright.es\/wp-content\/uploads\/2009\/07\/logo_rss.gif\"><img loading=\"lazy\" decoding=\"async\" class=\"alignleft size-full wp-image-1077\" title=\"logo_rss\" src=\"http:\/\/asoc-fulbright.es\/wp-content\/uploads\/2009\/07\/logo_rss.gif\" alt=\"logo_rss\" width=\"54\" height=\"54\" \/><\/a><\/p>\n<p>RSS es un formato que permite suscribirse de una manera sencilla y gratuita a los contenidos de un sitio web. El sitio de la Asociaci\u00f3n Fulbright ofrece en formato RSS las noticias publicadas en la p\u00e1gina en este formato.<\/p>\n<p>S\u00f3lo tienes que seleccionar el contenido de aquellas secciones en las que est\u00e9s interesado.<\/p>\n","protected":false},"excerpt":{"rendered":"<p>RSS es un formato que permite suscribirse de una manera sencilla y gratuita a los contenidos de un sitio web. El sitio de la Asociaci\u00f3n Fulbright ofrece en formato RSS las noticias publicadas en la p\u00e1gina en este formato. S\u00f3lo tienes que seleccionar el contenido de aquellas secciones en las que est\u00e9s interesado.<\/p>\n","protected":false},"author":1,"featured_media":0,"parent":611,"menu_order":0,"comment_status":"open","ping_status":"open","template":"","meta":{"ngg_post_thumbnail":0,"footnotes":""},"class_list":["post-1076","page","type-page","status-publish","hentry"],"_links":{"self":[{"href":"https:\/\/asoc-fulbright.es\/index.php?rest_route=\/wp\/v2\/pages\/1076","targetHints":{"allow":["GET"]}}],"collection":[{"href":"https:\/\/asoc-fulbright.es\/index.php?rest_route=\/wp\/v2\/pages"}],"about":[{"href":"https:\/\/asoc-fulbright.es\/index.php?rest_route=\/wp\/v2\/types\/page"}],"author":[{"embeddable":true,"href":"https:\/\/asoc-fulbright.es\/index.php?rest_route=\/wp\/v2\/users\/1"}],"replies":[{"embeddable":true,"href":"https:\/\/asoc-fulbright.es\/index.php?rest_route=%2Fwp%2Fv2%2Fcomments&post=1076"}],"version-history":[{"count":6,"href":"https:\/\/asoc-fulbright.es\/index.php?rest_route=\/wp\/v2\/pages\/1076\/revisions"}],"predecessor-version":[{"id":1082,"href":"https:\/\/asoc-fulbright.es\/index.php?rest_route=\/wp\/v2\/pages\/1076\/revisions\/1082"}],"up":[{"embeddable":true,"href":"https:\/\/asoc-fulbright.es\/index.php?rest_route=\/wp\/v2\/pages\/611"}],"wp:attachment":[{"href":"https:\/\/asoc-fulbright.es\/index.php?rest_route=%2Fwp%2Fv2%2Fmedia&parent=1076"}],"curies":[{"name":"wp","href":"https:\/\/api.w.org\/{rel}","templated":true}]}}