{"id":106,"date":"2009-01-13T18:14:58","date_gmt":"2009-01-13T17:14:58","guid":{"rendered":"http:\/\/beta.asoc-fulbright.es\/?page_id=106"},"modified":"2012-09-23T21:06:17","modified_gmt":"2012-09-23T20:06:17","slug":"croa-comision-de-relaciones-con-otras-asociaciones","status":"publish","type":"page","link":"https:\/\/asoc-fulbright.es\/?page_id=106","title":{"rendered":"Relaciones con Otras Asociaciones"},"content":{"rendered":"<div class=\"plain\">\n<h2>Objetivos<\/h2>\n<p>El objetivo del CROA es gestionar las relaciones con otras Asociaciones<\/p>\n<p>Informaci\u00f3n sobre el <a href=\"http:\/\/asoc-fulbright.es\/?page_id=990\"><span class=\"link-external\">Ryder Club Spain.<\/span><\/a><\/p>\n<h2>Integrantes<\/h2>\n<ul>\n<li>Agustin Guimer\u00e1<\/li>\n<li>Andr\u00e9s Barrera<\/li>\n<li>Mariano Gomez<\/li>\n<li>Estrella Rausell<\/li>\n<li>Gil Carbajal<\/li>\n<li>Javier Navarro<\/li>\n<li>Juan D\u00edaz-Andreu<\/li>\n<li>Miguel Palacios<\/li>\n<li>Olga Gil<\/li>\n<li>Jos\u00e9 Pardo<\/li>\n<li>Lorenzo Rodriguez Durantez<\/li>\n<li>Angel Alvarez<\/li>\n<li>Marisol Bravo<\/li>\n<\/ul>\n<h2>Contacto<\/h2>\n<p>Para contactar con el CROA puedes escribir a la siguiente direcci\u00f3n: <span class=\"link-mailto\"><a href=\"mailto: croafulbright at googlegroups dot com\">croafulbright at googlegroups dot com<\/a> .<\/span><\/p>\n<\/div>\n","protected":false},"excerpt":{"rendered":"<p>Objetivos El objetivo del CROA es gestionar las relaciones con otras Asociaciones Informaci\u00f3n sobre el Ryder Club Spain. Integrantes Agustin Guimer\u00e1 Andr\u00e9s Barrera Mariano Gomez Estrella Rausell Gil Carbajal Javier Navarro Juan D\u00edaz-Andreu Miguel Palacios Olga Gil Jos\u00e9 Pardo Lorenzo Rodriguez Durantez Angel Alvarez Marisol Bravo Contacto Para contactar con el CROA puedes escribir a [&hellip;]<\/p>\n","protected":false},"author":1,"featured_media":0,"parent":100,"menu_order":0,"comment_status":"open","ping_status":"open","template":"","meta":{"ngg_post_thumbnail":0,"footnotes":""},"class_list":["post-106","page","type-page","status-publish","hentry"],"_links":{"self":[{"href":"https:\/\/asoc-fulbright.es\/index.php?rest_route=\/wp\/v2\/pages\/106","targetHints":{"allow":["GET"]}}],"collection":[{"href":"https:\/\/asoc-fulbright.es\/index.php?rest_route=\/wp\/v2\/pages"}],"about":[{"href":"https:\/\/asoc-fulbright.es\/index.php?rest_route=\/wp\/v2\/types\/page"}],"author":[{"embeddable":true,"href":"https:\/\/asoc-fulbright.es\/index.php?rest_route=\/wp\/v2\/users\/1"}],"replies":[{"embeddable":true,"href":"https:\/\/asoc-fulbright.es\/index.php?rest_route=%2Fwp%2Fv2%2Fcomments&post=106"}],"version-history":[{"count":10,"href":"https:\/\/asoc-fulbright.es\/index.php?rest_route=\/wp\/v2\/pages\/106\/revisions"}],"predecessor-version":[{"id":127,"href":"https:\/\/asoc-fulbright.es\/index.php?rest_route=\/wp\/v2\/pages\/106\/revisions\/127"}],"up":[{"embeddable":true,"href":"https:\/\/asoc-fulbright.es\/index.php?rest_route=\/wp\/v2\/pages\/100"}],"wp:attachment":[{"href":"https:\/\/asoc-fulbright.es\/index.php?rest_route=%2Fwp%2Fv2%2Fmedia&parent=106"}],"curies":[{"name":"wp","href":"https:\/\/api.w.org\/{rel}","templated":true}]}}