{"id":104,"date":"2009-01-13T18:14:04","date_gmt":"2009-01-13T17:14:04","guid":{"rendered":"http:\/\/beta.asoc-fulbright.es\/?page_id=104"},"modified":"2022-03-07T21:39:44","modified_gmt":"2022-03-07T20:39:44","slug":"cabe-comision-de-acogida-de-becarios-espanoles","status":"publish","type":"page","link":"https:\/\/asoc-fulbright.es\/?page_id=104","title":{"rendered":"Ayuda a Becarios"},"content":{"rendered":"<h6><span style=\"color: inherit; font-size: 1.95em; font-weight: 600;\">Comisi\u00f3n de Ayuda a Becarios (CABE)<\/span><\/h6>\n<div class=\"plain\">\n<p>Una de las actividades m\u00e1s importantes de nuestra asociaci\u00f3n es ayudar a los becarios Fulbright en su b\u00fasqueda de empleo y re-integraci\u00f3n profesional. \u00c9ste es el prop\u00f3sito espec\u00edfico de CABE y<a href=\"\/?page_id=878\"> \u00e9stos son recursos de los que puedes servirte<\/a>.<\/p>\n<p>Preparate para la vuelta, es m\u00e1s dura de lo que parece. Cuidado con el \u00abreverse cross-cultural shock\u00bb que se sufre al volver a una sociedad que uno encuentra distinta a como la recuerda. Los que colaboramos desinteresadamente en la Asociaci\u00f3n Fulbright haremos lo que est\u00e9 en nuestra mano.\u00a0 Esperamos que participes en nuestras actividades y, desde luego, te animamos a que te hagas socio. Para ello, env\u00eda el siguiente<a href=\"https:\/\/spreadsheets.google.com\/embeddedform?key=pL7z-ql-fmfgQZ-GNMfxdcg\"> formulario<\/a>. Desde el momento de tu alta, recibir\u00e1s regularmente informaci\u00f3n de pr\u00f3ximas actividades. La cuota de socio es de un euro el primer a\u00f1o, de modo que no hay excusas para no disfrutar de la ayuda desinteresada que ofrecemos!<\/p>\n<h2>Integrantes<\/h2>\n<ul>\n<li>Juan D\u00edaz-Andreu, Secretario<\/li>\n<li>Carlos \u00c1lvarez<\/li>\n<li>Santiago Ba\u00f1ales<\/li>\n<li>Pedro Callol<\/li>\n<li>Antonio Fern\u00e1ndez<\/li>\n<li>Carlos Garriga<\/li>\n<li>Olga Gil<\/li>\n<li>Pilar Gonzalo<\/li>\n<li>Lorena Martin<\/li>\n<li>Javier Navarro<\/li>\n<li>&#8211;<\/li>\n<li>Elvira Prado<\/li>\n<li>Beatriz Puente<\/li>\n<li>Eduardo Zapata<\/li>\n<\/ul>\n<h2>Contacto<\/h2>\n<p>Para contactar con el CABE puedes escribir a la siguiente direcci\u00f3n: <span class=\"link-mailto\"><a href=\"mailto: cabefulbright at googlegroups.com\">cabefulbright at googlegroups dot com<\/a><\/span><\/p>\n<h2>Informaci\u00f3n sobre becas y c\u00f3mo traerse cosas de Estados Unidos<\/h2>\n<h2>Te recomendamos seguirnos en <a href=\"https:\/\/twitter.com\/AsocFulbright\">Twitter<\/a>, adicionalmente puedes consultar aqu\u00ed.<\/h2>\n<h3>C\u00f3mo traerse cosas de los EEUU<\/h3>\n<p>(Los comentarios entre comillas est\u00e1n tomados de listas de noticias y de correo-e. Omitimos autores)<\/p>\n<ul>\n<li>Para enviar libros se puede usar un servicio de \u00absaca\u00bb que tiene el US Postal Service. Los libros y apuntes van en sacas de tela y cuesta algo m\u00e1s barato que otros sistemas. * Compa\u00f1\u00edas de trasporte:\n<ul>\n<li>Air-Red-Circle. 1-800-2097123 o el 1-888-9315210, fax. 1-514-9315210 \u00abDe las contactadas fue la m\u00e1s barata. Todo lleg\u00f3 a salvo, aunque mucho m\u00e1s tarde de lo que me hab\u00edan prometido.\u00bb<\/li>\n<li>International Student Services. 800 767 8509, 206 774 7968 (fax).<\/li>\n<li>Para enviar coche: All Shore Forwarders Ltd. &#8211; Mr Jason Chachich, 212 629 0791, (fax) 212 594 8678. \u00abMe costo alrededor de 800 d\u00f3lares desde Wilmington en Delaware hasta Valencia (y 200 d\u00f3lares de seguro, creo) por mandar un Honda Civic Si\u00bb(en 1994, que conste).<\/li>\n<\/ul>\n<\/li>\n<li><span class=\"link-external\"><a href=\"http:\/\/maja.dit.upm.es\/%7Eaalvarez\/shipping\/\">Info mantenida por \u00c1ngel \u00c1lvarez.<\/a><\/span><\/li>\n<li><a href=\"http:\/\/asoc-fulbright.es\/comisiones\/cabe\/coche.html\">C\u00f3mo traerse coches de EEUU, por Pablo Lanza<\/a><\/li>\n<li><a href=\"http:\/\/asoc-fulbright.es\/comisiones\/cabe\/mudanza-news.html\">Mensajes de la lista de noticias (news) soc.culture.spain<\/a><\/li>\n<\/ul>\n<p>La comunidad online <a href=\"http:\/\/www.club-mba.com\/\" target=\"_blank\" rel=\"noopener noreferrer\">Club MBA<\/a> tiene como objetivo ayudar, durante el proceso de solicitud, a personas que est\u00e9n considerando hacer programas de posgrado (con especial atenci\u00f3n a los programas MBA) , y promover que los j\u00f3venes espa\u00f1oles salgan al extranjero a complementar sus estudios o a ampliar su experiencia profesional.<\/p>\n<p>Es tambi\u00e9n un espacio para, entre otras cosas, intercambiar puntos de vista sobre carreras profesionales, oportunidades de empleo, y un lugar donde desarrollar la red profesional.<\/p>\n<h2>Informaci\u00f3n para los que quieren ir a estudiar a los EEUU<\/h2>\n<p><span class=\"link-external\"><a href=\"http:\/\/www.cs.berkeley.edu\/%7Echema\/becas\/\">Info mantenida por Jos\u00e9 Mar\u00eda Gonz\u00e1lez<\/a><\/span><\/p>\n<h2>Informaci\u00f3n de inter\u00e9s:<\/h2>\n<p>Art\u00edculo sobre el talento publicado en \u00abThe Economist\u00bb en Octubre 2006: <a href=\"http:\/\/asoc-fulbright.es\/wp-content\/uploads\/2009\/01\/brain_power_economist.pdf\">The Battle for brainpower<\/a><\/p>\n<p><a href=\"http:\/\/asoc-fulbright.es\/wp-content\/uploads\/2009\/01\/opor_carrera_prof_org_inter.pdf\">Oportunidades de Carrera Profesional en Organismos Internacionales<\/a><\/p>\n<p><a href=\"http:\/\/asoc-fulbright.es\/wp-content\/uploads\/2009\/01\/lazos_transatlanticos.pdf\">Cincuenta a\u00f1os de lazos transatl\u00e1nticos (I)<\/a> (y <a href=\"http:\/\/asoc-fulbright.es\/wp-content\/uploads\/2009\/01\/lazos_transatlanticos2.pdf\">Cincuenta a\u00f1os de lazos transatl\u00e1nticos (II)<\/a>)<\/p>\n<p><a href=\"http:\/\/asoc-fulbright.es\/wp-content\/uploads\/2009\/01\/mi_vida_como_un_fulbright.pdf\">Mi vida como un Fulbright<\/a><\/p>\n<p><a href=\"http:\/\/asoc-fulbright.es\/wp-content\/uploads\/2009\/01\/un_vivero_de_lideres.pdf\">Un vivero de l\u00edderes<\/a><\/p>\n<p><a href=\"http:\/\/asoc-fulbright.es\/wp-content\/uploads\/2009\/01\/trabajas_mucho_y_bajo_presion.pdf\">\u00bfTrabajas mucho y bajo presi\u00f3n?<\/a><\/p>\n<\/div>\n","protected":false},"excerpt":{"rendered":"<p>Comisi\u00f3n de Ayuda a Becarios (CABE) Una de las actividades m\u00e1s importantes de nuestra asociaci\u00f3n es ayudar a los becarios Fulbright en su b\u00fasqueda de empleo y re-integraci\u00f3n profesional. \u00c9ste es el prop\u00f3sito espec\u00edfico de CABE y \u00e9stos son recursos de los que puedes servirte. Preparate para la vuelta, es m\u00e1s dura de lo que [&hellip;]<\/p>\n","protected":false},"author":1,"featured_media":0,"parent":0,"menu_order":4,"comment_status":"open","ping_status":"closed","template":"","meta":{"ngg_post_thumbnail":0,"footnotes":""},"class_list":["post-104","page","type-page","status-publish","hentry"],"_links":{"self":[{"href":"https:\/\/asoc-fulbright.es\/index.php?rest_route=\/wp\/v2\/pages\/104","targetHints":{"allow":["GET"]}}],"collection":[{"href":"https:\/\/asoc-fulbright.es\/index.php?rest_route=\/wp\/v2\/pages"}],"about":[{"href":"https:\/\/asoc-fulbright.es\/index.php?rest_route=\/wp\/v2\/types\/page"}],"author":[{"embeddable":true,"href":"https:\/\/asoc-fulbright.es\/index.php?rest_route=\/wp\/v2\/users\/1"}],"replies":[{"embeddable":true,"href":"https:\/\/asoc-fulbright.es\/index.php?rest_route=%2Fwp%2Fv2%2Fcomments&post=104"}],"version-history":[{"count":46,"href":"https:\/\/asoc-fulbright.es\/index.php?rest_route=\/wp\/v2\/pages\/104\/revisions"}],"predecessor-version":[{"id":5078,"href":"https:\/\/asoc-fulbright.es\/index.php?rest_route=\/wp\/v2\/pages\/104\/revisions\/5078"}],"wp:attachment":[{"href":"https:\/\/asoc-fulbright.es\/index.php?rest_route=%2Fwp%2Fv2%2Fmedia&parent=104"}],"curies":[{"name":"wp","href":"https:\/\/api.w.org\/{rel}","templated":true}]}}