{"id":1023,"date":"2009-06-30T08:34:59","date_gmt":"2009-06-30T07:34:59","guid":{"rendered":"http:\/\/asoc-fulbright.es\/?page_id=1023"},"modified":"2009-06-30T08:34:59","modified_gmt":"2009-06-30T07:34:59","slug":"beca-adjudicada-a-d-antonio-jimeno-largo","status":"publish","type":"page","link":"https:\/\/asoc-fulbright.es\/?page_id=1023","title":{"rendered":"Beca adjudicada a D. Antonio Jimeno Largo"},"content":{"rendered":"<div id=\"attachment_1024\" style=\"width: 213px\" class=\"wp-caption alignleft\"><a href=\"http:\/\/asoc-fulbright.es\/wp-content\/uploads\/2009\/06\/fotografia_becario04.jpg\"><img loading=\"lazy\" decoding=\"async\" aria-describedby=\"caption-attachment-1024\" class=\"size-medium wp-image-1024\" src=\"http:\/\/asoc-fulbright.es\/wp-content\/uploads\/2009\/06\/fotografia_becario04-203x300.jpg\" alt=\"Antonio Jimeno Largo\" width=\"203\" height=\"300\" srcset=\"https:\/\/asoc-fulbright.es\/wp-content\/uploads\/2009\/06\/fotografia_becario04-203x300.jpg 203w, https:\/\/asoc-fulbright.es\/wp-content\/uploads\/2009\/06\/fotografia_becario04-696x1024.jpg 696w, https:\/\/asoc-fulbright.es\/wp-content\/uploads\/2009\/06\/fotografia_becario04.jpg 989w\" sizes=\"auto, (max-width: 203px) 100vw, 203px\" \/><\/a><p id=\"caption-attachment-1024\" class=\"wp-caption-text\">Antonio Jimeno Largo<\/p><\/div>\n<p>La primera beca de la Asociaci\u00f3n ha sido concedida a D. Antonio Jimeno Largo, m\u00e9dico onc\u00f3logo, que va a desarrollar su trabajo de investigaci\u00f3n en la Johns Hopkins University durante 2004-2005. El proceso de selecci\u00f3n fue dif\u00edcil pues se presentaron candidatos de gran val\u00eda. Para m\u00e1s informaci\u00f3n sobre el candidato y su proyecto, ver la siguiente informaci\u00f3n:<\/p>\n<ul>\n<li><a href=\"http:\/\/asoc-fulbright.es\/wp-content\/uploads\/2009\/06\/proyecto_becario04.pdf\">Resumen del Proyecto a desarrollar<\/a><\/li>\n<li><a href=\"http:\/\/asoc-fulbright.es\/wp-content\/uploads\/2009\/06\/curriculum_becario04.pdf\">Curriculum de D. Antonio Jimeno Largo<\/a><\/li>\n<\/ul>\n","protected":false},"excerpt":{"rendered":"<p>La primera beca de la Asociaci\u00f3n ha sido concedida a D. Antonio Jimeno Largo, m\u00e9dico onc\u00f3logo, que va a desarrollar su trabajo de investigaci\u00f3n en la Johns Hopkins University durante 2004-2005. El proceso de selecci\u00f3n fue dif\u00edcil pues se presentaron candidatos de gran val\u00eda. Para m\u00e1s informaci\u00f3n sobre el candidato y su proyecto, ver la [&hellip;]<\/p>\n","protected":false},"author":1,"featured_media":0,"parent":316,"menu_order":0,"comment_status":"open","ping_status":"open","template":"","meta":{"ngg_post_thumbnail":0,"footnotes":""},"class_list":["post-1023","page","type-page","status-publish","hentry"],"_links":{"self":[{"href":"https:\/\/asoc-fulbright.es\/index.php?rest_route=\/wp\/v2\/pages\/1023","targetHints":{"allow":["GET"]}}],"collection":[{"href":"https:\/\/asoc-fulbright.es\/index.php?rest_route=\/wp\/v2\/pages"}],"about":[{"href":"https:\/\/asoc-fulbright.es\/index.php?rest_route=\/wp\/v2\/types\/page"}],"author":[{"embeddable":true,"href":"https:\/\/asoc-fulbright.es\/index.php?rest_route=\/wp\/v2\/users\/1"}],"replies":[{"embeddable":true,"href":"https:\/\/asoc-fulbright.es\/index.php?rest_route=%2Fwp%2Fv2%2Fcomments&post=1023"}],"version-history":[{"count":2,"href":"https:\/\/asoc-fulbright.es\/index.php?rest_route=\/wp\/v2\/pages\/1023\/revisions"}],"predecessor-version":[{"id":1028,"href":"https:\/\/asoc-fulbright.es\/index.php?rest_route=\/wp\/v2\/pages\/1023\/revisions\/1028"}],"up":[{"embeddable":true,"href":"https:\/\/asoc-fulbright.es\/index.php?rest_route=\/wp\/v2\/pages\/316"}],"wp:attachment":[{"href":"https:\/\/asoc-fulbright.es\/index.php?rest_route=%2Fwp%2Fv2%2Fmedia&parent=1023"}],"curies":[{"name":"wp","href":"https:\/\/api.w.org\/{rel}","templated":true}]}}