{"id":1012,"date":"2009-06-30T08:27:27","date_gmt":"2009-06-30T07:27:27","guid":{"rendered":"http:\/\/asoc-fulbright.es\/?page_id=1012"},"modified":"2009-06-30T08:27:27","modified_gmt":"2009-06-30T07:27:27","slug":"beca-adjudicada-a-dr-sergi-elizalde","status":"publish","type":"page","link":"https:\/\/asoc-fulbright.es\/?page_id=1012","title":{"rendered":"Beca adjudicada a Dr. Sergi Elizalde"},"content":{"rendered":"<div id=\"attachment_1015\" style=\"width: 310px\" class=\"wp-caption alignleft\"><a href=\"http:\/\/asoc-fulbright.es\/wp-content\/uploads\/2009\/06\/fotografia_becario06.jpg\"><img loading=\"lazy\" decoding=\"async\" aria-describedby=\"caption-attachment-1015\" class=\"size-medium wp-image-1015\" title=\"fotografia_becario06\" src=\"http:\/\/asoc-fulbright.es\/wp-content\/uploads\/2009\/06\/fotografia_becario06-300x225.jpg\" alt=\"Dr. Sergi Elizalde\" width=\"300\" height=\"225\" srcset=\"https:\/\/asoc-fulbright.es\/wp-content\/uploads\/2009\/06\/fotografia_becario06-300x225.jpg 300w, https:\/\/asoc-fulbright.es\/wp-content\/uploads\/2009\/06\/fotografia_becario06.jpg 320w\" sizes=\"auto, (max-width: 300px) 100vw, 300px\" \/><\/a><p id=\"caption-attachment-1015\" class=\"wp-caption-text\">Dr. Sergi Elizalde<\/p><\/div>\n<p>En la III Convocatoria de Beca de la Asociaci\u00f3n,  despu\u00e9s de una  competici\u00f3n muy ajustada por la existencia de excelentes candidatos, la Asociaci\u00f3n tiene el honor de  presentar al candidato seleccionado el Dr. Sergi Elizalde. El Dr Sergi Elizalde desarrollar\u00e1 su trabajo de investigaci\u00f3n en Darmouth College, Hanover,  NH bajo la supervisi\u00f3n del Profesor Peter Winkler. Su trabajo de investigaci\u00f3n versar\u00e1 sobre la  aplicaci\u00f3n de m\u00e9todos combinatorios a problemas de biolog\u00eda computacional y se realizar\u00e1 desde Marzo hasta Diciembre de 2006).  M\u00e1s informaci\u00f3n sobre el candidato y su proyecto:<\/p>\n<ul>\n<li><a href=\"http:\/\/asoc-fulbright.es\/wp-content\/uploads\/2009\/06\/proyecto_becario06.pdf\">Resumen Del Proyecto a desarrollar<\/a><\/li>\n<li><a href=\"http:\/\/asoc-fulbright.es\/wp-content\/uploads\/2009\/06\/curriculum_becario06.pdf\">Curriculum de Dr. Sergi Elizalde<\/a><\/li>\n<\/ul>\n","protected":false},"excerpt":{"rendered":"<p>En la III Convocatoria de Beca de la Asociaci\u00f3n, despu\u00e9s de una competici\u00f3n muy ajustada por la existencia de excelentes candidatos, la Asociaci\u00f3n tiene el honor de presentar al candidato seleccionado el Dr. Sergi Elizalde. El Dr Sergi Elizalde desarrollar\u00e1 su trabajo de investigaci\u00f3n en Darmouth College, Hanover, NH bajo la supervisi\u00f3n del Profesor Peter [&hellip;]<\/p>\n","protected":false},"author":1,"featured_media":0,"parent":316,"menu_order":0,"comment_status":"open","ping_status":"open","template":"","meta":{"ngg_post_thumbnail":0,"footnotes":""},"class_list":["post-1012","page","type-page","status-publish","hentry"],"_links":{"self":[{"href":"https:\/\/asoc-fulbright.es\/index.php?rest_route=\/wp\/v2\/pages\/1012","targetHints":{"allow":["GET"]}}],"collection":[{"href":"https:\/\/asoc-fulbright.es\/index.php?rest_route=\/wp\/v2\/pages"}],"about":[{"href":"https:\/\/asoc-fulbright.es\/index.php?rest_route=\/wp\/v2\/types\/page"}],"author":[{"embeddable":true,"href":"https:\/\/asoc-fulbright.es\/index.php?rest_route=\/wp\/v2\/users\/1"}],"replies":[{"embeddable":true,"href":"https:\/\/asoc-fulbright.es\/index.php?rest_route=%2Fwp%2Fv2%2Fcomments&post=1012"}],"version-history":[{"count":2,"href":"https:\/\/asoc-fulbright.es\/index.php?rest_route=\/wp\/v2\/pages\/1012\/revisions"}],"predecessor-version":[{"id":1017,"href":"https:\/\/asoc-fulbright.es\/index.php?rest_route=\/wp\/v2\/pages\/1012\/revisions\/1017"}],"up":[{"embeddable":true,"href":"https:\/\/asoc-fulbright.es\/index.php?rest_route=\/wp\/v2\/pages\/316"}],"wp:attachment":[{"href":"https:\/\/asoc-fulbright.es\/index.php?rest_route=%2Fwp%2Fv2%2Fmedia&parent=1012"}],"curies":[{"name":"wp","href":"https:\/\/api.w.org\/{rel}","templated":true}]}}