{"id":1006,"date":"2009-06-30T08:23:26","date_gmt":"2009-06-30T07:23:26","guid":{"rendered":"http:\/\/asoc-fulbright.es\/?page_id=1006"},"modified":"2009-06-30T08:23:26","modified_gmt":"2009-06-30T07:23:26","slug":"beca-adjudicada-a-dra-sonsoles-valdivia-salas","status":"publish","type":"page","link":"https:\/\/asoc-fulbright.es\/?page_id=1006","title":{"rendered":"Beca adjudicada a Dra Sonsoles Valdivia Salas"},"content":{"rendered":"<div id=\"attachment_1009\" style=\"width: 210px\" class=\"wp-caption alignleft\"><a href=\"http:\/\/asoc-fulbright.es\/wp-content\/uploads\/2009\/06\/fotografia_becario07.jpg\"><img loading=\"lazy\" decoding=\"async\" aria-describedby=\"caption-attachment-1009\" class=\"size-medium wp-image-1009\" title=\"fotografia_becario07\" src=\"http:\/\/asoc-fulbright.es\/wp-content\/uploads\/2009\/06\/fotografia_becario07-200x300.jpg\" alt=\"Sonsoles Valdivia Salas\" width=\"200\" height=\"300\" srcset=\"https:\/\/asoc-fulbright.es\/wp-content\/uploads\/2009\/06\/fotografia_becario07-200x300.jpg 200w, https:\/\/asoc-fulbright.es\/wp-content\/uploads\/2009\/06\/fotografia_becario07.jpg 502w\" sizes=\"auto, (max-width: 200px) 100vw, 200px\" \/><\/a><p id=\"caption-attachment-1009\" class=\"wp-caption-text\">Sonsoles Valdivia Salas<\/p><\/div>\n<p>En la IV Convocatoria de Beca de la Asociaci\u00f3n, la concurrencia habitual de extraordinarios candidatos hizo muy dif\u00edcil la decisi\u00f3n. Finalmente la Asociaci\u00f3n tiene el honor de presentar a la candidata seleccionada la Dra. Sonsoles Valdivia Salas. La Dra Valdivia desarrollar\u00e1 su trabajo titulado \u00abAn\u00e1lisis experimental de las condiciones que determinan el surgimiento y cronificaci\u00f3n de los sesgos cognitivos: implicaci\u00f3n del aprendizaje relacional y la transformaci\u00f3n de funciones\u00bb desde Noviembre de 2007 hasta Mayo de 2008 en la State University of New York, at Albany, New York, bajo la supervisi\u00f3n del Profesor John P. Forsyth. M\u00e1s informaci\u00f3n sobre el candidato y su proyecto:<\/p>\n<ul>\n<li><a href=\"http:\/\/asoc-fulbright.es\/wp-content\/uploads\/2009\/06\/proyecto_becario07.pdf\">Resumen del Proyecto a Desarrollar<\/a><\/li>\n<li><a href=\"http:\/\/asoc-fulbright.es\/wp-content\/uploads\/2009\/06\/curriculum_becario07.pdf\">Curr\u00edculum de la Dra Sonsoles Valdivia Salas<\/a><\/li>\n<\/ul>\n","protected":false},"excerpt":{"rendered":"<p>En la IV Convocatoria de Beca de la Asociaci\u00f3n, la concurrencia habitual de extraordinarios candidatos hizo muy dif\u00edcil la decisi\u00f3n. Finalmente la Asociaci\u00f3n tiene el honor de presentar a la candidata seleccionada la Dra. Sonsoles Valdivia Salas. La Dra Valdivia desarrollar\u00e1 su trabajo titulado \u00abAn\u00e1lisis experimental de las condiciones que determinan el surgimiento y cronificaci\u00f3n [&hellip;]<\/p>\n","protected":false},"author":1,"featured_media":0,"parent":316,"menu_order":0,"comment_status":"open","ping_status":"open","template":"","meta":{"ngg_post_thumbnail":0,"footnotes":""},"class_list":["post-1006","page","type-page","status-publish","hentry"],"_links":{"self":[{"href":"https:\/\/asoc-fulbright.es\/index.php?rest_route=\/wp\/v2\/pages\/1006","targetHints":{"allow":["GET"]}}],"collection":[{"href":"https:\/\/asoc-fulbright.es\/index.php?rest_route=\/wp\/v2\/pages"}],"about":[{"href":"https:\/\/asoc-fulbright.es\/index.php?rest_route=\/wp\/v2\/types\/page"}],"author":[{"embeddable":true,"href":"https:\/\/asoc-fulbright.es\/index.php?rest_route=\/wp\/v2\/users\/1"}],"replies":[{"embeddable":true,"href":"https:\/\/asoc-fulbright.es\/index.php?rest_route=%2Fwp%2Fv2%2Fcomments&post=1006"}],"version-history":[{"count":1,"href":"https:\/\/asoc-fulbright.es\/index.php?rest_route=\/wp\/v2\/pages\/1006\/revisions"}],"predecessor-version":[{"id":1010,"href":"https:\/\/asoc-fulbright.es\/index.php?rest_route=\/wp\/v2\/pages\/1006\/revisions\/1010"}],"up":[{"embeddable":true,"href":"https:\/\/asoc-fulbright.es\/index.php?rest_route=\/wp\/v2\/pages\/316"}],"wp:attachment":[{"href":"https:\/\/asoc-fulbright.es\/index.php?rest_route=%2Fwp%2Fv2%2Fmedia&parent=1006"}],"curies":[{"name":"wp","href":"https:\/\/api.w.org\/{rel}","templated":true}]}}